{"id":9780,"date":"2025-11-20T13:20:10","date_gmt":"2025-11-20T18:20:10","guid":{"rendered":"https:\/\/juanagomezofficial.com\/?post_type=product&#038;p=9780"},"modified":"2026-03-10T16:29:29","modified_gmt":"2026-03-10T21:29:29","slug":"top-fonte-2","status":"publish","type":"product","link":"https:\/\/juanagomezofficial.com\/en\/product\/top-fonte-2\/","title":{"rendered":"Top Fonte"},"content":{"rendered":"<p><strong>\u2022ENV\u00cdO: 2 a 3 D\u00cdAS H\u00c1BILES<\/strong><\/p>\n<p>El Top Fonte adornado con flores tejidas a mano en t\u00e9cnica de crochet por artesanas colombianas, est\u00e1 tejido en una delicada mezcla de algod\u00f3n y modal con toques de hilo brillante plateado lo que lo hace suave, fresco y ligero, ideal para climas c\u00e1lidos o entretiempo. Cuenta con un elegante escote en V tanto en el delantero como en la espalda ,su base en malla abierta ha sido elaborada en m\u00e1quina de t\u00e9cnica manual, e incluye trenzas tejidas en el frente y en las mangas, que le aportan textura y detalle visual.<\/p>\n<p>\u2022Composici\u00f3n: 56% Cotton &#8211; 36% Modal &#8211; 8% Lurex<\/p>\n<p>\u2022Instrucciones de lavado: Lavar a mano, Prenda delicada, Almacenar doblado, no colgar.<\/p>\n<p>\u2022Garant\u00eda: 30 d\u00edas por defectos de fabricaci\u00f3n.<\/p>\n<p>\u2022El cliente tiene 2 d\u00edas h\u00e1biles despu\u00e9s de recibir el producto para notificar novedades en su compra y\/o para manifestar la intenci\u00f3n de cambio a Juana G\u00f3mez; el producto no debe presentar signos de uso aparente y debe conservar su embalaje original, el cliente deber\u00e1 correr con los gastos de env\u00edo. |en| <strong>Shipping: 3-6 working days<\/strong><\/p>\n<p>The Fonte Top is adorned with hand-crocheted flowers crafted by Colombian artisans. Made from a delicate blend of cotton and modal with subtle silver thread accents, it offers a soft, fresh, and lightweight feel \u2014 perfect for warm or transitional weather.<\/p>\n<p>It features an elegant V-neckline at both the front and back. Its open mesh base is crafted using a manual knitting machine, and includes handwoven braids along the front and sleeves, adding texture and visual detail.<\/p>\n<p>\u2022Washing instructions: Hand Wash, Delicate Garment, Store Folded, do not hang.<\/p>\n<p>\u2022Composition: 56% Cotton &#8211; 36% Modal &#8211; 8% Lurex<\/p>\n<p>\u2022Made by Colombian artisans.<\/p>\n<p>\u2022Warranty: 30 days for manufacturing defects.<\/p>\n<p>\u2022Returns: The customer has 2 business days after receiving the product to express the intention of exchange to Juana Gomez; the product must not show signs of apparent use and must retain its original packaging, the customer must bear the shipping costs.<\/p>","protected":false},"excerpt":{"rendered":"<p>El Top Fonte adornado con flores tejidas a mano en t\u00e9cnica de crochet por artesanas colombianas.<\/p>","protected":false},"featured_media":9920,"template":"","meta":[],"product_brand":[],"product_cat":[111,210,209,76,120],"product_tag":[],"class_list":{"0":"post-9780","1":"product","2":"type-product","3":"status-publish","4":"has-post-thumbnail","6":"product_cat-colecciones","7":"product_cat-manglar","8":"product_cat-new","9":"product_cat-sacos","10":"product_cat-tops","12":"first","13":"instock","14":"taxable","15":"shipping-taxable","16":"purchasable","17":"product-type-variable"},"_links":{"self":[{"href":"https:\/\/juanagomezofficial.com\/en\/wp-json\/wp\/v2\/product\/9780","targetHints":{"allow":["GET"]}}],"collection":[{"href":"https:\/\/juanagomezofficial.com\/en\/wp-json\/wp\/v2\/product"}],"about":[{"href":"https:\/\/juanagomezofficial.com\/en\/wp-json\/wp\/v2\/types\/product"}],"wp:featuredmedia":[{"embeddable":true,"href":"https:\/\/juanagomezofficial.com\/en\/wp-json\/wp\/v2\/media\/9920"}],"wp:attachment":[{"href":"https:\/\/juanagomezofficial.com\/en\/wp-json\/wp\/v2\/media?parent=9780"}],"wp:term":[{"taxonomy":"product_brand","embeddable":true,"href":"https:\/\/juanagomezofficial.com\/en\/wp-json\/wp\/v2\/product_brand?post=9780"},{"taxonomy":"product_cat","embeddable":true,"href":"https:\/\/juanagomezofficial.com\/en\/wp-json\/wp\/v2\/product_cat?post=9780"},{"taxonomy":"product_tag","embeddable":true,"href":"https:\/\/juanagomezofficial.com\/en\/wp-json\/wp\/v2\/product_tag?post=9780"}],"curies":[{"name":"wp","href":"https:\/\/api.w.org\/{rel}","templated":true}]}}