{"id":9768,"date":"2025-11-20T13:17:10","date_gmt":"2025-11-20T18:17:10","guid":{"rendered":"https:\/\/juanagomezofficial.com\/?post_type=product&#038;p=9768"},"modified":"2026-03-10T17:42:33","modified_gmt":"2026-03-10T22:42:33","slug":"short-fonte-2","status":"publish","type":"product","link":"https:\/\/juanagomezofficial.com\/en\/product\/short-fonte-2\/","title":{"rendered":"Short Fonte"},"content":{"rendered":"<p><strong>Env\u00edo: 2 a 3 d\u00edas h\u00e1biles<\/strong><\/p>\n<p>El Short Fonte est\u00e1 tejido con t\u00e9cnica de m\u00e1quina manual por artesanas colombianas, lo que le otorga un car\u00e1cter \u00fanico y artesanal.<br \/>\nTejido en una mezcla suave de algod\u00f3n y modal con toques de hilo brillante plateado, cuenta con una cintura el\u00e1stica que brinda comodidad y ajuste natural con ruedo enmallado,<br \/>\nUna prenda fresca, ligera y vers\u00e1til, perfecta para combinar con otras piezas de la colecci\u00f3n.<br \/>\n\u2022Material: 56% Cotton &#8211; 36% Modal &#8211; 8% Lurex<\/p>\n<p>\u2022Pa\u00eds de fabricaci\u00f3n: Colombia<\/p>\n<p>\u2022Cuidados:<\/p>\n<p>\u2022No blanqueador<\/p>\n<p>\u2022Planchar a temperatura baja-media (no mayor a 100\u00b0C) |en|<\/p>\n<p>The Fonte Shorts are crafted using a manual knitting machine by Colombian artisans, giving them a unique and artisanal character. Made from a soft cotton-modal blend with subtle silver thread accents, they feature an elastic waistband for natural comfort and fit, along with a delicate mesh hem. A fresh, lightweight, and versatile piece \u2014 perfect for pairing with other items from the collection.<\/p>\n<p>\u2022Material: 56% Cotton &#8211; 36% Modal &#8211; 8% Lurex<\/p>\n<p>\u2022Country of Manufacture: Colombia<\/p>\n<p>\u2022Care:<\/p>\n<p>\u2022No bleach<\/p>\n<p>\u2022Iron at low-medium temperature (no higher than 100 \u00b0C)<\/p>","protected":false},"excerpt":{"rendered":"<p>Una prenda fresca, ligera y vers\u00e1til, perfecta para combinar con otras piezas de la colecci\u00f3n.<\/p>","protected":false},"featured_media":9933,"template":"","meta":[],"product_brand":[],"product_cat":[210,220,111],"product_tag":[],"class_list":{"0":"post-9768","1":"product","2":"type-product","3":"status-publish","4":"has-post-thumbnail","6":"product_cat-manglar","7":"product_cat-shorts","8":"product_cat-colecciones","10":"first","11":"instock","12":"taxable","13":"shipping-taxable","14":"purchasable","15":"product-type-variable"},"_links":{"self":[{"href":"https:\/\/juanagomezofficial.com\/en\/wp-json\/wp\/v2\/product\/9768","targetHints":{"allow":["GET"]}}],"collection":[{"href":"https:\/\/juanagomezofficial.com\/en\/wp-json\/wp\/v2\/product"}],"about":[{"href":"https:\/\/juanagomezofficial.com\/en\/wp-json\/wp\/v2\/types\/product"}],"wp:featuredmedia":[{"embeddable":true,"href":"https:\/\/juanagomezofficial.com\/en\/wp-json\/wp\/v2\/media\/9933"}],"wp:attachment":[{"href":"https:\/\/juanagomezofficial.com\/en\/wp-json\/wp\/v2\/media?parent=9768"}],"wp:term":[{"taxonomy":"product_brand","embeddable":true,"href":"https:\/\/juanagomezofficial.com\/en\/wp-json\/wp\/v2\/product_brand?post=9768"},{"taxonomy":"product_cat","embeddable":true,"href":"https:\/\/juanagomezofficial.com\/en\/wp-json\/wp\/v2\/product_cat?post=9768"},{"taxonomy":"product_tag","embeddable":true,"href":"https:\/\/juanagomezofficial.com\/en\/wp-json\/wp\/v2\/product_tag?post=9768"}],"curies":[{"name":"wp","href":"https:\/\/api.w.org\/{rel}","templated":true}]}}