{"id":9739,"date":"2025-11-20T12:48:37","date_gmt":"2025-11-20T17:48:37","guid":{"rendered":"https:\/\/juanagomezofficial.com\/?post_type=product&#038;p=9739"},"modified":"2026-03-28T21:49:05","modified_gmt":"2026-03-29T02:49:05","slug":"maxi-poncho-origen","status":"publish","type":"product","link":"https:\/\/juanagomezofficial.com\/en\/product\/maxi-poncho-origen\/","title":{"rendered":"Maxi Poncho Origen"},"content":{"rendered":"<p><strong>\u2022ENV\u00cdO: 2 a 3 D\u00cdAS H\u00c1BILES<\/strong><\/p>\n<p>El Maxi Poncho Origen est\u00e1 elaborado en una mezcla de algod\u00f3n y modal, fibras naturales que lo hacen fresco, liviano y suave al tacto. Su dise\u00f1o incorpora sutiles toques de brillo que elevan la prenda con un acabado elegante.<br \/>\nCon una silueta amplia y fluida, con flecos hechos a mano en el ruedo que le aportan movimiento y un toque artesanal. Una colecci\u00f3n que rinde homenaje a las especies y la riqueza del ecosistema del manglar, conectando el dise\u00f1o con la naturaleza y la memoria de lo hecho a mano<\/p>\n<p>\u2022Composici\u00f3n: 56% Cotton &#8211; 36% Modal &#8211; 8% Lurex<\/p>\n<p>\u2022Medida Largo con Flecos: 125cm &#8211; Recuerda que el largo es modificable al cortar los flecos.<\/p>\n<p>\u2022Instrucciones de lavado: Lavar a mano, Prenda delicada, Almacenar doblado, no colgar.<\/p>\n<p>\u2022Garant\u00eda: 30 d\u00edas por defectos de fabricaci\u00f3n.<\/p>\n<p>\u2022El cliente tiene 2 d\u00edas h\u00e1biles despu\u00e9s de recibir el producto para notificar novedades en su compra y\/o para manifestar la intenci\u00f3n de cambio a Juana G\u00f3mez; el producto no debe presentar signos de uso aparente y debe conservar su embalaje original, el cliente deber\u00e1 correr con los gastos de env\u00edo. |en| <strong>Shipping: 3-7 working days<\/strong><\/p>\n<p>The Origen Maxi Poncho is crafted from a cotton\u2013modal blend of natural fibers that make it fresh, lightweight, and soft to the touch. Its design features subtle touches of shimmer that elevate the piece with an elegant finish.<\/p>\n<p>It has a wide, fluid silhouette, finished with hand-made fringes along the hem that add movement and an artisanal touch. This collection pays tribute to the species and the richness of the mangrove ecosystem, connecting design with nature and the memory of what is handmade.<\/p>\n<p>\u2022Washing instructions: Hand Wash, Delicate Garment, Store Folded, do not hang.<\/p>\n<p>\u2022Composition: 56% Cotton &#8211; 36% Modal &#8211; 8% Lurex<\/p>\n<p>\u2022Length with fringes: 125 cm \/ 49.2 in \u2013 Remember that the length can be adjusted by trimming the fringes.<\/p>\n<p>\u2022Warranty: 30 days for manufacturing defects.<\/p>\n<p>\u2022Returns: The customer has 2 business days after receiving the product to express the intention of exchange to Juana Gomez; the product must not show signs of apparent use and must retain its original packaging, the customer must bear the shipping costs.<\/p>","protected":false},"excerpt":{"rendered":"<p>Elaborado en una mezcla de algod\u00f3n y modal, fibras naturales que lo hacen fresco, liviano y suave al tacto.<\/p>","protected":false},"featured_media":9984,"template":"","meta":[],"product_brand":[],"product_cat":[210,209,111,74],"product_tag":[],"class_list":{"0":"post-9739","1":"product","2":"type-product","3":"status-publish","4":"has-post-thumbnail","6":"product_cat-manglar","7":"product_cat-new","8":"product_cat-colecciones","9":"product_cat-ponchos","11":"first","12":"instock","13":"taxable","14":"shipping-taxable","15":"purchasable","16":"product-type-variable"},"_links":{"self":[{"href":"https:\/\/juanagomezofficial.com\/en\/wp-json\/wp\/v2\/product\/9739","targetHints":{"allow":["GET"]}}],"collection":[{"href":"https:\/\/juanagomezofficial.com\/en\/wp-json\/wp\/v2\/product"}],"about":[{"href":"https:\/\/juanagomezofficial.com\/en\/wp-json\/wp\/v2\/types\/product"}],"wp:featuredmedia":[{"embeddable":true,"href":"https:\/\/juanagomezofficial.com\/en\/wp-json\/wp\/v2\/media\/9984"}],"wp:attachment":[{"href":"https:\/\/juanagomezofficial.com\/en\/wp-json\/wp\/v2\/media?parent=9739"}],"wp:term":[{"taxonomy":"product_brand","embeddable":true,"href":"https:\/\/juanagomezofficial.com\/en\/wp-json\/wp\/v2\/product_brand?post=9739"},{"taxonomy":"product_cat","embeddable":true,"href":"https:\/\/juanagomezofficial.com\/en\/wp-json\/wp\/v2\/product_cat?post=9739"},{"taxonomy":"product_tag","embeddable":true,"href":"https:\/\/juanagomezofficial.com\/en\/wp-json\/wp\/v2\/product_tag?post=9739"}],"curies":[{"name":"wp","href":"https:\/\/api.w.org\/{rel}","templated":true}]}}