{"id":9733,"date":"2025-11-20T12:42:32","date_gmt":"2025-11-20T17:42:32","guid":{"rendered":"https:\/\/juanagomezofficial.com\/?post_type=product&#038;p=9733"},"modified":"2026-03-12T10:43:34","modified_gmt":"2026-03-12T15:43:34","slug":"maxi-poncho-raiz","status":"publish","type":"product","link":"https:\/\/juanagomezofficial.com\/en\/product\/maxi-poncho-raiz\/","title":{"rendered":"Maxi Poncho Ra\u00edz ."},"content":{"rendered":"<p><strong>\u2022ENV\u00cdO: 2 a 3 D\u00cdAS H\u00c1BILES<\/strong><\/p>\n<p>Maxi Poncho Ra\u00edz rinde homenaje a nuestras ra\u00edces y a la conexi\u00f3n profunda con la tierra y el ecosistema que nos inspira. Su dise\u00f1o se caracteriza por l\u00edneas verticales irregulares que evocan texturas org\u00e1nicas, con un sutil toque de brillo.<\/p>\n<p>Tejido en una mezcla de fibras naturales de algod\u00f3n y modal, es una prenda ligera y fresca, perfecta para climas c\u00e1lidos y para llevar sobre distintos looks durante todo el a\u00f1o.<\/p>\n<p>\u2022Composici\u00f3n: 56% Cotton &#8211; 36% Modal &#8211; 8% Lurex<\/p>\n<p>\u2022Medida Largo: 110cm<\/p>\n<p>\u2022Instrucciones de lavado: Lavar a mano, Prenda delicada, Almacenar doblado, no colgar.<\/p>\n<p>\u2022Garant\u00eda: 30 d\u00edas por defectos de fabricaci\u00f3n.<\/p>\n<p>\u2022El cliente tiene 2 d\u00edas h\u00e1biles despu\u00e9s de recibir el producto para notificar novedades en su compra y\/o para manifestar la intenci\u00f3n de cambio a Juana G\u00f3mez; el producto no debe presentar signos de uso aparente y debe conservar su embalaje original, el cliente deber\u00e1 correr con los gastos de env\u00edo. |en| <strong>Shipping: 3-7 working days<\/strong><\/p>\n<p>Maxi Poncho Raiz pays tribute to our roots and to the deep connection with the land and the ecosystem that inspires us. Its design features irregular vertical lines that evoke organic textures, finished with a subtle hint of shimmer.<\/p>\n<p>\u2022Washing instructions: Hand Wash, Delicate Garment, Store Folded, do not hang.<\/p>\n<p>\u2022Composition: 56% Cotton &#8211; 36% Modal &#8211; 8% Lurex<\/p>\n<p>\u2022Length: 110 cm \/ 43.3 in<\/p>\n<p>\u2022Warranty: 30 days for manufacturing defects.<\/p>\n<p>\u2022Returns: The customer has 2 business days after receiving the product to express the intention of exchange to Juana Gomez; the product must not show signs of apparent use and must retain its original packaging, the customer must bear the shipping costs.<\/p>","protected":false},"excerpt":{"rendered":"<p>Tejido en una mezcla de fibras naturales de algod\u00f3n y modal, es una prenda ligera y fresca, perfecta para climas c\u00e1lidos y para llevar sobre distintos looks.<\/p>","protected":false},"featured_media":9968,"template":"","meta":[],"product_brand":[],"product_cat":[210,111,74],"product_tag":[],"class_list":{"0":"post-9733","1":"product","2":"type-product","3":"status-publish","4":"has-post-thumbnail","6":"product_cat-manglar","7":"product_cat-colecciones","8":"product_cat-ponchos","10":"first","11":"instock","12":"taxable","13":"shipping-taxable","14":"purchasable","15":"product-type-variable"},"_links":{"self":[{"href":"https:\/\/juanagomezofficial.com\/en\/wp-json\/wp\/v2\/product\/9733","targetHints":{"allow":["GET"]}}],"collection":[{"href":"https:\/\/juanagomezofficial.com\/en\/wp-json\/wp\/v2\/product"}],"about":[{"href":"https:\/\/juanagomezofficial.com\/en\/wp-json\/wp\/v2\/types\/product"}],"wp:featuredmedia":[{"embeddable":true,"href":"https:\/\/juanagomezofficial.com\/en\/wp-json\/wp\/v2\/media\/9968"}],"wp:attachment":[{"href":"https:\/\/juanagomezofficial.com\/en\/wp-json\/wp\/v2\/media?parent=9733"}],"wp:term":[{"taxonomy":"product_brand","embeddable":true,"href":"https:\/\/juanagomezofficial.com\/en\/wp-json\/wp\/v2\/product_brand?post=9733"},{"taxonomy":"product_cat","embeddable":true,"href":"https:\/\/juanagomezofficial.com\/en\/wp-json\/wp\/v2\/product_cat?post=9733"},{"taxonomy":"product_tag","embeddable":true,"href":"https:\/\/juanagomezofficial.com\/en\/wp-json\/wp\/v2\/product_tag?post=9733"}],"curies":[{"name":"wp","href":"https:\/\/api.w.org\/{rel}","templated":true}]}}