{"id":9727,"date":"2025-11-20T12:34:54","date_gmt":"2025-11-20T17:34:54","guid":{"rendered":"https:\/\/juanagomezofficial.com\/?post_type=product&#038;p=9727"},"modified":"2026-04-13T16:39:57","modified_gmt":"2026-04-13T21:39:57","slug":"foulard-manifiesto","status":"publish","type":"product","link":"https:\/\/juanagomezofficial.com\/en\/product\/foulard-manifiesto\/","title":{"rendered":"Foulard Manifiesto"},"content":{"rendered":"<p><strong>\u2022ENV\u00cdO: 2 a 3 D\u00cdAS H\u00c1BILES<\/strong><\/p>\n<p>Nuestro Foulard Manifiesto re\u00fane frases de la colecci\u00f3n Manglar junto a ilustraciones de plantas end\u00e9micas del ecosistema de manglar. Cada especie aparece dibujada en la prenda junto a su nombre cient\u00edfico, como un recordatorio visual de lo que somos:<br \/>\nra\u00edces que se funden con el viento y seres que portan la memoria de las manos que crean.<\/p>\n<p>Tejido en fibras naturales livianas y frescas (algod\u00f3n y modal), su textura suave y fluida envuelve el cuerpo con libertad y movimiento. Su formato amplio lo convierte en una pieza vers\u00e1til, ideal para llevar como bufanda, pareo, top o sobre los hombros a modo de accesorio.<\/p>\n<p>Una prenda que no solo viste, sino que tambi\u00e9n comunica lo que sentimos y creemos.<\/p>\n<p>\u2022Composici\u00f3n: 60% Cotton &#8211; 40% Modal<\/p>\n<p>\u2022Medidas: 208cm x 70cm<\/p>\n<p>\u2022Instrucciones de lavado: Lavar a mano, Prenda delicada, Almacenar doblado, no colgar.<\/p>\n<p>\u2022Garant\u00eda: 30 d\u00edas por defectos de fabricaci\u00f3n.<\/p>\n<p>\u2022El cliente tiene 2 d\u00edas h\u00e1biles despu\u00e9s de recibir el producto para notificar novedades en su compra y\/o para manifestar la intenci\u00f3n de cambio a Juana G\u00f3mez; el producto no debe presentar signos de uso aparente y debe conservar su embalaje original, el cliente deber\u00e1 correr con los gastos de env\u00edo. |en| <strong>Shipping: 3-7 working days<\/strong><\/p>\n<p>Our Manifiesto Foulard brings together phrases from the Manglar collection with illustrations of endemic plants from the mangrove ecosystem. Each species is drawn on the piece alongside its scientific name, as a visual reminder of who we are:<br \/>\nroots that merge with the wind and beings who carry the memory of the hands that create.<br \/>\n\u00absomos ra\u00edces que se funden con el viento y seres que portan la memoria de las manos que crean\u00bb<br \/>\nWoven from lightweight, breathable natural fibers (cotton and modal), its soft, fluid texture wraps the body with freedom and movement. Its generous size makes it a versatile piece, ideal to wear as a scarf, pareo, top, or draped over the shoulders as an accessory.<\/p>\n<p>A piece that not only dresses you, but also expresses what we feel and believe.<\/p>\n<p>\u2022Washing instructions: Hand Wash, Delicate Garment, Store Folded, do not hang.<\/p>\n<p>\u2022Composition: 60% Cotton &#8211; 40% Modal<\/p>\n<p>\u2022Measures: 81.8inch x 27.5 inch<\/p>\n<p>\u2022Warranty: 30 days for manufacturing defects.<\/p>\n<p>\u2022Returns: The customer has 2 business days after receiving the product to express the intention of exchange to Juana Gomez; the product must not show signs of apparent use and must retain its original packaging, the customer must bear the shipping costs.<\/p>","protected":false},"excerpt":{"rendered":"<p>Tejido en fibras naturales livianas y frescas (algod\u00f3n y modal), su textura suave y fluida envuelve el cuerpo con libertad y movimiento.<\/p>","protected":false},"featured_media":10012,"template":"","meta":[],"product_brand":[],"product_cat":[217,210,111],"product_tag":[],"class_list":{"0":"post-9727","1":"product","2":"type-product","3":"status-publish","4":"has-post-thumbnail","6":"product_cat-foulards","7":"product_cat-manglar","8":"product_cat-colecciones","10":"first","11":"instock","12":"taxable","13":"shipping-taxable","14":"purchasable","15":"product-type-variable"},"_links":{"self":[{"href":"https:\/\/juanagomezofficial.com\/en\/wp-json\/wp\/v2\/product\/9727","targetHints":{"allow":["GET"]}}],"collection":[{"href":"https:\/\/juanagomezofficial.com\/en\/wp-json\/wp\/v2\/product"}],"about":[{"href":"https:\/\/juanagomezofficial.com\/en\/wp-json\/wp\/v2\/types\/product"}],"wp:featuredmedia":[{"embeddable":true,"href":"https:\/\/juanagomezofficial.com\/en\/wp-json\/wp\/v2\/media\/10012"}],"wp:attachment":[{"href":"https:\/\/juanagomezofficial.com\/en\/wp-json\/wp\/v2\/media?parent=9727"}],"wp:term":[{"taxonomy":"product_brand","embeddable":true,"href":"https:\/\/juanagomezofficial.com\/en\/wp-json\/wp\/v2\/product_brand?post=9727"},{"taxonomy":"product_cat","embeddable":true,"href":"https:\/\/juanagomezofficial.com\/en\/wp-json\/wp\/v2\/product_cat?post=9727"},{"taxonomy":"product_tag","embeddable":true,"href":"https:\/\/juanagomezofficial.com\/en\/wp-json\/wp\/v2\/product_tag?post=9727"}],"curies":[{"name":"wp","href":"https:\/\/api.w.org\/{rel}","templated":true}]}}