{"id":9702,"date":"2025-11-20T11:31:25","date_gmt":"2025-11-20T16:31:25","guid":{"rendered":"https:\/\/juanagomezofficial.com\/?post_type=product&#038;p=9702"},"modified":"2026-03-13T12:16:29","modified_gmt":"2026-03-13T17:16:29","slug":"foulard-manglar","status":"publish","type":"product","link":"https:\/\/juanagomezofficial.com\/en\/product\/foulard-manglar\/","title":{"rendered":"Foulard Manglar"},"content":{"rendered":"<p><strong>\u2022ENV\u00cdO: 2 a 3 D\u00cdAS H\u00c1BILES<\/strong><\/p>\n<p>Foulard Manglar es una pieza inspirada en la especie Coccoloba uvifera, conocida como uva de playa, que habita en los Manglares que son ricos ecosistemas costeros. Tejido en fibras naturales livianas y frescas (algod\u00f3n y modal), su textura suave y fluida envuelve el cuerpo con libertad y movimiento. Su formato amplio lo convierte en una pieza vers\u00e1til, ideal para llevar como bufanda, pareo, top o sobre los hombros a modo de accesorio.<\/p>\n<p>\u2022Composici\u00f3n: 60% Cotton &#8211; 40% Modal<\/p>\n<p>\u2022Medidas: 208cm x 70cm<\/p>\n<p>\u2022Instrucciones de lavado: Lavar a mano, Prenda delicada, Almacenar doblado, no colgar.<\/p>\n<p>\u2022Garant\u00eda: 30 d\u00edas por defectos de fabricaci\u00f3n.<\/p>\n<p>\u2022El cliente tiene 2 d\u00edas h\u00e1biles despu\u00e9s de recibir el producto para notificar novedades en su compra y\/o para manifestar la intenci\u00f3n de cambio a Juana G\u00f3mez; el producto no debe presentar signos de uso aparente y debe conservar su embalaje original, el cliente deber\u00e1 correr con los gastos de env\u00edo. |en| <strong>Shipping: 3-7 working days<\/strong><\/p>\n<p>Manglar Foulard is a piece inspired by the species Coccoloba uvifera, known as sea grape, which inhabits rich coastal ecosystems. Woven from lightweight, breathable natural fibers (cotton and modal), its soft, fluid texture wraps the body with freedom and movement. Its generous size makes it a versatile piece, ideal to wear as a scarf, pareo, top, or draped over the shoulders as an accessory.<\/p>\n<p>A garment that not only dresses you, but also conveys what we feel and believe.<\/p>\n<p>\u2022Washing instructions: Hand Wash, Delicate Garment, Store Folded, do not hang.<\/p>\n<p>\u2022Composition: 60% Cotton &#8211; 40% Modal<\/p>\n<p>\u2022Measures: 81.8inch x 27.5 inch<\/p>\n<p>\u2022Warranty: 30 days for manufacturing defects.<\/p>\n<p>\u2022Returns: The customer has 2 business days after receiving the product to express the intention of exchange to Juana Gomez; the product must not show signs of apparent use and must retain its original packaging, the customer must bear the shipping costs.<\/p>","protected":false},"excerpt":{"rendered":"<p>Tejido en fibras naturales livianas y frescas (algod\u00f3n y modal), su textura suave y fluida envuelve el cuerpo con libertad y movimiento.<\/p>","protected":false},"featured_media":10024,"template":"","meta":[],"product_brand":[],"product_cat":[217,210,209,111],"product_tag":[],"class_list":{"0":"post-9702","1":"product","2":"type-product","3":"status-publish","4":"has-post-thumbnail","6":"product_cat-foulards","7":"product_cat-manglar","8":"product_cat-new","9":"product_cat-colecciones","11":"first","12":"instock","13":"taxable","14":"shipping-taxable","15":"purchasable","16":"product-type-variable"},"_links":{"self":[{"href":"https:\/\/juanagomezofficial.com\/en\/wp-json\/wp\/v2\/product\/9702","targetHints":{"allow":["GET"]}}],"collection":[{"href":"https:\/\/juanagomezofficial.com\/en\/wp-json\/wp\/v2\/product"}],"about":[{"href":"https:\/\/juanagomezofficial.com\/en\/wp-json\/wp\/v2\/types\/product"}],"wp:featuredmedia":[{"embeddable":true,"href":"https:\/\/juanagomezofficial.com\/en\/wp-json\/wp\/v2\/media\/10024"}],"wp:attachment":[{"href":"https:\/\/juanagomezofficial.com\/en\/wp-json\/wp\/v2\/media?parent=9702"}],"wp:term":[{"taxonomy":"product_brand","embeddable":true,"href":"https:\/\/juanagomezofficial.com\/en\/wp-json\/wp\/v2\/product_brand?post=9702"},{"taxonomy":"product_cat","embeddable":true,"href":"https:\/\/juanagomezofficial.com\/en\/wp-json\/wp\/v2\/product_cat?post=9702"},{"taxonomy":"product_tag","embeddable":true,"href":"https:\/\/juanagomezofficial.com\/en\/wp-json\/wp\/v2\/product_tag?post=9702"}],"curies":[{"name":"wp","href":"https:\/\/api.w.org\/{rel}","templated":true}]}}