{"id":9677,"date":"2025-11-19T18:06:54","date_gmt":"2025-11-19T23:06:54","guid":{"rendered":"https:\/\/juanagomezofficial.com\/?post_type=product&#038;p=9677"},"modified":"2026-04-16T12:07:24","modified_gmt":"2026-04-16T17:07:24","slug":"saco-callis","status":"publish","type":"product","link":"https:\/\/juanagomezofficial.com\/en\/product\/saco-callis\/","title":{"rendered":"Saco Callis"},"content":{"rendered":"<p><strong>PRENDA EN PERFECTO ESTADO<\/strong><\/p>\n<p><strong>*PRENDAS EN SALE, NO TIENEN CAMBIO NI DEVOLUCI\u00d3N.<\/strong><\/p>\n<p><strong>\u2022ENV\u00cdO: 2 a 3 D\u00cdAS H\u00c1BILES<\/strong><\/p>\n<p>Saco tejido en t\u00e9cnica de m\u00e1quina manual con dise\u00f1o bicolor y elegante abertura en los hombros. Su silueta ajustada resalta la figura, mientras que su mezcla de fibras frescas y c\u00f3modas lo hace ideal para usar durante todo el d\u00eda. Un b\u00e1sico moderno con un toque distintivo.<\/p>\n<p>\u2022Composici\u00f3n: 60% Cotton &#8211; 40% Modal<\/p>\n<p>\u2022Instrucciones de lavado: Lavar a mano, Prenda delicada, Almacenar doblado, no colgar.<\/p>\n<p>\u2022Garant\u00eda: 30 d\u00edas por defectos de fabricaci\u00f3n.<\/p>\n<p>\u2022El cliente tiene 2 d\u00edas h\u00e1biles despu\u00e9s de recibir el producto para notificar novedades en su compra y\/o para manifestar la intenci\u00f3n de cambio a Juana G\u00f3mez; el producto no debe presentar signos de uso aparente y debe conservar su embalaje original, el cliente deber\u00e1 correr con los gastos de env\u00edo. |en| <strong>Shipping: 3-6 working days<\/strong><\/p>\n<p>Crafted using manual machine knitting, this bi-color sweater features elegant shoulder cutouts and a flattering fitted silhouette. Made with lightweight, breathable fibers, it offers all-day comfort with a modern, distinctive touch.<\/p>\n<p>\u2022Washing instructions: Hand Wash, Delicate Garment, Store Folded, do not hang.<\/p>\n<p>\u2022Composition: 60% Cotton &#8211; 40% Modal<\/p>\n<p>\u2022Made by Colombian artisans.<\/p>\n<p>\u2022Warranty: 30 days for manufacturing defects.<\/p>\n<p>\u2022Returns: The customer has 2 business days after receiving the product to express the intention of exchange to Juana Gomez; the product must not show signs of apparent use and must retain its original packaging, the customer must bear the shipping costs.<\/p>","protected":false},"excerpt":{"rendered":"<p>Saco tejido en t\u00e9cnica de m\u00e1quina manual con dise\u00f1o bicolor y elegante abertura en los hombros.<\/p>","protected":false},"featured_media":9943,"template":"","meta":[],"product_brand":[],"product_cat":[111,210,76,168],"product_tag":[],"class_list":{"0":"post-9677","1":"product","2":"type-product","3":"status-publish","4":"has-post-thumbnail","6":"product_cat-colecciones","7":"product_cat-manglar","8":"product_cat-sacos","9":"product_cat-sale","11":"first","12":"instock","13":"taxable","14":"shipping-taxable","15":"purchasable","16":"product-type-variable"},"_links":{"self":[{"href":"https:\/\/juanagomezofficial.com\/en\/wp-json\/wp\/v2\/product\/9677","targetHints":{"allow":["GET"]}}],"collection":[{"href":"https:\/\/juanagomezofficial.com\/en\/wp-json\/wp\/v2\/product"}],"about":[{"href":"https:\/\/juanagomezofficial.com\/en\/wp-json\/wp\/v2\/types\/product"}],"wp:featuredmedia":[{"embeddable":true,"href":"https:\/\/juanagomezofficial.com\/en\/wp-json\/wp\/v2\/media\/9943"}],"wp:attachment":[{"href":"https:\/\/juanagomezofficial.com\/en\/wp-json\/wp\/v2\/media?parent=9677"}],"wp:term":[{"taxonomy":"product_brand","embeddable":true,"href":"https:\/\/juanagomezofficial.com\/en\/wp-json\/wp\/v2\/product_brand?post=9677"},{"taxonomy":"product_cat","embeddable":true,"href":"https:\/\/juanagomezofficial.com\/en\/wp-json\/wp\/v2\/product_cat?post=9677"},{"taxonomy":"product_tag","embeddable":true,"href":"https:\/\/juanagomezofficial.com\/en\/wp-json\/wp\/v2\/product_tag?post=9677"}],"curies":[{"name":"wp","href":"https:\/\/api.w.org\/{rel}","templated":true}]}}