{"id":9661,"date":"2025-11-19T17:52:36","date_gmt":"2025-11-19T22:52:36","guid":{"rendered":"https:\/\/juanagomezofficial.com\/?post_type=product&#038;p=9661"},"modified":"2026-03-13T12:55:26","modified_gmt":"2026-03-13T17:55:26","slug":"falda-callis","status":"publish","type":"product","link":"https:\/\/juanagomezofficial.com\/en\/product\/falda-callis\/","title":{"rendered":"Falda Callis"},"content":{"rendered":"<p><strong>Env\u00edo: 2 a 3 d\u00edas h\u00e1biles<\/strong><\/p>\n<p>Falda Callis con abertura lateral y elegante botonadura con botones forrados. Confeccionada en una tela suave y c\u00f3moda, se ajusta delicadamente a la cadera y cae de forma recta, brindando una silueta estilizada y moderna.<\/p>\n<p>\u2022Pa\u00eds de fabricaci\u00f3n: Colombia<\/p>\n<p>\u2022Cuidados:<\/p>\n<p>\u2022No blanqueador<\/p>\n<p>\u2022Planchar a temperatura baja-media (no mayor a 100\u00b0C) |en|<br \/>\nCallis skirt featuring a side slit and elegant covered button detailing. Made from a soft and comfortable fabric, it fits snugly at the hips and falls straight, offering a sleek and modern silhouette.<\/p>\n<p>\u2022Material: 100% Polyester<\/p>\n<p>\u2022Country of Manufacture: Colombia<\/p>\n<p>\u2022Care:<\/p>\n<p>\u2022No bleach<\/p>\n<p>\u2022Iron at low-medium temperature (no higher than 100 \u00b0C)<\/p>","protected":false},"excerpt":{"rendered":"<p>Falda Callis con abertura lateral y elegante botonadura con botones forrados. Confeccionada en una tela suave y c\u00f3moda<\/p>","protected":false},"featured_media":10039,"template":"","meta":[],"product_brand":[],"product_cat":[210,111,75],"product_tag":[],"class_list":{"0":"post-9661","1":"product","2":"type-product","3":"status-publish","4":"has-post-thumbnail","6":"product_cat-manglar","7":"product_cat-colecciones","8":"product_cat-faldas","10":"first","11":"instock","12":"taxable","13":"shipping-taxable","14":"purchasable","15":"product-type-variable"},"_links":{"self":[{"href":"https:\/\/juanagomezofficial.com\/en\/wp-json\/wp\/v2\/product\/9661","targetHints":{"allow":["GET"]}}],"collection":[{"href":"https:\/\/juanagomezofficial.com\/en\/wp-json\/wp\/v2\/product"}],"about":[{"href":"https:\/\/juanagomezofficial.com\/en\/wp-json\/wp\/v2\/types\/product"}],"wp:featuredmedia":[{"embeddable":true,"href":"https:\/\/juanagomezofficial.com\/en\/wp-json\/wp\/v2\/media\/10039"}],"wp:attachment":[{"href":"https:\/\/juanagomezofficial.com\/en\/wp-json\/wp\/v2\/media?parent=9661"}],"wp:term":[{"taxonomy":"product_brand","embeddable":true,"href":"https:\/\/juanagomezofficial.com\/en\/wp-json\/wp\/v2\/product_brand?post=9661"},{"taxonomy":"product_cat","embeddable":true,"href":"https:\/\/juanagomezofficial.com\/en\/wp-json\/wp\/v2\/product_cat?post=9661"},{"taxonomy":"product_tag","embeddable":true,"href":"https:\/\/juanagomezofficial.com\/en\/wp-json\/wp\/v2\/product_tag?post=9661"}],"curies":[{"name":"wp","href":"https:\/\/api.w.org\/{rel}","templated":true}]}}