{"id":9619,"date":"2025-11-06T16:51:18","date_gmt":"2025-11-06T21:51:18","guid":{"rendered":"https:\/\/juanagomezofficial.com\/?post_type=product&#038;p=9619"},"modified":"2026-03-07T17:03:14","modified_gmt":"2026-03-07T22:03:14","slug":"poncho-felicidad-negro","status":"publish","type":"product","link":"https:\/\/juanagomezofficial.com\/en\/product\/poncho-felicidad-negro\/","title":{"rendered":"Poncho Felicidad Negro"},"content":{"rendered":"<p><strong>Env\u00edo: 2 a 3 d\u00edas h\u00e1biles<\/strong><\/p>\n<p>Nuestros ponchos m\u00e1s felices!!!<\/p>\n<p>En sus letras encontrar\u00e1s la \u00abFelicit\u00e0\u00bb<\/p>\n<p>La prenda cuenta con una modificaci\u00f3n que simula mangas para mayor comodidad en el uso diario.<\/p>\n<p>\u2022Pa\u00eds de fabricaci\u00f3n: Colombia<\/p>\n<p>\u2022Cuidados:<\/p>\n<p>\u2022No lavado en seco<\/p>\n<p>\u2022No secadora<\/p>\n<p>\u2022No blanqueador<\/p>\n<p>\u2022Secar extendido a la sombra en superficie plana<\/p>\n<p>\u2022Almacenar doblado, no colgar<\/p>\n<p>\u2022Planchar a temperatura baja-media (no mayor a 100\u00b0C) |en| Our happiest ponchos!!!<\/p>\n<p>Featuring a sleeve-simulating modification for everyday comfort.<\/p>\n<p>\u2022Material: 100% Acrylic Wool<\/p>\n<p>\u2022Country of Manufacture: Colombia<\/p>\n<p>\u2022Care:<\/p>\n<p>\u2022Not dry clean<\/p>\n<p>\u2022No tumble dryer<\/p>\n<p>\u2022No bleach<\/p>\n<p>\u2022Dry spread in the shade on a flat surface<\/p>\n<p>\u2022Store folded, do not hang<\/p>\n<p>\u2022Iron at low-medium temperature (no higher than 100 \u00b0C)<\/p>","protected":false},"excerpt":{"rendered":"<p>Env\u00edo: 2 a 3 d\u00edas h\u00e1biles Nuestros ponchos m\u00e1s felices!!! En sus letras encontrar\u00e1s la \u00abFelicit\u00e0\u00bb La prenda cuenta con una modificaci\u00f3n que simula mangas para mayor comodidad en el uso diario. \u2022Pa\u00eds de fabricaci\u00f3n: Colombia \u2022Cuidados: \u2022No lavado en seco \u2022No secadora \u2022No blanqueador \u2022Secar extendido a la sombra [&hellip;]<\/p>","protected":false},"featured_media":9622,"template":"","meta":[],"product_brand":[],"product_cat":[209,111,118,74],"product_tag":[],"class_list":{"0":"post-9619","1":"product","2":"type-product","3":"status-publish","4":"has-post-thumbnail","6":"product_cat-new","7":"product_cat-colecciones","8":"product_cat-felicidad","9":"product_cat-ponchos","11":"first","12":"instock","13":"taxable","14":"shipping-taxable","15":"purchasable","16":"product-type-simple"},"_links":{"self":[{"href":"https:\/\/juanagomezofficial.com\/en\/wp-json\/wp\/v2\/product\/9619","targetHints":{"allow":["GET"]}}],"collection":[{"href":"https:\/\/juanagomezofficial.com\/en\/wp-json\/wp\/v2\/product"}],"about":[{"href":"https:\/\/juanagomezofficial.com\/en\/wp-json\/wp\/v2\/types\/product"}],"wp:featuredmedia":[{"embeddable":true,"href":"https:\/\/juanagomezofficial.com\/en\/wp-json\/wp\/v2\/media\/9622"}],"wp:attachment":[{"href":"https:\/\/juanagomezofficial.com\/en\/wp-json\/wp\/v2\/media?parent=9619"}],"wp:term":[{"taxonomy":"product_brand","embeddable":true,"href":"https:\/\/juanagomezofficial.com\/en\/wp-json\/wp\/v2\/product_brand?post=9619"},{"taxonomy":"product_cat","embeddable":true,"href":"https:\/\/juanagomezofficial.com\/en\/wp-json\/wp\/v2\/product_cat?post=9619"},{"taxonomy":"product_tag","embeddable":true,"href":"https:\/\/juanagomezofficial.com\/en\/wp-json\/wp\/v2\/product_tag?post=9619"}],"curies":[{"name":"wp","href":"https:\/\/api.w.org\/{rel}","templated":true}]}}