{"id":9579,"date":"2025-10-07T17:00:33","date_gmt":"2025-10-07T22:00:33","guid":{"rendered":"https:\/\/juanagomezofficial.com\/?post_type=product&#038;p=9579"},"modified":"2026-03-17T15:33:37","modified_gmt":"2026-03-17T20:33:37","slug":"pantalon-sol-cocoa","status":"publish","type":"product","link":"https:\/\/juanagomezofficial.com\/en\/product\/pantalon-sol-cocoa\/","title":{"rendered":"Pantal\u00f3n Sol Cocoa"},"content":{"rendered":"<p><strong>\u2022ENV\u00cdO:<\/strong><strong> 2 a 3 D\u00cdAS H\u00c1BILES<\/strong><\/p>\n<p>Nuestro Pantal\u00f3n Sol es sin\u00f3nimo de comodidad gracias a su suave tela acanalada y el\u00e1stica. Con tiro alto, bolsillos tipo parche, cierre con cremallera y un bolsillo con nuestro distintivo coraz\u00f3n bordado en hilo dorado.<\/p>\n<p>\u2022Composici\u00f3n: Pantal\u00f3n: 97% Poliester &#8211; 3% Spandex<\/p>\n<p>\u2022Instrucciones de lavado: Lavar a mano.<\/p>\n<p>\u2022Uso: Nuestra dise\u00f1adora mide 1,60mt. y esta usando la talla S<\/p>\n<p>\u2022Garant\u00eda: 30 d\u00edas por defectos de fabricaci\u00f3n.<\/p>\n<p>\u2022El cliente tiene 2 d\u00edas h\u00e1biles despu\u00e9s de recibir el producto para notificar novedades en su compra y\/o para manifestar la intenci\u00f3n de cambio a Juana G\u00f3mez; el producto no debe presentar signos de uso aparente y debe conservar su embalaje original, el cliente deber\u00e1 correr con los gastos de env\u00edo. |en| Shipping: 3-7 working days<\/p>\n<p>Elevate your style with our Sol Pants, crafted for comfort from soft, stretchy ribbed fabric. These high-waisted pants feature patch pockets, a zipper closure, and a pocket adorned with our signature heart embroidery in golden thread.<\/p>\n<p>\u2022Washing instructions: Hand Wash.<\/p>\n<p>\u2022Composition: Pant: 97% Polyester &#8211; 3% Spandex<\/p>\n<p>\u2022Made by Colombian artisans.<\/p>\n<p>\u2022Warranty: 30 days for manufacturing defects.<\/p>\n<p>\u2022Returns: The customer has 2 business days after receiving the product to express the intention of exchange to Juana Gomez; the product must not show signs of apparent use and must retain its original packaging, the customer must bear the shipping costs.<\/p>","protected":false},"excerpt":{"rendered":"<p>\u2022ENV\u00cdO: 2 a 3 D\u00cdAS H\u00c1BILES Nuestro Pantal\u00f3n Sol es sin\u00f3nimo de comodidad gracias a su suave tela acanalada y el\u00e1stica. Con tiro alto, bolsillos tipo parche, cierre con cremallera y un bolsillo con nuestro distintivo coraz\u00f3n bordado en hilo dorado. \u2022Composici\u00f3n: Pantal\u00f3n: 97% Poliester &#8211; 3% Spandex \u2022Instrucciones de [&hellip;]<\/p>","protected":false},"featured_media":9586,"template":"","meta":[],"product_brand":[],"product_cat":[183,117,111],"product_tag":[],"class_list":{"0":"post-9579","1":"product","2":"type-product","3":"status-publish","4":"has-post-thumbnail","6":"product_cat-solar-capsule","7":"product_cat-pantalones","8":"product_cat-colecciones","10":"first","11":"instock","12":"taxable","13":"shipping-taxable","14":"product-type-variable"},"_links":{"self":[{"href":"https:\/\/juanagomezofficial.com\/en\/wp-json\/wp\/v2\/product\/9579","targetHints":{"allow":["GET"]}}],"collection":[{"href":"https:\/\/juanagomezofficial.com\/en\/wp-json\/wp\/v2\/product"}],"about":[{"href":"https:\/\/juanagomezofficial.com\/en\/wp-json\/wp\/v2\/types\/product"}],"wp:featuredmedia":[{"embeddable":true,"href":"https:\/\/juanagomezofficial.com\/en\/wp-json\/wp\/v2\/media\/9586"}],"wp:attachment":[{"href":"https:\/\/juanagomezofficial.com\/en\/wp-json\/wp\/v2\/media?parent=9579"}],"wp:term":[{"taxonomy":"product_brand","embeddable":true,"href":"https:\/\/juanagomezofficial.com\/en\/wp-json\/wp\/v2\/product_brand?post=9579"},{"taxonomy":"product_cat","embeddable":true,"href":"https:\/\/juanagomezofficial.com\/en\/wp-json\/wp\/v2\/product_cat?post=9579"},{"taxonomy":"product_tag","embeddable":true,"href":"https:\/\/juanagomezofficial.com\/en\/wp-json\/wp\/v2\/product_tag?post=9579"}],"curies":[{"name":"wp","href":"https:\/\/api.w.org\/{rel}","templated":true}]}}