{"id":9552,"date":"2025-08-23T15:12:49","date_gmt":"2025-08-23T20:12:49","guid":{"rendered":"https:\/\/juanagomezofficial.com\/?post_type=product&#038;p=9552"},"modified":"2026-03-10T16:16:11","modified_gmt":"2026-03-10T21:16:11","slug":"camisa-allegra-2","status":"publish","type":"product","link":"https:\/\/juanagomezofficial.com\/en\/product\/camisa-allegra-2\/","title":{"rendered":"Camisa Allegra"},"content":{"rendered":"<p><strong>\u2022ENV\u00cdO: 2 a 3 D\u00cdAS H\u00c1BILES<\/strong><\/p>\n<p data-start=\"111\" data-end=\"474\">Nuestra camisa Allegra es ese b\u00e1sico atemporal que no puede faltar en tu cl\u00f3set. Su dise\u00f1o resalta con mangas campana y el\u00e1stico en los pu\u00f1os, aportando volumen y estilo sin perder comodidad. En la espalda, lleva un dije met\u00e1lico contramarcado con nuestro coraz\u00f3n, un detalle sutil y \u00fanico que la convierte en una prenda especial.<\/p>\n<p data-start=\"476\" data-end=\"550\">Ideal para elevar cualquier look con un aire fresco, moderno y vers\u00e1til.<\/p>\n<p>\u2022Hecho en Colombia.<\/p>\n<p>\u2022Cuidados:<\/p>\n<p>\u2022Lavar a mano con agua fr\u00eda<\/p>\n<p>\u2022No retorcer<\/p>\n<p>\u2022No blanqueador<\/p>\n<p>\u2022No dejar en Remojo<\/p>\n<p>\u2022Planchar a temperatura baja-media (no mayor a 110\u00b0C)<\/p>\n<p>\u2022Garant\u00eda: 30 d\u00edas por defectos de fabricaci\u00f3n.<\/p>\n<p>\u2022Devoluciones: El cliente tiene 2 d\u00edas h\u00e1biles despu\u00e9s de recibir el producto para manifestar la intenci\u00f3n de cambio a Juana G\u00f3mez; el producto no debe presentar se\u00f1ales de uso aparente y debe conservar su pin y empaque original. El cliente asume los costos de env\u00edo.<\/p>\n<p>|en| \u2022Shipping: 3 to 5 business days.<\/p>\n<p data-start=\"118\" data-end=\"437\"><strong data-start=\"120\" data-end=\"197\">Our shirt is that timeless essential that your wardrobe can\u2019t be without.<\/strong> Its design stands out with puffed sleeves and elastic cuffs, adding volume and style without sacrificing comfort. On the back, it features a metallic charm engraved with our heart \u2014 a subtle and unique detail that makes it truly special.<\/p>\n<p data-start=\"439\" data-end=\"511\">Perfect to elevate any look with a fresh, modern, and versatile touch.<\/p>\n<p>\u2022Country of Manufacture: Colombia<\/p>\n<p>\u2022Care:<\/p>\n<p>\u2022No tumble dryer<\/p>\n<p>\u2022No bleach<\/p>\n<p>\u2022No soak<\/p>\n<p>\u2022Iron at low-medium temperature (no higher than 110 \u00b0C )<\/p>\n<p>\u2022Warranty: 30 days for manufacturing defects.<\/p>\n<p>\u2022Returns:The customer has 2 business days after receiving the product to express the intention of exchange to Juana Gomez; the product must not show signs of apparent use and must retain it\u2019s original packaging, the customer must bear the shipping costs.<\/p>","protected":false},"excerpt":{"rendered":"<p>\u2022ENV\u00cdO: 2 a 3 D\u00cdAS H\u00c1BILES Nuestra camisa Allegra es ese b\u00e1sico atemporal que no puede faltar en tu cl\u00f3set. Su dise\u00f1o resalta con mangas campana y el\u00e1stico en los pu\u00f1os, aportando volumen y estilo sin perder comodidad. En la espalda, lleva un dije met\u00e1lico contramarcado con nuestro coraz\u00f3n, un [&hellip;]<\/p>","protected":false},"featured_media":9557,"template":"","meta":[],"product_brand":[],"product_cat":[174,209,122,111],"product_tag":[],"class_list":{"0":"post-9552","1":"product","2":"type-product","3":"status-publish","4":"has-post-thumbnail","6":"product_cat-color-sol","7":"product_cat-new","8":"product_cat-camisas","9":"product_cat-colecciones","11":"first","12":"instock","13":"taxable","14":"shipping-taxable","15":"purchasable","16":"product-type-variable"},"_links":{"self":[{"href":"https:\/\/juanagomezofficial.com\/en\/wp-json\/wp\/v2\/product\/9552","targetHints":{"allow":["GET"]}}],"collection":[{"href":"https:\/\/juanagomezofficial.com\/en\/wp-json\/wp\/v2\/product"}],"about":[{"href":"https:\/\/juanagomezofficial.com\/en\/wp-json\/wp\/v2\/types\/product"}],"wp:featuredmedia":[{"embeddable":true,"href":"https:\/\/juanagomezofficial.com\/en\/wp-json\/wp\/v2\/media\/9557"}],"wp:attachment":[{"href":"https:\/\/juanagomezofficial.com\/en\/wp-json\/wp\/v2\/media?parent=9552"}],"wp:term":[{"taxonomy":"product_brand","embeddable":true,"href":"https:\/\/juanagomezofficial.com\/en\/wp-json\/wp\/v2\/product_brand?post=9552"},{"taxonomy":"product_cat","embeddable":true,"href":"https:\/\/juanagomezofficial.com\/en\/wp-json\/wp\/v2\/product_cat?post=9552"},{"taxonomy":"product_tag","embeddable":true,"href":"https:\/\/juanagomezofficial.com\/en\/wp-json\/wp\/v2\/product_tag?post=9552"}],"curies":[{"name":"wp","href":"https:\/\/api.w.org\/{rel}","templated":true}]}}