{"id":9465,"date":"2025-05-28T10:01:49","date_gmt":"2025-05-28T15:01:49","guid":{"rendered":"https:\/\/juanagomezofficial.com\/?post_type=product&#038;p=9465"},"modified":"2026-03-11T15:40:47","modified_gmt":"2026-03-11T20:40:47","slug":"chaqueta-sol-1","status":"publish","type":"product","link":"https:\/\/juanagomezofficial.com\/en\/product\/chaqueta-sol-1\/","title":{"rendered":"Chaqueta Sol"},"content":{"rendered":"<p><strong>\u2022ENV\u00cdO: <\/strong><strong>2 a 3 D\u00cdAS H\u00c1BILES<br \/>\n<\/strong><\/p>\n<p><a href=\"https:\/\/juanagomezofficial.com\/en\/product\/pantalon-sol-1\/\">Haz clic para ver el Pantal\u00f3n Sol<\/a><\/p>\n<h6>\u00abAbriste los ojos y el Sol guard\u00f3 su pincel, porque tu pintas el paisaje mejor que \u00e9l\u00bb<\/h6>\n<h6>Chaqueta Sol con mangas tejidas con hilos brillantes y confeccionada en una suave y el\u00e1stica tela que garantiza comodidad. Con bolsillos superiores, cuello tipo camisero, botones forrados y dije met\u00e1lico de nuestro ic\u00f3nico coraz\u00f3n hacen de esta prenda una pieza imprescindible en tu armario.<\/h6>\n<h6>\u2022Composici\u00f3n: Chaqueta: 97% Poliester &#8211; 3% Spandex | Mangas: 90% Viscosa &#8211; 10% Lurex \u2022Instrucciones de lavado: Lavar a mano, Prenda delicada. \u2022Uso: Anna nuestra modelo mide 1,73mt. y esta usando la talla S \u2022Garant\u00eda: 30 d\u00edas por defectos de fabricaci\u00f3n. \u2022El cliente tiene 2 d\u00edas h\u00e1biles despu\u00e9s de recibir el producto para notificar novedades en su compra y\/o para manifestar la intenci\u00f3n de cambio a Juana G\u00f3mez; el producto no debe presentar signos de uso aparente y debe conservar su embalaje original, el cliente deber\u00e1 correr con los gastos de env\u00edo. |en| Shipping: 3-7 working days<\/h6>\n<h6>Sol Jacket with sleeves woven with bright threads and crafted from a soft, elastic fabric ensuring comfort. Featuring upper pockets, a shirt-style collar, covered buttons, and our iconic heart-shaped metal charm, this garment becomes an essential piece in your wardrobe.<\/h6>\n<h6>\u2022Washing instructions: Hand Wash, Delicate Garment. \u2022Composition: Jacket: 97% Polyester &#8211; 3% Spandex | Sleeves: 90% Viscose 10% Lurex \u2022Wearing: The model is 1.73 m wearing size S \u2022Made by Colombian artisans. \u2022Warranty: 30 days for manufacturing defects. \u2022Returns: The customer has 2 business days after receiving the product to express the intention of exchange to Juana Gomez; the product must not show signs of apparent use and must retain its original packaging, the customer must bear the shipping costs.<\/h6>","protected":false},"excerpt":{"rendered":"<p>La chaqueta que transforma cualquier look: c\u00f3moda, suave y con brillo delicado. <strong data-start=\"764\" data-end=\"799\">Pocas unidades!<\/strong><\/p>\n<p><a href=\"https:\/\/juanagomezofficial.com\/en\/product\/pantalon-sol-1\/\">Haz clic para ver el Pantal\u00f3n Sol<\/a><\/p>","protected":false},"featured_media":8444,"template":"","meta":[],"product_brand":[],"product_cat":[182,183,111],"product_tag":[],"class_list":{"0":"post-9465","1":"product","2":"type-product","3":"status-publish","4":"has-post-thumbnail","6":"product_cat-chaquetas","7":"product_cat-solar-capsule","8":"product_cat-colecciones","10":"first","11":"instock","12":"taxable","13":"shipping-taxable","14":"purchasable","15":"product-type-variable"},"_links":{"self":[{"href":"https:\/\/juanagomezofficial.com\/en\/wp-json\/wp\/v2\/product\/9465","targetHints":{"allow":["GET"]}}],"collection":[{"href":"https:\/\/juanagomezofficial.com\/en\/wp-json\/wp\/v2\/product"}],"about":[{"href":"https:\/\/juanagomezofficial.com\/en\/wp-json\/wp\/v2\/types\/product"}],"wp:featuredmedia":[{"embeddable":true,"href":"https:\/\/juanagomezofficial.com\/en\/wp-json\/wp\/v2\/media\/8444"}],"wp:attachment":[{"href":"https:\/\/juanagomezofficial.com\/en\/wp-json\/wp\/v2\/media?parent=9465"}],"wp:term":[{"taxonomy":"product_brand","embeddable":true,"href":"https:\/\/juanagomezofficial.com\/en\/wp-json\/wp\/v2\/product_brand?post=9465"},{"taxonomy":"product_cat","embeddable":true,"href":"https:\/\/juanagomezofficial.com\/en\/wp-json\/wp\/v2\/product_cat?post=9465"},{"taxonomy":"product_tag","embeddable":true,"href":"https:\/\/juanagomezofficial.com\/en\/wp-json\/wp\/v2\/product_tag?post=9465"}],"curies":[{"name":"wp","href":"https:\/\/api.w.org\/{rel}","templated":true}]}}