{"id":9461,"date":"2025-05-28T09:59:46","date_gmt":"2025-05-28T14:59:46","guid":{"rendered":"https:\/\/juanagomezofficial.com\/?post_type=product&#038;p=9461"},"modified":"2026-04-10T12:40:15","modified_gmt":"2026-04-10T17:40:15","slug":"pantalon-sol-1","status":"publish","type":"product","link":"https:\/\/juanagomezofficial.com\/en\/product\/pantalon-sol-1\/","title":{"rendered":"Pantal\u00f3n Sol"},"content":{"rendered":"<p><strong>\u2022ENV\u00cdO:<\/strong><strong> 2 a 3 D\u00cdAS H\u00c1BILES<\/strong><\/p>\n<p><a href=\"https:\/\/juanagomezofficial.com\/en\/product\/chaqueta-sol-1\/\">Haz clic para ver Chaqueta Sol<\/a><\/p>\n<h6>\u00abAbriste los ojos y el Sol guard\u00f3 su pincel, porque tu pintas el paisaje mejor que \u00e9l\u00bb<\/h6>\n<h6>Nuestro Pantal\u00f3n Sol es sin\u00f3nimo de comodidad gracias a su suave tela acanalada y el\u00e1stica. Con tiro alto, bolsillos tipo parche, cierre con cremallera y un bolsillo con nuestro distintivo coraz\u00f3n bordado en hilo dorado.<strong> NO INCLUYE CINTUR\u00d3N<\/strong><\/h6>\n<h6>\u2022Composici\u00f3n: Pantal\u00f3n: 97% Poliester &#8211; 3% Spandex\u00a0 \u2022Instrucciones de lavado: Lavar a mano, Prenda delicada, Almacenar doblado, no colgar.\u00a0 \u2022Uso: Anna nuestra modelo mide 1,73mt. y esta usando la talla S\u00a0 \u2022Garant\u00eda: 30 d\u00edas por defectos de fabricaci\u00f3n.\u00a0 \u2022El cliente tiene 2 d\u00edas h\u00e1biles despu\u00e9s de recibir el producto para notificar novedades en su compra y\/o para manifestar la intenci\u00f3n de cambio a Juana G\u00f3mez; el producto no debe presentar signos de uso aparente y debe conservar su embalaje original, el cliente deber\u00e1 correr con los gastos de env\u00edo. |en| Shipping: 3-7 working days<\/h6>\n<h6>Elevate your style with our Sol Pants, crafted for comfort from soft, stretchy ribbed fabric. These high-waisted pants feature patch pockets, a zipper closure, and a pocket adorned with our signature heart embroidery in golden thread.\u00a0 \u2022Washing instructions: Hand Wash, Delicate Garment, Store Folded, do not hang.\u00a0 \u2022Composition: Pant: 97% Polyester &#8211; 3% Spandex\u00a0 \u2022Wearing: The model is 1.73 m wearing size S\u00a0 \u2022Made by Colombian artisans.\u00a0 \u2022Warranty: 30 days for manufacturing defects. \u2022Returns: The customer has 2 business days after receiving the product to express the intention of exchange to Juana Gomez; the product must not show signs of apparent use and must retain its original packaging, the customer must bear the shipping costs.<\/h6>","protected":false},"excerpt":{"rendered":"<p>Calma, estilo y seguridad en un solo look. Se ve bien, se siente mejor. <strong data-start=\"195\" data-end=\"229\">Pocas unidades!<\/strong><\/p>\n<p><a href=\"https:\/\/juanagomezofficial.com\/en\/product\/chaqueta-sol-1\/\">Haz clic para ver Chaqueta Sol<\/a><\/p>","protected":false},"featured_media":8447,"template":"","meta":[],"product_brand":[],"product_cat":[183,117,111],"product_tag":[],"class_list":{"0":"post-9461","1":"product","2":"type-product","3":"status-publish","4":"has-post-thumbnail","6":"product_cat-solar-capsule","7":"product_cat-pantalones","8":"product_cat-colecciones","10":"first","11":"instock","12":"taxable","13":"shipping-taxable","14":"purchasable","15":"product-type-variable"},"_links":{"self":[{"href":"https:\/\/juanagomezofficial.com\/en\/wp-json\/wp\/v2\/product\/9461","targetHints":{"allow":["GET"]}}],"collection":[{"href":"https:\/\/juanagomezofficial.com\/en\/wp-json\/wp\/v2\/product"}],"about":[{"href":"https:\/\/juanagomezofficial.com\/en\/wp-json\/wp\/v2\/types\/product"}],"wp:featuredmedia":[{"embeddable":true,"href":"https:\/\/juanagomezofficial.com\/en\/wp-json\/wp\/v2\/media\/8447"}],"wp:attachment":[{"href":"https:\/\/juanagomezofficial.com\/en\/wp-json\/wp\/v2\/media?parent=9461"}],"wp:term":[{"taxonomy":"product_brand","embeddable":true,"href":"https:\/\/juanagomezofficial.com\/en\/wp-json\/wp\/v2\/product_brand?post=9461"},{"taxonomy":"product_cat","embeddable":true,"href":"https:\/\/juanagomezofficial.com\/en\/wp-json\/wp\/v2\/product_cat?post=9461"},{"taxonomy":"product_tag","embeddable":true,"href":"https:\/\/juanagomezofficial.com\/en\/wp-json\/wp\/v2\/product_tag?post=9461"}],"curies":[{"name":"wp","href":"https:\/\/api.w.org\/{rel}","templated":true}]}}