{"id":9323,"date":"2025-01-25T14:25:46","date_gmt":"2025-01-25T19:25:46","guid":{"rendered":"https:\/\/juanagomezofficial.com\/?post_type=product&#038;p=9323"},"modified":"2026-03-13T10:55:17","modified_gmt":"2026-03-13T15:55:17","slug":"falda-querube-taupe-mix-corta","status":"publish","type":"product","link":"https:\/\/juanagomezofficial.com\/en\/product\/falda-querube-taupe-mix-corta\/","title":{"rendered":"Falda Querube Taupe Mix Corta"},"content":{"rendered":"<p><strong>\u2022ENV\u00cdO: 2 a 3 D\u00cdAS H\u00c1BILES<\/strong><\/p>\n<p>\u00abNaranja dulce, siembra de Querubes\u00bb<\/p>\n<p>Nuestra Falda Querube tejida en t\u00e9cnica manual con el\u00e1stico en cintura, silueta acampanada y detalle en ruedo hecho a mano en t\u00e9cnica de crochet por artesanas colombianas. Comb\u00ednala con Top Querube o Saco Verso<\/p>\n<p><strong>\u2022Composici\u00f3n:<\/strong> 25% Algod\u00f3n Pima \u2013 75% Acr\u00edlico<\/p>\n<p><strong>\u2022Instrucciones de lavado:<\/strong> Lavar a mano, Prenda delicada, Almacenar doblado, no colgar.<\/p>\n<p><strong>\u2022Uso:<\/strong> Sary nuestra modelo mide 1,80 mt. y esta usando la talla S<\/p>\n<p><strong>\u2022<\/strong>El cliente tiene 2 d\u00edas h\u00e1biles despu\u00e9s de recibir el producto para notificar novedades en su compra y\/o para manifestar la intenci\u00f3n de cambio a Juana G\u00f3mez; el producto no debe presentar signos de uso aparente y debe conservar su embalaje original, el cliente deber\u00e1 correr con los gastos de env\u00edo. |en|<\/p>\n<p><strong>Shipping: 4-7 working days<\/strong><\/p>\n<p><strong>\u2022Washing instructions:<\/strong> Hand Wash, Delicate Garment, Store Folded, do not hang.<\/p>\n<p><strong>\u2022<\/strong>25% Pima Cotton &#8211; 75% Acrylic<\/p>\n<p><strong>\u2022Wearing:<\/strong> The model is 1.80 m wearing size S<\/p>\n<p><strong>\u2022<\/strong>Made by Colombian artisans.<\/p>\n<p><strong>\u2022Returns:<\/strong> The customer has 2 business days after receiving the product to express the intention of exchange to Juana Gomez; the product must not show signs of apparent use and must retain its original packaging, the customer must bear the shipping costs.<\/p>","protected":false},"excerpt":{"rendered":"<p>\u2022ENV\u00cdO: 2 a 3 D\u00cdAS H\u00c1BILES \u00abNaranja dulce, siembra de Querubes\u00bb Nuestra Falda Querube tejida en t\u00e9cnica manual con el\u00e1stico en cintura, silueta acampanada y detalle en ruedo hecho a mano en t\u00e9cnica de crochet por artesanas colombianas. Comb\u00ednala con Top Querube o Saco Verso \u2022Composici\u00f3n: 25% Algod\u00f3n Pima \u2013 [&hellip;]<\/p>","protected":false},"featured_media":7940,"template":"","meta":[],"product_brand":[],"product_cat":[174,111,75],"product_tag":[],"class_list":{"0":"post-9323","1":"product","2":"type-product","3":"status-publish","4":"has-post-thumbnail","6":"product_cat-color-sol","7":"product_cat-colecciones","8":"product_cat-faldas","10":"first","11":"outofstock","12":"sale","13":"taxable","14":"shipping-taxable","15":"purchasable","16":"product-type-variable"},"_links":{"self":[{"href":"https:\/\/juanagomezofficial.com\/en\/wp-json\/wp\/v2\/product\/9323","targetHints":{"allow":["GET"]}}],"collection":[{"href":"https:\/\/juanagomezofficial.com\/en\/wp-json\/wp\/v2\/product"}],"about":[{"href":"https:\/\/juanagomezofficial.com\/en\/wp-json\/wp\/v2\/types\/product"}],"wp:featuredmedia":[{"embeddable":true,"href":"https:\/\/juanagomezofficial.com\/en\/wp-json\/wp\/v2\/media\/7940"}],"wp:attachment":[{"href":"https:\/\/juanagomezofficial.com\/en\/wp-json\/wp\/v2\/media?parent=9323"}],"wp:term":[{"taxonomy":"product_brand","embeddable":true,"href":"https:\/\/juanagomezofficial.com\/en\/wp-json\/wp\/v2\/product_brand?post=9323"},{"taxonomy":"product_cat","embeddable":true,"href":"https:\/\/juanagomezofficial.com\/en\/wp-json\/wp\/v2\/product_cat?post=9323"},{"taxonomy":"product_tag","embeddable":true,"href":"https:\/\/juanagomezofficial.com\/en\/wp-json\/wp\/v2\/product_tag?post=9323"}],"curies":[{"name":"wp","href":"https:\/\/api.w.org\/{rel}","templated":true}]}}