{"id":9299,"date":"2025-01-25T12:15:33","date_gmt":"2025-01-25T17:15:33","guid":{"rendered":"https:\/\/juanagomezofficial.com\/?post_type=product&#038;p=9299"},"modified":"2026-03-13T10:56:27","modified_gmt":"2026-03-13T15:56:27","slug":"falda-querube-marfil-larga","status":"publish","type":"product","link":"https:\/\/juanagomezofficial.com\/en\/product\/falda-querube-marfil-larga\/","title":{"rendered":"Falda Querube Marfil Larga  &#8211; SAMPLE"},"content":{"rendered":"<p><strong>\u2022ENV\u00cdO: 2 a 3 D\u00cdAS H\u00c1BILES<\/strong><\/p>\n<p data-start=\"0\" data-end=\"29\"><span style=\"color: #ff0000;\">Esta prenda es una muestra.<\/span><\/p>\n<p data-start=\"31\" data-end=\"267\" data-is-last-node=\"\" data-is-only-node=\"\"><span style=\"color: #ff0000;\"><strong data-start=\"31\" data-end=\"55\">\u00bfQu\u00e9 es una muestra?<\/strong><\/span><br data-start=\"55\" data-end=\"58\" \/><span style=\"color: #ff0000;\">Es una de las primeras prendas que realizamos antes de aprobar la producci\u00f3n. Por ello, puede presentar variaciones en medidas, acabados o materiales en comparaci\u00f3n con las prendas de l\u00ednea o producci\u00f3n final. Sin embargo, son completamente utilizables y duraderas<\/span><\/p>\n<p><span style=\"color: #ff0000;\"><strong>IMPORTANTE: PRENDAS EN DESCUENTO NO TIENEN CAMBIO NI DEVOLUCI\u00d3N.<\/strong><\/span><\/p>\n<p>\u00abNaranja dulce, siembra de Querubes\u00bb<\/p>\n<p>Nuestra Falda Querube tejida en t\u00e9cnica manual con el\u00e1stico en cintura, silueta acampanada y detalle en ruedo hecho a mano en t\u00e9cnica de crochet por artesanas colombianas. Comb\u00ednala con Top Querube o Saco Verso<\/p>\n<p><strong>\u2022Composici\u00f3n:<\/strong> 25% Algod\u00f3n Pima \u2013 75% Acr\u00edlico<\/p>\n<p><strong>\u2022Instrucciones de lavado:<\/strong> Lavar a mano, Prenda delicada, Almacenar doblado, no colgar.<\/p>\n<p><strong>\u2022Uso:<\/strong> Sary nuestra modelo mide 1,80 mt. y esta usando la talla S<\/p>\n<p><strong>\u2022<\/strong>El cliente tiene 2 d\u00edas h\u00e1biles despu\u00e9s de recibir el producto para notificar novedades en su compra y\/o para manifestar la intenci\u00f3n de cambio a Juana G\u00f3mez; el producto no debe presentar signos de uso aparente y debe conservar su embalaje original, el cliente deber\u00e1 correr con los gastos de env\u00edo. |en|<\/p>\n<p><strong>Shipping: 4-7 working days<\/strong><\/p>\n<p>Querube midi skirt, hand-knit and adorned with special woven details at the hem by Colombian artisans. It features a body-hugging fit and a high waist with an elastic waistband. Perfect to wear with the Querube Top or Verso knit sweater.<\/p>\n<p>Approximately 85cm long<\/p>\n<p><strong>Highlights:<\/strong><\/p>\n<ul>\n<li>Body-hugging fit<\/li>\n<li>Special decoration at the hem<\/li>\n<li>Perfect for any occasion<\/li>\n<li>Soft fabric.<\/li>\n<\/ul>\n<p><strong>\u2022Washing instructions:<\/strong> Hand Wash, Delicate Garment, Store Folded, do not hang.<\/p>\n<p><strong>\u2022<\/strong>25% Pima Cotton &#8211; 75% Acrylic<\/p>\n<p><strong>\u2022Wearing:<\/strong> The model is 1.80 m wearing size S<\/p>\n<p><strong>\u2022<\/strong>Made by Colombian artisans.<\/p>\n<p><strong>\u2022Returns:<\/strong> The customer has 2 business days after receiving the product to express the intention of exchange to Juana Gomez; the product must not show signs of apparent use and must retain its original packaging, the customer must bear the shipping costs.<\/p>","protected":false},"excerpt":{"rendered":"<p>\u2022ENV\u00cdO: 2 a 3 D\u00cdAS H\u00c1BILES Esta prenda es una muestra. \u00bfQu\u00e9 es una muestra?Es una de las primeras prendas que realizamos antes de aprobar la producci\u00f3n. Por ello, puede presentar variaciones en medidas, acabados o materiales en comparaci\u00f3n con las prendas de l\u00ednea o producci\u00f3n final. Sin embargo, son [&hellip;]<\/p>\n","protected":false},"featured_media":8393,"template":"","meta":[],"product_brand":[],"product_cat":[111,174,75,168],"product_tag":[],"class_list":{"0":"post-9299","1":"product","2":"type-product","3":"status-publish","4":"has-post-thumbnail","6":"product_cat-colecciones","7":"product_cat-color-sol","8":"product_cat-faldas","9":"product_cat-sale","11":"first","12":"instock","13":"sale","14":"taxable","15":"shipping-taxable","16":"purchasable","17":"product-type-variable"},"_links":{"self":[{"href":"https:\/\/juanagomezofficial.com\/en\/wp-json\/wp\/v2\/product\/9299","targetHints":{"allow":["GET"]}}],"collection":[{"href":"https:\/\/juanagomezofficial.com\/en\/wp-json\/wp\/v2\/product"}],"about":[{"href":"https:\/\/juanagomezofficial.com\/en\/wp-json\/wp\/v2\/types\/product"}],"wp:featuredmedia":[{"embeddable":true,"href":"https:\/\/juanagomezofficial.com\/en\/wp-json\/wp\/v2\/media\/8393"}],"wp:attachment":[{"href":"https:\/\/juanagomezofficial.com\/en\/wp-json\/wp\/v2\/media?parent=9299"}],"wp:term":[{"taxonomy":"product_brand","embeddable":true,"href":"https:\/\/juanagomezofficial.com\/en\/wp-json\/wp\/v2\/product_brand?post=9299"},{"taxonomy":"product_cat","embeddable":true,"href":"https:\/\/juanagomezofficial.com\/en\/wp-json\/wp\/v2\/product_cat?post=9299"},{"taxonomy":"product_tag","embeddable":true,"href":"https:\/\/juanagomezofficial.com\/en\/wp-json\/wp\/v2\/product_tag?post=9299"}],"curies":[{"name":"wp","href":"https:\/\/api.w.org\/{rel}","templated":true}]}}