{"id":9280,"date":"2025-01-24T23:09:41","date_gmt":"2025-01-25T04:09:41","guid":{"rendered":"https:\/\/juanagomezofficial.com\/?post_type=product&#038;p=9280"},"modified":"2026-04-10T12:31:34","modified_gmt":"2026-04-10T17:31:34","slug":"vestido-luna-sample-s","status":"publish","type":"product","link":"https:\/\/juanagomezofficial.com\/en\/product\/vestido-luna-sample-s\/","title":{"rendered":"Luna Dress S &#8211; SAMPLE"},"content":{"rendered":"<p><strong>\u2022ENV\u00cdO: 2 a 3 D\u00cdAS H\u00c1BILES<br \/>\n<\/strong><\/p>\n<p data-start=\"0\" data-end=\"29\"><span style=\"color: #ff0000;\">Esta prenda es una muestra.<\/span><\/p>\n<p data-start=\"31\" data-end=\"267\" data-is-last-node=\"\" data-is-only-node=\"\"><span style=\"color: #ff0000;\"><strong data-start=\"31\" data-end=\"55\">\u00bfQu\u00e9 es una muestra?<\/strong><\/span><br data-start=\"55\" data-end=\"58\" \/><span style=\"color: #ff0000;\">Es una de las primeras prendas que realizamos antes de aprobar la producci\u00f3n. Por ello, puede presentar variaciones en medidas, acabados o materiales en comparaci\u00f3n con las prendas de l\u00ednea o producci\u00f3n final. Sin embargo, son completamente utilizables y duraderas<\/span><\/p>\n<p><span style=\"color: #ff0000;\"><strong>PRENDA EN PERFECTO ESTADO<\/strong><\/span><\/p>\n<p><span style=\"color: #ff0000;\"><strong>IMPORTANTE: PRENDAS EN DESCUENTO NO TIENEN CAMBIO NI DEVOLUCI\u00d3N<\/strong><\/span><\/p>\n<p>\u2022Instrucciones de lavado: Lavar a mano, Prenda delicada, Almacenar doblado, no colgar.<\/p>\n<p>\u2022El cliente tiene 2 d\u00edas h\u00e1biles despu\u00e9s de recibir el producto para notificar novedades en su compra y\/o para manifestar la intenci\u00f3n de cambio a Juana G\u00f3mez; el producto no debe presentar signos de uso aparente y debe conservar su embalaje original, el cliente deber\u00e1 correr con los gastos de env\u00edo. |en| Shipping: 4-7 working days<\/p>\n<p>\u2022Washing instructions: Hand Wash, Delicate Garment, Store Folded, do not hang.<\/p>\n<p>\u2022Returns: The customer has 2 business days after receiving the product to express the intention of exchange to Juana Gomez; the product must not show signs of apparent use and must retain its original packaging, the customer must bear the shipping costs.<\/p>","protected":false},"excerpt":{"rendered":"<p>\u2022ENV\u00cdO: 2 a 3 D\u00cdAS H\u00c1BILES Esta prenda es una muestra. \u00bfQu\u00e9 es una muestra?Es una de las primeras prendas que realizamos antes de aprobar la producci\u00f3n. Por ello, puede presentar variaciones en medidas, acabados o materiales en comparaci\u00f3n con las prendas de l\u00ednea o producci\u00f3n final. Sin embargo, son [&hellip;]<\/p>","protected":false},"featured_media":9235,"template":"","meta":[],"product_brand":[],"product_cat":[174,168,121],"product_tag":[],"class_list":{"0":"post-9280","1":"product","2":"type-product","3":"status-publish","4":"has-post-thumbnail","6":"product_cat-color-sol","7":"product_cat-sale","8":"product_cat-vestidos","10":"first","11":"instock","12":"sale","13":"taxable","14":"shipping-taxable","15":"purchasable","16":"product-type-simple"},"_links":{"self":[{"href":"https:\/\/juanagomezofficial.com\/en\/wp-json\/wp\/v2\/product\/9280","targetHints":{"allow":["GET"]}}],"collection":[{"href":"https:\/\/juanagomezofficial.com\/en\/wp-json\/wp\/v2\/product"}],"about":[{"href":"https:\/\/juanagomezofficial.com\/en\/wp-json\/wp\/v2\/types\/product"}],"wp:featuredmedia":[{"embeddable":true,"href":"https:\/\/juanagomezofficial.com\/en\/wp-json\/wp\/v2\/media\/9235"}],"wp:attachment":[{"href":"https:\/\/juanagomezofficial.com\/en\/wp-json\/wp\/v2\/media?parent=9280"}],"wp:term":[{"taxonomy":"product_brand","embeddable":true,"href":"https:\/\/juanagomezofficial.com\/en\/wp-json\/wp\/v2\/product_brand?post=9280"},{"taxonomy":"product_cat","embeddable":true,"href":"https:\/\/juanagomezofficial.com\/en\/wp-json\/wp\/v2\/product_cat?post=9280"},{"taxonomy":"product_tag","embeddable":true,"href":"https:\/\/juanagomezofficial.com\/en\/wp-json\/wp\/v2\/product_tag?post=9280"}],"curies":[{"name":"wp","href":"https:\/\/api.w.org\/{rel}","templated":true}]}}