{"id":9223,"date":"2025-01-24T22:15:19","date_gmt":"2025-01-25T03:15:19","guid":{"rendered":"https:\/\/juanagomezofficial.com\/?post_type=product&#038;p=9223"},"modified":"2026-04-10T12:32:13","modified_gmt":"2026-04-10T17:32:13","slug":"poncho-emoji","status":"publish","type":"product","link":"https:\/\/juanagomezofficial.com\/en\/product\/poncho-emoji\/","title":{"rendered":"Poncho Emoji"},"content":{"rendered":"<p><strong>\u2022ENV\u00cdO: 2 a 3 D\u00cdAS H\u00c1BILES<br \/>\n<\/strong><\/p>\n<p><span style=\"color: #ff0000;\"><strong>PRENDA EN PERFECTO ESTADO<\/strong><\/span><\/p>\n<p><span style=\"color: #ff0000;\"><strong>IMPORTANTE: PRENDAS EN DESCUENTO NO TIENEN CAMBIO NI DEVOLUCI\u00d3N<\/strong><\/span><\/p>\n<p>Poncho tejido.<\/p>\n<p>\u2022Instrucciones de lavado: Lavar a mano, Prenda delicada, Almacenar doblado, no colgar.<\/p>\n<p>\u2022Garant\u00eda: 30 d\u00edas por defectos de fabricaci\u00f3n.<\/p>\n<p>\u2022El cliente tiene 2 d\u00edas h\u00e1biles despu\u00e9s de recibir el producto para notificar novedades en su compra y\/o para manifestar la intenci\u00f3n de cambio a Juana G\u00f3mez; el producto no debe presentar signos de uso aparente y debe conservar su embalaje original, el cliente deber\u00e1 correr con los gastos de env\u00edo. |en| Shipping: 4-7 working days<\/p>\n<p>Knit poncho.<\/p>\n<p>\u2022Washing instructions: Hand Wash, Delicate Garment, Store Folded, do not hang.<\/p>\n<p>\u2022Composition:100% Viscose<\/p>\n<p>\u2022Warranty: 30 days for manufacturing defects.<\/p>\n<p>\u2022Returns: The customer has 2 business days after receiving the product to express the intention of exchange to Juana Gomez; the product must not show signs of apparent use and must retain its original packaging, the customer must bear the shipping costs.<\/p>","protected":false},"excerpt":{"rendered":"<p>\u2022ENV\u00cdO: 2 a 3 D\u00cdAS H\u00c1BILES PRENDA EN PERFECTO ESTADO IMPORTANTE: PRENDAS EN DESCUENTO NO TIENEN CAMBIO NI DEVOLUCI\u00d3N Poncho tejido. \u2022Instrucciones de lavado: Lavar a mano, Prenda delicada, Almacenar doblado, no colgar. \u2022Garant\u00eda: 30 d\u00edas por defectos de fabricaci\u00f3n. \u2022El cliente tiene 2 d\u00edas h\u00e1biles despu\u00e9s de recibir el [&hellip;]<\/p>","protected":false},"featured_media":9239,"template":"","meta":[],"product_brand":[],"product_cat":[168,111,123,74],"product_tag":[],"class_list":{"0":"post-9223","1":"product","2":"type-product","3":"status-publish","4":"has-post-thumbnail","6":"product_cat-sale","7":"product_cat-colecciones","8":"product_cat-ventura","9":"product_cat-ponchos","11":"first","12":"instock","13":"sale","14":"taxable","15":"shipping-taxable","16":"purchasable","17":"product-type-simple"},"_links":{"self":[{"href":"https:\/\/juanagomezofficial.com\/en\/wp-json\/wp\/v2\/product\/9223","targetHints":{"allow":["GET"]}}],"collection":[{"href":"https:\/\/juanagomezofficial.com\/en\/wp-json\/wp\/v2\/product"}],"about":[{"href":"https:\/\/juanagomezofficial.com\/en\/wp-json\/wp\/v2\/types\/product"}],"wp:featuredmedia":[{"embeddable":true,"href":"https:\/\/juanagomezofficial.com\/en\/wp-json\/wp\/v2\/media\/9239"}],"wp:attachment":[{"href":"https:\/\/juanagomezofficial.com\/en\/wp-json\/wp\/v2\/media?parent=9223"}],"wp:term":[{"taxonomy":"product_brand","embeddable":true,"href":"https:\/\/juanagomezofficial.com\/en\/wp-json\/wp\/v2\/product_brand?post=9223"},{"taxonomy":"product_cat","embeddable":true,"href":"https:\/\/juanagomezofficial.com\/en\/wp-json\/wp\/v2\/product_cat?post=9223"},{"taxonomy":"product_tag","embeddable":true,"href":"https:\/\/juanagomezofficial.com\/en\/wp-json\/wp\/v2\/product_tag?post=9223"}],"curies":[{"name":"wp","href":"https:\/\/api.w.org\/{rel}","templated":true}]}}