{"id":9012,"date":"2024-09-28T16:13:56","date_gmt":"2024-09-28T21:13:56","guid":{"rendered":"https:\/\/juanagomezofficial.com\/product\/poncho-galaxia-malva\/"},"modified":"2026-03-18T14:22:22","modified_gmt":"2026-03-18T19:22:22","slug":"poncho-galaxia-malva","status":"publish","type":"product","link":"https:\/\/juanagomezofficial.com\/en\/product\/poncho-galaxia-malva\/","title":{"rendered":"Poncho Galaxia Malva"},"content":{"rendered":"<p><strong>\u2022ENV\u00cdO: 2 a 3 D\u00cdAS H\u00c1BILES<\/strong><\/p>\n<p>Poncho tejido con nuestro dise\u00f1o ic\u00f3nico de corazones pixelados y l\u00edneas, confeccionado en 100% viscosa, una fibra textil que combina materias primas de origen natural, ofreciendo suavidad y confort excepcionales. Esta prenda destaca por su delicado equilibrio entre modernidad y tradici\u00f3n, perfecta para quienes buscan estilo y autenticidad en cada detalle, cuenta con una modificaci\u00f3n que simula mangas para mayor comodidad en el uso diario.<\/p>\n<p>\u2022Composici\u00f3n: 100% Viscosa<\/p>\n<p>\u2022Instrucciones de lavado: Lavar a mano, Prenda delicada, Almacenar doblado, no colgar.<\/p>\n<p>\u2022Garant\u00eda: 30 d\u00edas por defectos de fabricaci\u00f3n.<\/p>\n<p>\u2022El cliente tiene 2 d\u00edas h\u00e1biles despu\u00e9s de recibir el producto para notificar novedades en su compra y\/o para manifestar la intenci\u00f3n de cambio a Juana G\u00f3mez; el producto no debe presentar signos de uso aparente y debe conservar su embalaje original, el cliente deber\u00e1 correr con los gastos de env\u00edo. |en| Shipping: 4-7 working days<\/p>\n<p>Knit poncho with our iconic pixelated heart and line design, crafted from 100% viscose, a textile fiber that blends natural raw materials, offering exceptional softness and comfort. This piece stands out for its delicate balance between modernity and tradition, perfect for those seeking style and authenticity in every detail, featuring a modification that simulates sleeves for greater comfort in everyday use.<\/p>\n<p>\u2022Washing instructions: Hand Wash, Delicate Garment, Store Folded, do not hang.<\/p>\n<p>\u2022Composition:100% Viscose<\/p>\n<p>\u2022Warranty: 30 days for manufacturing defects.<\/p>\n<p>\u2022Returns: The customer has 2 business days after receiving the product to express the intention of exchange to Juana Gomez; the product must not show signs of apparent use and must retain its original packaging, the customer must bear the shipping costs.<\/p>","protected":false},"excerpt":{"rendered":"<p>\u2022ENV\u00cdO: 2 a 3 D\u00cdAS H\u00c1BILES Poncho tejido con nuestro dise\u00f1o ic\u00f3nico de corazones pixelados y l\u00edneas, confeccionado en 100% viscosa, una fibra textil que combina materias primas de origen natural, ofreciendo suavidad y confort excepcionales. Esta prenda destaca por su delicado equilibrio entre modernidad y tradici\u00f3n, perfecta para quienes [&hellip;]<\/p>","protected":false},"featured_media":8695,"template":"","meta":[],"product_brand":[],"product_cat":[183,111,74],"product_tag":[],"class_list":{"0":"post-9012","1":"product","2":"type-product","3":"status-publish","4":"has-post-thumbnail","6":"product_cat-solar-capsule","7":"product_cat-colecciones","8":"product_cat-ponchos","10":"first","11":"instock","12":"taxable","13":"shipping-taxable","14":"purchasable","15":"product-type-simple"},"_links":{"self":[{"href":"https:\/\/juanagomezofficial.com\/en\/wp-json\/wp\/v2\/product\/9012","targetHints":{"allow":["GET"]}}],"collection":[{"href":"https:\/\/juanagomezofficial.com\/en\/wp-json\/wp\/v2\/product"}],"about":[{"href":"https:\/\/juanagomezofficial.com\/en\/wp-json\/wp\/v2\/types\/product"}],"wp:featuredmedia":[{"embeddable":true,"href":"https:\/\/juanagomezofficial.com\/en\/wp-json\/wp\/v2\/media\/8695"}],"wp:attachment":[{"href":"https:\/\/juanagomezofficial.com\/en\/wp-json\/wp\/v2\/media?parent=9012"}],"wp:term":[{"taxonomy":"product_brand","embeddable":true,"href":"https:\/\/juanagomezofficial.com\/en\/wp-json\/wp\/v2\/product_brand?post=9012"},{"taxonomy":"product_cat","embeddable":true,"href":"https:\/\/juanagomezofficial.com\/en\/wp-json\/wp\/v2\/product_cat?post=9012"},{"taxonomy":"product_tag","embeddable":true,"href":"https:\/\/juanagomezofficial.com\/en\/wp-json\/wp\/v2\/product_tag?post=9012"}],"curies":[{"name":"wp","href":"https:\/\/api.w.org\/{rel}","templated":true}]}}