{"id":8848,"date":"2024-07-17T21:55:42","date_gmt":"2024-07-18T02:55:42","guid":{"rendered":"https:\/\/juanagomezofficial.com\/?post_type=product&#038;p=8848"},"modified":"2026-03-10T15:23:17","modified_gmt":"2026-03-10T20:23:17","slug":"top-plisse-4","status":"publish","type":"product","link":"https:\/\/juanagomezofficial.com\/en\/product\/top-plisse-4\/","title":{"rendered":"Top Plisse."},"content":{"rendered":"<p><strong>\u2022ENV\u00cdO: 2 a 3 D\u00cdAS H\u00c1BILES<\/strong><\/p>\n<p>Nuestro Top Plisse con cuello halter presenta una textura plisada, tejido con hilos brillantes que le otorgan un car\u00e1cter \u00fanico. Su corte semi-entallado resalta la figura con elegancia..<\/p>\n<p>\u2022Composici\u00f3n: 81.5% Viscosa &#8211; 18.5% Lurex<\/p>\n<p>\u2022Instrucciones de lavado: Lavar a mano, Prenda delicada, Almacenar doblado, no colgar.<\/p>\n<p>\u2022Garant\u00eda: 30 d\u00edas por defectos de fabricaci\u00f3n.<\/p>\n<p>\u2022El cliente tiene 2 d\u00edas h\u00e1biles despu\u00e9s de recibir el producto para notificar novedades en su compra y\/o para manifestar la intenci\u00f3n de cambio a Juana G\u00f3mez; el producto no debe presentar signos de uso aparente y debe conservar su embalaje original, el cliente deber\u00e1 correr con los gastos de env\u00edo. |en| <strong>Shipping: 3-7 working days<\/strong><\/p>\n<p>Our Plisse Halter Top features a pleated texture, woven with shimmering threads that give it a unique character. Its semi-fitted cut elegantly enhances the figure.<\/p>\n<p>\u2022Washing instructions: Hand Wash, Delicate Garment, Store Folded, do not hang.<\/p>\n<p>\u2022Composition: 81.5% Viscose &#8211; 18.5% Lurex<\/p>\n<p>\u2022Made by Colombian artisans.<\/p>\n<p>\u2022Warranty: 30 days for manufacturing defects.<\/p>\n<p>\u2022Returns: The customer has 2 business days after receiving the product to express the intention of exchange to Juana Gomez; the product must not show signs of apparent use and must retain its original packaging, the customer must bear the shipping costs.<\/p>","protected":false},"excerpt":{"rendered":"<p>\u2022ENV\u00cdO: 2 a 3 D\u00cdAS H\u00c1BILES Nuestro Top Plisse con cuello halter presenta una textura plisada, tejido con hilos brillantes que le otorgan un car\u00e1cter \u00fanico. Su corte semi-entallado resalta la figura con elegancia.. \u2022Composici\u00f3n: 81.5% Viscosa &#8211; 18.5% Lurex \u2022Instrucciones de lavado: Lavar a mano, Prenda delicada, Almacenar doblado, [&hellip;]<\/p>","protected":false},"featured_media":8448,"template":"","meta":[],"product_brand":[],"product_cat":[183,120,111],"product_tag":[],"class_list":{"0":"post-8848","1":"product","2":"type-product","3":"status-publish","4":"has-post-thumbnail","6":"product_cat-solar-capsule","7":"product_cat-tops","8":"product_cat-colecciones","10":"first","11":"instock","12":"taxable","13":"shipping-taxable","14":"purchasable","15":"product-type-variable"},"_links":{"self":[{"href":"https:\/\/juanagomezofficial.com\/en\/wp-json\/wp\/v2\/product\/8848","targetHints":{"allow":["GET"]}}],"collection":[{"href":"https:\/\/juanagomezofficial.com\/en\/wp-json\/wp\/v2\/product"}],"about":[{"href":"https:\/\/juanagomezofficial.com\/en\/wp-json\/wp\/v2\/types\/product"}],"wp:featuredmedia":[{"embeddable":true,"href":"https:\/\/juanagomezofficial.com\/en\/wp-json\/wp\/v2\/media\/8448"}],"wp:attachment":[{"href":"https:\/\/juanagomezofficial.com\/en\/wp-json\/wp\/v2\/media?parent=8848"}],"wp:term":[{"taxonomy":"product_brand","embeddable":true,"href":"https:\/\/juanagomezofficial.com\/en\/wp-json\/wp\/v2\/product_brand?post=8848"},{"taxonomy":"product_cat","embeddable":true,"href":"https:\/\/juanagomezofficial.com\/en\/wp-json\/wp\/v2\/product_cat?post=8848"},{"taxonomy":"product_tag","embeddable":true,"href":"https:\/\/juanagomezofficial.com\/en\/wp-json\/wp\/v2\/product_tag?post=8848"}],"curies":[{"name":"wp","href":"https:\/\/api.w.org\/{rel}","templated":true}]}}