{"id":8651,"date":"2024-07-17T09:35:14","date_gmt":"2024-07-17T14:35:14","guid":{"rendered":"https:\/\/juanagomezofficial.com\/?post_type=product&#038;p=8651"},"modified":"2026-03-12T15:44:49","modified_gmt":"2026-03-12T20:44:49","slug":"corazon-de-azucar-marfil","status":"publish","type":"product","link":"https:\/\/juanagomezofficial.com\/en\/product\/corazon-de-azucar-marfil\/","title":{"rendered":"Coraz\u00f3n de Az\u00facar Marfil"},"content":{"rendered":"<p>\u2022<strong>ENV\u00cdO: 2 a 3 D\u00cdAS H\u00c1BILES<\/strong><\/p>\n<p>Nuestro Saco Coraz\u00f3n de Az\u00facar es tejido en m\u00e1quina manual hecho por artesanas colombianas, su fibra es fresca y abrigadora. \u00bfQue esperas para crear los m\u00e1s divertidos recuerdos?<\/p>\n<p>Todas nuestras prendas incluyen un pin de coraz\u00f3n<br \/>\nPrenda tambi\u00e9n disponible en versi\u00f3n Kids para hacer un incre\u00edble Match con tu mini tu.<\/p>\n<p>Eli nuestra mini modelo mide 81cm y est\u00e1 usando la Talla 2.<\/p>\n<p>\u2022Material: 25% Algod\u00f3n Pima \u2013 75% Acrilico<\/p>\n<p>\u2022Pa\u00eds de fabricaci\u00f3n: Colombia, tejido en m\u00e1quina manual hecho por artesanas colombianas<\/p>\n<p>\u2022Cuidados:<\/p>\n<p>\u2022PRENDA DELICADA<\/p>\n<p>\u2022ALMACENAR DOBLADO, NO COLGAR<\/p>\n<p>\u2022No lavado en seco<\/p>\n<p>\u2022No secadora<\/p>\n<p>\u2022No blanqueador<\/p>\n<p>\u2022No dejar en Remojo<\/p>\n<p>\u2022Secar extendido a la sombra en superficie plana<\/p>\n<p>\u2022Planchar a temperatura baja-media (no mayor a 100\u00b0C)<\/p>\n<p>\u2022Garant\u00eda: 30 d\u00edas por defectos de fabricaci\u00f3n.<\/p>\n<p>\u2022Devoluciones: El cliente tiene 2 d\u00edas h\u00e1biles despu\u00e9s de recibir el producto para notificar novedades en su compra y\/o manifestar la intenci\u00f3n de cambio a Juana G\u00f3mez; el producto no debe presentar se\u00f1ales de uso aparente y debe conservar su pin y empaque original. El cliente asume los costos de env\u00edo.<\/p>\n<p>|en| \u2022<strong>Shipping:4 to 7 business days.<\/strong><\/p>\n<p>Our Coraz\u00f3n de Az\u00facar Sweater is woven on a manual machine made by Colombian artisans, its fiber is fresh and warm.<\/p>\n<p>Also available in kid&#8217;s version.<\/p>\n<p>What are you waiting for to make the happiest memories with your child?<\/p>\n<p>All our garments include a heart pin<br \/>\nOur girl model is wearing the size 2.<\/p>\n<p>\u2022Material: 25% Pima Cotton \u2013 75% Acrylic Wool<\/p>\n<p>\u2022Made by Colombian artisans<\/p>\n<p>\u2022Care:<\/p>\n<p>\u2022DELICATE GARMENT<\/p>\n<p>\u2022STORE FOLDED, DO NOT HANG<\/p>\n<p>\u2022Not dry clean<\/p>\n<p>\u2022No tumble dryer<\/p>\n<p>\u2022No bleach<\/p>\n<p>\u2022No soak<\/p>\n<p>\u2022Dry spread in the shade on a flat surface<\/p>\n<p>\u2022Iron at low-medium temperature (no higher than 100 \u00b0C )<\/p>\n<p>\u2022Warranty: 30 days for manufacturing defects.<\/p>\n<p>\u2022Returns:The customer has 2 business days after receiving the product to express the intention of exchange to Juana Gomez; the product must not show signs of apparent use and must retain it\u2019s original packaging, the customer must bear the shipping costs.<\/p>","protected":false},"excerpt":{"rendered":"<p>\u2022ENV\u00cdO: 2 a 3 D\u00cdAS H\u00c1BILES Nuestro Saco Coraz\u00f3n de Az\u00facar es tejido en m\u00e1quina manual hecho por artesanas colombianas, su fibra es fresca y abrigadora. \u00bfQue esperas para crear los m\u00e1s divertidos recuerdos? Todas nuestras prendas incluyen un pin de coraz\u00f3n Prenda tambi\u00e9n disponible en versi\u00f3n Kids para hacer [&hellip;]<\/p>\n","protected":false},"featured_media":8685,"template":"","meta":[],"product_brand":[],"product_cat":[111,174,173,76],"product_tag":[],"class_list":{"0":"post-8651","1":"product","2":"type-product","3":"status-publish","4":"has-post-thumbnail","6":"product_cat-colecciones","7":"product_cat-color-sol","8":"product_cat-corazon-de-azucar","9":"product_cat-sacos","11":"first","12":"instock","13":"taxable","14":"shipping-taxable","15":"purchasable","16":"product-type-variable"},"_links":{"self":[{"href":"https:\/\/juanagomezofficial.com\/en\/wp-json\/wp\/v2\/product\/8651","targetHints":{"allow":["GET"]}}],"collection":[{"href":"https:\/\/juanagomezofficial.com\/en\/wp-json\/wp\/v2\/product"}],"about":[{"href":"https:\/\/juanagomezofficial.com\/en\/wp-json\/wp\/v2\/types\/product"}],"wp:featuredmedia":[{"embeddable":true,"href":"https:\/\/juanagomezofficial.com\/en\/wp-json\/wp\/v2\/media\/8685"}],"wp:attachment":[{"href":"https:\/\/juanagomezofficial.com\/en\/wp-json\/wp\/v2\/media?parent=8651"}],"wp:term":[{"taxonomy":"product_brand","embeddable":true,"href":"https:\/\/juanagomezofficial.com\/en\/wp-json\/wp\/v2\/product_brand?post=8651"},{"taxonomy":"product_cat","embeddable":true,"href":"https:\/\/juanagomezofficial.com\/en\/wp-json\/wp\/v2\/product_cat?post=8651"},{"taxonomy":"product_tag","embeddable":true,"href":"https:\/\/juanagomezofficial.com\/en\/wp-json\/wp\/v2\/product_tag?post=8651"}],"curies":[{"name":"wp","href":"https:\/\/api.w.org\/{rel}","templated":true}]}}