{"id":8458,"date":"2024-05-04T18:35:28","date_gmt":"2024-05-04T23:35:28","guid":{"rendered":"https:\/\/juanagomezofficial.com\/?post_type=product&#038;p=8458"},"modified":"2026-03-10T14:55:31","modified_gmt":"2026-03-10T19:55:31","slug":"chaqueta-sol-camel","status":"publish","type":"product","link":"https:\/\/juanagomezofficial.com\/en\/product\/chaqueta-sol-camel\/","title":{"rendered":"Chaqueta Sol Camel"},"content":{"rendered":"<p><strong>\u2022ENV\u00cdO: <\/strong><strong>2 a 3 D\u00cdAS H\u00c1BILES<\/strong><\/p>\n<p>\u00abAbriste los ojos y el Sol guard\u00f3 su pincel, porque tu pintas el paisaje mejor que \u00e9l\u00bb<\/p>\n<p>Chaqueta Sol con mangas tejidas con hilos brillantes y confeccionada en una suave y el\u00e1stica tela que garantiza comodidad. Con bolsillos superiores, cuello tipo camisero, botones forrados y dije met\u00e1lico de nuestro ic\u00f3nico coraz\u00f3n hacen de esta prenda una pieza imprescindible en tu armario.<\/p>\n<p>\u2022Composici\u00f3n: Chaqueta: 97% Poliester &#8211; 3% Spandex | Mangas: 90% Viscosa &#8211; 10% Lurex<\/p>\n<p>\u2022Instrucciones de lavado: Lavar a mano, Prenda delicada.<\/p>\n<p>\u2022Uso: Anna nuestra modelo mide 1,73mt. y esta usando la talla S<\/p>\n<p>\u2022Garant\u00eda: 30 d\u00edas por defectos de fabricaci\u00f3n.<\/p>\n<p>\u2022El cliente tiene 2 d\u00edas h\u00e1biles despu\u00e9s de recibir el producto para notificar novedades en su compra y\/o para manifestar la intenci\u00f3n de cambio a Juana G\u00f3mez; el producto no debe presentar signos de uso aparente y debe conservar su embalaje original, el cliente deber\u00e1 correr con los gastos de env\u00edo. |en| Shipping: 3-7 working days<\/p>\n<p>Sol Jacket with sleeves woven with bright threads and crafted from a soft, elastic fabric ensuring comfort. Featuring upper pockets, a shirt-style collar, covered buttons, and our iconic heart-shaped metal charm, this garment becomes an essential piece in your wardrobe.<\/p>\n<p>\u2022Washing instructions: Hand Wash, Delicate Garment.<\/p>\n<p>\u2022Composition: Jacket: 97% Polyester &#8211; 3% Spandex | Sleeves: 90% Viscose 10% Lurex<\/p>\n<p>\u2022Wearing: The model is 1.73 m wearing size S<\/p>\n<p>\u2022Made by Colombian artisans.<\/p>\n<p>\u2022Warranty: 30 days for manufacturing defects.<\/p>\n<p>\u2022Returns: The customer has 2 business days after receiving the product to express the intention of exchange to Juana Gomez; the product must not show signs of apparent use and must retain its original packaging, the customer must bear the shipping costs.<\/p>","protected":false},"excerpt":{"rendered":"<p>\u2022ENV\u00cdO: 2 a 3 D\u00cdAS H\u00c1BILES \u00abAbriste los ojos y el Sol guard\u00f3 su pincel, porque tu pintas el paisaje mejor que \u00e9l\u00bb Chaqueta Sol con mangas tejidas con hilos brillantes y confeccionada en una suave y el\u00e1stica tela que garantiza comodidad. Con bolsillos superiores, cuello tipo camisero, botones forrados [&hellip;]<\/p>","protected":false},"featured_media":8451,"template":"","meta":[],"product_brand":[],"product_cat":[182,183,111],"product_tag":[],"class_list":{"0":"post-8458","1":"product","2":"type-product","3":"status-publish","4":"has-post-thumbnail","6":"product_cat-chaquetas","7":"product_cat-solar-capsule","8":"product_cat-colecciones","10":"first","11":"instock","12":"taxable","13":"shipping-taxable","14":"purchasable","15":"product-type-variable"},"_links":{"self":[{"href":"https:\/\/juanagomezofficial.com\/en\/wp-json\/wp\/v2\/product\/8458","targetHints":{"allow":["GET"]}}],"collection":[{"href":"https:\/\/juanagomezofficial.com\/en\/wp-json\/wp\/v2\/product"}],"about":[{"href":"https:\/\/juanagomezofficial.com\/en\/wp-json\/wp\/v2\/types\/product"}],"wp:featuredmedia":[{"embeddable":true,"href":"https:\/\/juanagomezofficial.com\/en\/wp-json\/wp\/v2\/media\/8451"}],"wp:attachment":[{"href":"https:\/\/juanagomezofficial.com\/en\/wp-json\/wp\/v2\/media?parent=8458"}],"wp:term":[{"taxonomy":"product_brand","embeddable":true,"href":"https:\/\/juanagomezofficial.com\/en\/wp-json\/wp\/v2\/product_brand?post=8458"},{"taxonomy":"product_cat","embeddable":true,"href":"https:\/\/juanagomezofficial.com\/en\/wp-json\/wp\/v2\/product_cat?post=8458"},{"taxonomy":"product_tag","embeddable":true,"href":"https:\/\/juanagomezofficial.com\/en\/wp-json\/wp\/v2\/product_tag?post=8458"}],"curies":[{"name":"wp","href":"https:\/\/api.w.org\/{rel}","templated":true}]}}