{"id":8456,"date":"2024-05-04T18:35:28","date_gmt":"2024-05-04T23:35:28","guid":{"rendered":"https:\/\/juanagomezofficial.com\/?post_type=product&#038;p=8456"},"modified":"2026-03-13T11:01:15","modified_gmt":"2026-03-13T16:01:15","slug":"pantalon-sol-marfil","status":"publish","type":"product","link":"https:\/\/juanagomezofficial.com\/en\/product\/pantalon-sol-marfil\/","title":{"rendered":"Pantal\u00f3n Sol Marfil"},"content":{"rendered":"<p><strong>\u2022ENV\u00cdO: 2 a 3<\/strong><strong>\u00a0D\u00cdAS H\u00c1BILES<\/strong><\/p>\n<p>\u00abAbriste los ojos y el Sol guard\u00f3 su pincel, porque tu pintas el paisaje mejor que \u00e9l\u00bb<\/p>\n<p>Nuestro Pantal\u00f3n Sol es sin\u00f3nimo de comodidad gracias a su suave tela acanalada y el\u00e1stica. Con tiro alto, bolsillos tipo parche, cierre con cremallera y un bolsillo con nuestro distintivo coraz\u00f3n bordado en hilo dorado. Adem\u00e1s, incluye el Cintur\u00f3n Galaxia, tejido minuciosamente con hilos brillantes por h\u00e1biles manos artesanas.<\/p>\n<p>\u2022Composici\u00f3n: Pantal\u00f3n: 97% Poliester &#8211; 3% Spandex | Cintur\u00f3n: 94% Nylon &#8211; 6% Lurex<\/p>\n<p>\u2022Instrucciones de lavado: Lavar a mano, Prenda delicada, Almacenar doblado, no colgar.<\/p>\n<p>\u2022Uso: Anna nuestra modelo mide 1,73mt. y esta usando la talla S<\/p>\n<p>\u2022Garant\u00eda: 30 d\u00edas por defectos de fabricaci\u00f3n.<\/p>\n<p>\u2022El cliente tiene 2 d\u00edas h\u00e1biles despu\u00e9s de recibir el producto para notificar novedades en su compra y\/o para manifestar la intenci\u00f3n de cambio a Juana G\u00f3mez; el producto no debe presentar signos de uso aparente y debe conservar su embalaje original, el cliente deber\u00e1 correr con los gastos de env\u00edo. |en| Shipping: 3-7 working days<\/p>\n<p>Elevate your style with our Sol Pants, crafted for comfort from soft, stretchy ribbed fabric. These high-waisted pants feature patch pockets, a zipper closure, and a pocket adorned with our signature heart embroidery in golden thread. The ensemble is completed with the Galaxia Belt, meticulously handwoven with shimmering threads by skilled artisans.<\/p>\n<p>\u2022Washing instructions: Hand Wash, Delicate Garment, Store Folded, do not hang.<\/p>\n<p>\u2022Composition: Pant: 97% Polyester &#8211; 3% Spandex | Belt: 94% Nylon &#8211; 6% Lurex<\/p>\n<p>\u2022Wearing: The model is 1.73 m wearing size S<\/p>\n<p>\u2022Made by Colombian artisans.<\/p>\n<p>\u2022Warranty: 30 days for manufacturing defects.<\/p>\n<p>\u2022Returns: The customer has 2 business days after receiving the product to express the intention of exchange to Juana Gomez; the product must not show signs of apparent use and must retain its original packaging, the customer must bear the shipping costs.<\/p>","protected":false},"excerpt":{"rendered":"<p>\u2022ENV\u00cdO: 2 a 3\u00a0D\u00cdAS H\u00c1BILES \u00abAbriste los ojos y el Sol guard\u00f3 su pincel, porque tu pintas el paisaje mejor que \u00e9l\u00bb Nuestro Pantal\u00f3n Sol es sin\u00f3nimo de comodidad gracias a su suave tela acanalada y el\u00e1stica. Con tiro alto, bolsillos tipo parche, cierre con cremallera y un bolsillo con [&hellip;]<\/p>","protected":false},"featured_media":8446,"template":"","meta":[],"product_brand":[],"product_cat":[183,117,111],"product_tag":[],"class_list":{"0":"post-8456","1":"product","2":"type-product","3":"status-publish","4":"has-post-thumbnail","6":"product_cat-solar-capsule","7":"product_cat-pantalones","8":"product_cat-colecciones","10":"first","11":"instock","12":"taxable","13":"shipping-taxable","14":"purchasable","15":"product-type-variable"},"_links":{"self":[{"href":"https:\/\/juanagomezofficial.com\/en\/wp-json\/wp\/v2\/product\/8456","targetHints":{"allow":["GET"]}}],"collection":[{"href":"https:\/\/juanagomezofficial.com\/en\/wp-json\/wp\/v2\/product"}],"about":[{"href":"https:\/\/juanagomezofficial.com\/en\/wp-json\/wp\/v2\/types\/product"}],"wp:featuredmedia":[{"embeddable":true,"href":"https:\/\/juanagomezofficial.com\/en\/wp-json\/wp\/v2\/media\/8446"}],"wp:attachment":[{"href":"https:\/\/juanagomezofficial.com\/en\/wp-json\/wp\/v2\/media?parent=8456"}],"wp:term":[{"taxonomy":"product_brand","embeddable":true,"href":"https:\/\/juanagomezofficial.com\/en\/wp-json\/wp\/v2\/product_brand?post=8456"},{"taxonomy":"product_cat","embeddable":true,"href":"https:\/\/juanagomezofficial.com\/en\/wp-json\/wp\/v2\/product_cat?post=8456"},{"taxonomy":"product_tag","embeddable":true,"href":"https:\/\/juanagomezofficial.com\/en\/wp-json\/wp\/v2\/product_tag?post=8456"}],"curies":[{"name":"wp","href":"https:\/\/api.w.org\/{rel}","templated":true}]}}