{"id":8089,"date":"2023-10-28T18:47:15","date_gmt":"2023-10-28T23:47:15","guid":{"rendered":"https:\/\/juanagomezofficial.com\/?post_type=product&#038;p=8089"},"modified":"2025-01-23T18:54:57","modified_gmt":"2025-01-23T23:54:57","slug":"pantalon-nube-marfil","status":"publish","type":"product","link":"https:\/\/juanagomezofficial.com\/en\/product\/pantalon-nube-marfil\/","title":{"rendered":"Pantal\u00f3n Nube Marfil"},"content":{"rendered":"<p><strong>\u2022ENV\u00cdO: 2 a 3 D\u00cdAS H\u00c1BILES<\/strong><\/p>\n<p><em>\u00abComo el sol ten\u00eda miedo se escondi\u00f3 en una nube\u00bb<\/em><\/p>\n<p>Nuestro Pantal\u00f3n Nube tejido en t\u00e9cnica manual con puntada acanalada, su Fit es al cuerpo de tiro alto y bota recta con detalle en ruedo realizado 100% a mano en t\u00e9cnica de crochet. Comb\u00ednalo con <a href=\"https:\/\/juanagomezofficial.com\/en\/product\/top-constelacion-plata\/\">TOP CONSTELACI\u00d3N PLATA<\/a><\/p>\n<p><strong>\u2022Composici\u00f3n:<\/strong> Superior 25% Algod\u00f3n Pima &#8211; 75% Acr\u00edlico. Inferior 94% Nylon \u2013 6% Lurex<\/p>\n<p><strong>\u2022Instrucciones de lavado:<\/strong> Lavar a mano, Prenda delicada, Almacenar doblado, no colgar.<\/p>\n<p><strong>\u2022Uso:<\/strong> Sary nuestra modelo mide 1,80 mt. y esta usando la talla S<\/p>\n<p><strong>\u2022Garant\u00eda:<\/strong> 30 d\u00edas por defectos de fabricaci\u00f3n.<\/p>\n<p>\u2022El cliente tiene 2 d\u00edas h\u00e1biles despu\u00e9s de recibir el producto para notificar novedades en su compra y\/o para manifestar la intenci\u00f3n de cambio a Juana G\u00f3mez; el producto no debe presentar signos de uso aparente y debe conservar su embalaje original, el cliente deber\u00e1 correr con los gastos de env\u00edo. |en| Shipping: 4-7 working days<\/p>\n<p><strong>\u2022Washing instructions:<\/strong> Hand Wash, Delicate Garment, Store Folded, do not hang.<\/p>\n<p><strong>\u2022Composition:<\/strong> Nylon 94%, Lurex 6% | 25% Pima Cotton &#8211; 75% Acrylic<\/p>\n<p><strong>\u2022Wearing:<\/strong> The model is 1.80 m wearing size S<\/p>\n<p>The model is also styled with: <a href=\"https:\/\/juanagomezofficial.com\/en\/product\/top-constelacion-plata\/\">CONSTELACI\u00d3N TOP &#8211; SILVER<\/a><\/p>\n<p>\u2022Made by Colombian artisans.<\/p>\n<p><strong>\u2022Warranty:<\/strong> 30 days for manufacturing defects.<\/p>\n<p>\u2022<strong>Returns:<\/strong> The customer has 2 business days after receiving the product to express the intention of exchange to Juana Gomez; the product must not show signs of apparent use and must retain its original packaging, the customer must bear the shipping costs.<\/p>","protected":false},"excerpt":{"rendered":"<p>\u2022ENV\u00cdO: 2 a 3 D\u00cdAS H\u00c1BILES \u00abComo el sol ten\u00eda miedo se escondi\u00f3 en una nube\u00bb Nuestro Pantal\u00f3n Nube tejido en t\u00e9cnica manual con puntada acanalada, su Fit es al cuerpo de tiro alto y bota recta con detalle en ruedo realizado 100% a mano en t\u00e9cnica de crochet. Comb\u00ednalo [&hellip;]<\/p>\n","protected":false},"featured_media":7912,"template":"","meta":[],"product_brand":[],"product_cat":[111,174,117],"product_tag":[],"class_list":{"0":"post-8089","1":"product","2":"type-product","3":"status-publish","4":"has-post-thumbnail","6":"product_cat-colecciones","7":"product_cat-color-sol","8":"product_cat-pantalones","10":"first","11":"outofstock","12":"taxable","13":"shipping-taxable","14":"product-type-variable"},"_links":{"self":[{"href":"https:\/\/juanagomezofficial.com\/en\/wp-json\/wp\/v2\/product\/8089","targetHints":{"allow":["GET"]}}],"collection":[{"href":"https:\/\/juanagomezofficial.com\/en\/wp-json\/wp\/v2\/product"}],"about":[{"href":"https:\/\/juanagomezofficial.com\/en\/wp-json\/wp\/v2\/types\/product"}],"wp:featuredmedia":[{"embeddable":true,"href":"https:\/\/juanagomezofficial.com\/en\/wp-json\/wp\/v2\/media\/7912"}],"wp:attachment":[{"href":"https:\/\/juanagomezofficial.com\/en\/wp-json\/wp\/v2\/media?parent=8089"}],"wp:term":[{"taxonomy":"product_brand","embeddable":true,"href":"https:\/\/juanagomezofficial.com\/en\/wp-json\/wp\/v2\/product_brand?post=8089"},{"taxonomy":"product_cat","embeddable":true,"href":"https:\/\/juanagomezofficial.com\/en\/wp-json\/wp\/v2\/product_cat?post=8089"},{"taxonomy":"product_tag","embeddable":true,"href":"https:\/\/juanagomezofficial.com\/en\/wp-json\/wp\/v2\/product_tag?post=8089"}],"curies":[{"name":"wp","href":"https:\/\/api.w.org\/{rel}","templated":true}]}}