{"id":8084,"date":"2023-10-28T18:47:14","date_gmt":"2023-10-28T23:47:14","guid":{"rendered":"https:\/\/juanagomezofficial.com\/?post_type=product&#038;p=8084"},"modified":"2026-03-11T11:42:25","modified_gmt":"2026-03-11T16:42:25","slug":"pantalon-sierra-dorado","status":"publish","type":"product","link":"https:\/\/juanagomezofficial.com\/en\/product\/pantalon-sierra-dorado\/","title":{"rendered":"Pantal\u00f3n Sierra Dorado"},"content":{"rendered":"<p><strong>\u2022ENV\u00cdO: 2 a 3 D\u00cdAS H\u00c1BILES<\/strong><\/p>\n<p><em>\u00abAhora se llega a la cima bajando por la sierra, la tierra ya no gira, t\u00fa giras por la tierra\u00bb<\/em><\/p>\n<p>Nuestro Pantal\u00f3n Sierra tejido en t\u00e9cnica manual con puntada de corazones encontrados, su Fit es al cuerpo de tiro alto y bota recta con flecos hechos y confeccionados uno a uno a mano por artesanas colombianas. \u00fasalo con <a href=\"https:\/\/juanagomezofficial.com\/en\/product\/top-constelacion-dorado\/\">TOP CONSTELACI\u00d3N DORADO<\/a><\/p>\n<p><strong>\u2022Composici\u00f3n:<\/strong> 94% Nylon \u2013 6% Lurex<\/p>\n<p><strong>\u2022Instrucciones de lavado:<\/strong> Lavar a mano, Prenda delicada, Almacenar doblado, no colgar.<\/p>\n<p><strong>\u2022Uso:<\/strong> Sary nuestra modelo mide 1,80 mt. y esta usando la talla S<\/p>\n<p>\u2022El cliente tiene 2 d\u00edas h\u00e1biles despu\u00e9s de recibir el producto para notificar novedades en su compra y\/o para manifestar la intenci\u00f3n de cambio a Juana G\u00f3mez; el producto no debe presentar signos de uso aparente y debe conservar su embalaje original, el cliente deber\u00e1 correr con los gastos de env\u00edo. |en| Shipping: 4-7 working days.<\/p>\n<p>Our Sierra Pants are woven using a manual technique with randomly placed heart-shaped stitches. They have a high-waisted, straight-leg fit with fringes meticulously handmade by Colombian artisans. Pair them with the\u00a0 <a href=\"https:\/\/juanagomezofficial.com\/en\/product\/top-constelacion-dorado\/\">GOLD CONSTELACI\u00d3N TOP<\/a><\/p>\n<p><strong>\u2022Washing instructions:<\/strong> Hand Wash, Delicate Garment, Store Folded, do not hang.<\/p>\n<p><strong>\u2022Composition:<\/strong> Nylon 94%, Lurex 6%<\/p>\n<p><strong>\u2022Wearing:<\/strong> The model is 1.80 m wearing size S<\/p>\n<p>Also styled with: <a href=\"https:\/\/juanagomezofficial.com\/en\/product\/top-constelacion-dorado\/\">CONSTELACI\u00d3N TOP &#8211; GOLD<\/a><\/p>\n<p>\u2022Made by Colombian artisans.<\/p>\n<p><strong>\u2022Returns:<\/strong> The customer has 2 business days after receiving the product to express the intention of exchange to Juana Gomez; the product must not show signs of apparent use and must retain its original packaging, the customer must bear the shipping costs.<\/p>","protected":false},"excerpt":{"rendered":"<p>\u2022ENV\u00cdO: 2 a 3 D\u00cdAS H\u00c1BILES \u00abAhora se llega a la cima bajando por la sierra, la tierra ya no gira, t\u00fa giras por la tierra\u00bb Nuestro Pantal\u00f3n Sierra tejido en t\u00e9cnica manual con puntada de corazones encontrados, su Fit es al cuerpo de tiro alto y bota recta con [&hellip;]<\/p>\n","protected":false},"featured_media":8413,"template":"","meta":[],"product_brand":[],"product_cat":[111,174,117],"product_tag":[],"class_list":{"0":"post-8084","1":"product","2":"type-product","3":"status-publish","4":"has-post-thumbnail","6":"product_cat-colecciones","7":"product_cat-color-sol","8":"product_cat-pantalones","10":"first","11":"instock","12":"sale","13":"taxable","14":"shipping-taxable","15":"purchasable","16":"product-type-variable"},"_links":{"self":[{"href":"https:\/\/juanagomezofficial.com\/en\/wp-json\/wp\/v2\/product\/8084","targetHints":{"allow":["GET"]}}],"collection":[{"href":"https:\/\/juanagomezofficial.com\/en\/wp-json\/wp\/v2\/product"}],"about":[{"href":"https:\/\/juanagomezofficial.com\/en\/wp-json\/wp\/v2\/types\/product"}],"wp:featuredmedia":[{"embeddable":true,"href":"https:\/\/juanagomezofficial.com\/en\/wp-json\/wp\/v2\/media\/8413"}],"wp:attachment":[{"href":"https:\/\/juanagomezofficial.com\/en\/wp-json\/wp\/v2\/media?parent=8084"}],"wp:term":[{"taxonomy":"product_brand","embeddable":true,"href":"https:\/\/juanagomezofficial.com\/en\/wp-json\/wp\/v2\/product_brand?post=8084"},{"taxonomy":"product_cat","embeddable":true,"href":"https:\/\/juanagomezofficial.com\/en\/wp-json\/wp\/v2\/product_cat?post=8084"},{"taxonomy":"product_tag","embeddable":true,"href":"https:\/\/juanagomezofficial.com\/en\/wp-json\/wp\/v2\/product_tag?post=8084"}],"curies":[{"name":"wp","href":"https:\/\/api.w.org\/{rel}","templated":true}]}}