{"id":8058,"date":"2023-10-28T18:47:08","date_gmt":"2023-10-28T23:47:08","guid":{"rendered":"https:\/\/juanagomezofficial.com\/?post_type=product&#038;p=8058"},"modified":"2026-03-12T11:58:33","modified_gmt":"2026-03-12T16:58:33","slug":"top-constelacion-rosa","status":"publish","type":"product","link":"https:\/\/juanagomezofficial.com\/en\/product\/top-constelacion-rosa\/","title":{"rendered":"Top Constelaci\u00f3n Rosa"},"content":{"rendered":"<p><strong>\u2022ENV\u00cdO: 2 a 3 D\u00cdAS H\u00c1BILES<\/strong><\/p>\n<p><em>\u00abCuando amanece, tu lindura\u2026 Cualquier constelaci\u00f3n se pone insegura\u00bb<\/em><\/p>\n<p>Nuestro Top Constelaci\u00f3n realizado 100% a mano en t\u00e9cnica de crochet por artesanas colombianas, acompa\u00f1alo con la <a href=\"https:\/\/juanagomezofficial.com\/en\/product\/falda-constelacion-plata\/\">FALDA CONSTELACI\u00d3N PLATA<\/a> o con el <a href=\"https:\/\/juanagomezofficial.com\/en\/?s=PANTALON+SIERRA&amp;post_type=product\">PANTAL\u00d3N SIERRA<\/a>. Puedes llevarlo con el Top de Fondo dise\u00f1ado especialmente para esta prenda. <a href=\"https:\/\/juanagomezofficial.com\/en\/product\/fondo-top\/\">VER TOP BASE<\/a><\/p>\n<p><strong>\u2022Composici\u00f3n:<\/strong>100% Nylon<\/p>\n<p><strong>\u2022Instrucciones de lavado:<\/strong> Lavar a mano, Prenda delicada, Almacenar doblado, no colgar.<\/p>\n<p><strong>\u2022Uso:<\/strong> Sary nuestra modelo mide 1,80 mt. y esta usando la talla S<\/p>\n<p>\u2022<strong>Garant\u00eda:<\/strong> 30 d\u00edas por defectos de fabricaci\u00f3n.<\/p>\n<p>\u2022El cliente tiene 2 d\u00edas h\u00e1biles despu\u00e9s de recibir el producto para notificar novedades en su compra y\/o para manifestar la intenci\u00f3n de cambio a Juana G\u00f3mez; el producto no debe presentar signos de uso aparente y debe conservar su embalaje original, el cliente deber\u00e1 correr con los gastos de env\u00edo. |en|<\/p>\n<p><strong>Shipping: 4-7 working days<\/strong><\/p>\n<p>Constelaci\u00f3n Top, hand-knit using a special crochet technique by Colombian artisans. Features a square-cut neckline and back, and a fitted silhouette. Pair it with the Bottom Tank Top, specially designed for this garment. Perfectly complements the Constelaci\u00f3n Skirt or Sierra Pants. <strong>Highlights:<\/strong><\/p>\n<ul>\n<li>Square-cut neckline and back<\/li>\n<li>Fitted silhouette<\/li>\n<li>Cropped hem.<\/li>\n<\/ul>\n<p><strong>\u2022Washing instructions:<\/strong> Hand Wash, Delicate Garment, Store Folded, do not hang.<\/p>\n<p><strong>\u2022Composition:<\/strong> 100% Nylon<\/p>\n<p><strong>\u2022Wearing:<\/strong> The model is 1.80 m wearing size S<\/p>\n<p>The model is also styled with: <a href=\"https:\/\/juanagomezofficial.com\/en\/product\/falda-constelacion-plata\/\">CONSTELACI\u00d3N SKIRT &#8211; SILVER<\/a> ,\u00a0<a href=\"https:\/\/juanagomezofficial.com\/en\/?s=PANTALON+SIERRA&amp;post_type=product\">SIERRA PANTS<\/a> , <a href=\"https:\/\/juanagomezofficial.com\/en\/product\/fondo-top\/\">CROPPED TANK TOP<\/a><\/p>\n<p>\u2022Made by Colombian artisans.<\/p>\n<p>\u2022<strong>Warranty:<\/strong> 30 days for manufacturing defects.<\/p>\n<p><strong>\u2022Returns:<\/strong> The customer has 2 business days after receiving the product to express the intention of exchange to Juana Gomez; the product must not show signs of apparent use and must retain its original packaging, the customer must bear the shipping costs.<\/p>","protected":false},"excerpt":{"rendered":"<p>\u2022ENV\u00cdO: 2 a 3 D\u00cdAS H\u00c1BILES \u00abCuando amanece, tu lindura\u2026 Cualquier constelaci\u00f3n se pone insegura\u00bb Nuestro Top Constelaci\u00f3n realizado 100% a mano en t\u00e9cnica de crochet por artesanas colombianas, acompa\u00f1alo con la FALDA CONSTELACI\u00d3N PLATA o con el PANTAL\u00d3N SIERRA. Puedes llevarlo con el Top de Fondo dise\u00f1ado especialmente para [&hellip;]<\/p>","protected":false},"featured_media":8372,"template":"","meta":[],"product_brand":[],"product_cat":[174,120,111],"product_tag":[],"class_list":{"0":"post-8058","1":"product","2":"type-product","3":"status-publish","4":"has-post-thumbnail","6":"product_cat-color-sol","7":"product_cat-tops","8":"product_cat-colecciones","10":"first","11":"outofstock","12":"taxable","13":"shipping-taxable","14":"purchasable","15":"product-type-variable"},"_links":{"self":[{"href":"https:\/\/juanagomezofficial.com\/en\/wp-json\/wp\/v2\/product\/8058","targetHints":{"allow":["GET"]}}],"collection":[{"href":"https:\/\/juanagomezofficial.com\/en\/wp-json\/wp\/v2\/product"}],"about":[{"href":"https:\/\/juanagomezofficial.com\/en\/wp-json\/wp\/v2\/types\/product"}],"wp:featuredmedia":[{"embeddable":true,"href":"https:\/\/juanagomezofficial.com\/en\/wp-json\/wp\/v2\/media\/8372"}],"wp:attachment":[{"href":"https:\/\/juanagomezofficial.com\/en\/wp-json\/wp\/v2\/media?parent=8058"}],"wp:term":[{"taxonomy":"product_brand","embeddable":true,"href":"https:\/\/juanagomezofficial.com\/en\/wp-json\/wp\/v2\/product_brand?post=8058"},{"taxonomy":"product_cat","embeddable":true,"href":"https:\/\/juanagomezofficial.com\/en\/wp-json\/wp\/v2\/product_cat?post=8058"},{"taxonomy":"product_tag","embeddable":true,"href":"https:\/\/juanagomezofficial.com\/en\/wp-json\/wp\/v2\/product_tag?post=8058"}],"curies":[{"name":"wp","href":"https:\/\/api.w.org\/{rel}","templated":true}]}}