{"id":8055,"date":"2023-10-28T18:47:08","date_gmt":"2023-10-28T23:47:08","guid":{"rendered":"https:\/\/juanagomezofficial.com\/?post_type=product&#038;p=8055"},"modified":"2026-03-10T14:26:08","modified_gmt":"2026-03-10T19:26:08","slug":"falda-constelacion-plata","status":"publish","type":"product","link":"https:\/\/juanagomezofficial.com\/en\/product\/falda-constelacion-plata\/","title":{"rendered":"Falda Constelaci\u00f3n Plata"},"content":{"rendered":"<p><strong>\u2022ENV\u00cdO: 2 a 3 D\u00cdAS H\u00c1BILES<\/strong><\/p>\n<p><em>\u00abCuando amanece, tu lindura\u2026 Cualquier constelaci\u00f3n se pone insegura\u00bb<\/em><\/p>\n<p>Nuestra Falda Constelaci\u00f3n midi tejida en t\u00e9cnica manual con puntada de corazones encontrados y transparencia en parte inferior, cuenta con cintura el\u00e1stica para brindarte m\u00e1s ajuste y comodidad. Comb\u00ednala con el <a href=\"https:\/\/juanagomezofficial.com\/en\/product\/top-constelacion-plata\/\" target=\"_blank\" rel=\"noopener\">TOP CONSTELACI\u00d3N PLATA<\/a><\/p>\n<p><strong>\u2022Composici\u00f3n:<\/strong> 94% Nylon \u2013 6% Lurex<\/p>\n<p><strong>\u2022Instrucciones de lavado:<\/strong> Lavar a mano, Prenda delicada, Almacenar doblado, no colgar.<\/p>\n<p><strong>\u2022Uso:<\/strong> Sary nuestra modelo mide 1,80 mt. y esta usando la talla S<\/p>\n<p><strong>\u2022Garant\u00eda:<\/strong> 30 d\u00edas por defectos de fabricaci\u00f3n.<\/p>\n<p>\u2022El cliente tiene 2 d\u00edas h\u00e1biles despu\u00e9s de recibir el producto para notificar novedades en su compra y\/o para manifestar la intenci\u00f3n de cambio a Juana G\u00f3mez; el producto no debe presentar signos de uso aparente y debe conservar su embalaje original, el cliente deber\u00e1 correr con los gastos de env\u00edo. |en|<\/p>\n<p><strong>Shipping: 4-7 working days<\/strong><\/p>\n<p>Constelaci\u00f3n skirt, hand-knit using a special technique called &#8216;Desagujada,&#8217; featuring stitches in the shape of hearts by Colombian artisans. It comes with an elastic waistband for a snug fit. Perfectly complements the <a href=\"https:\/\/juanagomezofficial.com\/en\/product\/top-constelacion-plata\/\" target=\"_blank\" rel=\"noopener\">CONSTELACI\u00d3N TOP<\/a><\/p>\n<p><strong>Highlights:<\/strong><\/p>\n<ul>\n<li>Snug fit<\/li>\n<li>Perfect for any season and occasion.<\/li>\n<\/ul>\n<p><strong>\u2022Composici\u00f3n:<\/strong> 94% Nylon \u2013 6% Lurex<\/p>\n<p>\u2022<strong>Washing instructions:<\/strong> Hand Wash, Delicate Garment, Store Folded, do not hang.<\/p>\n<p>\u2022<strong>Composition:<\/strong> 94% Nylon, 6% Lurex<\/p>\n<p>\u2022<strong>Wearing:<\/strong> The model is 1.80 m wearing size S<\/p>\n<p>\u2022Made by Colombian artisans.<\/p>\n<p>The model is also styled with:\u00a0<a href=\"https:\/\/juanagomezofficial.com\/en\/product\/top-constelacion-plata\/\" target=\"_blank\" rel=\"noopener\">CONSTELACI\u00d3N TOP &#8211; SILVER<\/a><\/p>\n<p>\u2022<strong>Warranty:<\/strong> 30 days for manufacturing defects.<\/p>\n<p>\u2022<strong>Returns:<\/strong> The customer has 2 business days after receiving the product to express the intention of exchange to Juana Gomez; the product must not show signs of apparent use and must retain its original packaging, the customer must bear the shipping costs.<\/p>","protected":false},"excerpt":{"rendered":"<p>\u2022ENV\u00cdO: 2 a 3 D\u00cdAS H\u00c1BILES \u00abCuando amanece, tu lindura\u2026 Cualquier constelaci\u00f3n se pone insegura\u00bb Nuestra Falda Constelaci\u00f3n midi tejida en t\u00e9cnica manual con puntada de corazones encontrados y transparencia en parte inferior, cuenta con cintura el\u00e1stica para brindarte m\u00e1s ajuste y comodidad. Comb\u00ednala con el TOP CONSTELACI\u00d3N PLATA \u2022Composici\u00f3n: [&hellip;]<\/p>","protected":false},"featured_media":8391,"template":"","meta":[],"product_brand":[],"product_cat":[174,111,75],"product_tag":[],"class_list":{"0":"post-8055","1":"product","2":"type-product","3":"status-publish","4":"has-post-thumbnail","6":"product_cat-color-sol","7":"product_cat-colecciones","8":"product_cat-faldas","10":"first","11":"instock","12":"taxable","13":"shipping-taxable","14":"purchasable","15":"product-type-variable"},"_links":{"self":[{"href":"https:\/\/juanagomezofficial.com\/en\/wp-json\/wp\/v2\/product\/8055","targetHints":{"allow":["GET"]}}],"collection":[{"href":"https:\/\/juanagomezofficial.com\/en\/wp-json\/wp\/v2\/product"}],"about":[{"href":"https:\/\/juanagomezofficial.com\/en\/wp-json\/wp\/v2\/types\/product"}],"wp:featuredmedia":[{"embeddable":true,"href":"https:\/\/juanagomezofficial.com\/en\/wp-json\/wp\/v2\/media\/8391"}],"wp:attachment":[{"href":"https:\/\/juanagomezofficial.com\/en\/wp-json\/wp\/v2\/media?parent=8055"}],"wp:term":[{"taxonomy":"product_brand","embeddable":true,"href":"https:\/\/juanagomezofficial.com\/en\/wp-json\/wp\/v2\/product_brand?post=8055"},{"taxonomy":"product_cat","embeddable":true,"href":"https:\/\/juanagomezofficial.com\/en\/wp-json\/wp\/v2\/product_cat?post=8055"},{"taxonomy":"product_tag","embeddable":true,"href":"https:\/\/juanagomezofficial.com\/en\/wp-json\/wp\/v2\/product_tag?post=8055"}],"curies":[{"name":"wp","href":"https:\/\/api.w.org\/{rel}","templated":true}]}}