{"id":8029,"date":"2023-10-28T18:47:02","date_gmt":"2023-10-28T23:47:02","guid":{"rendered":"https:\/\/juanagomezofficial.com\/?post_type=product&#038;p=8029"},"modified":"2026-03-10T14:51:41","modified_gmt":"2026-03-10T19:51:41","slug":"falda-magia-marfil","status":"publish","type":"product","link":"https:\/\/juanagomezofficial.com\/en\/product\/falda-magia-marfil\/","title":{"rendered":"Falda Magia Marfil"},"content":{"rendered":"<p><strong>\u2022ENV\u00cdO: 2 a 3 D\u00cdAS H\u00c1BILES<\/strong><\/p>\n<p><em>\u00abTus ojos hacen magia\u00bb<\/em><\/p>\n<p>Nuestra Falda Magia midi tejida en t\u00e9cnica manual con puntada de corazones encontrados y transparencia en parte inferior, cuenta con cintura el\u00e1stica para brindarte m\u00e1s ajuste y comodidad. Comb\u00ednala con <a href=\"https:\/\/juanagomezofficial.com\/en\/product\/top-querube-taupe\/\" target=\"_blank\" rel=\"noopener\">TOP QUERUBE TAUPE<\/a> ,\u00a0<a href=\"https:\/\/juanagomezofficial.com\/en\/product\/top-querube-marfil\/\" target=\"_blank\" rel=\"noopener\">TOP QUERUBE MARFIL<\/a><\/p>\n<p><strong>\u2022Composici\u00f3n:<\/strong> 25% Algod\u00f3n Pima \u2013 75% Acr\u00edlico<\/p>\n<p><strong>\u2022Instrucciones de lavado:<\/strong> Lavar a mano, Prenda delicada, Almacenar doblado, no colgar.<\/p>\n<p><strong>\u2022Uso:<\/strong> Sary nuestra modelo mide 1,80 mt. y esta usando la talla S<\/p>\n<p><strong>\u2022Garant\u00eda:<\/strong> 30 d\u00edas por defectos de fabricaci\u00f3n.<\/p>\n<p>\u2022El cliente tiene 2 d\u00edas h\u00e1biles despu\u00e9s de recibir el producto para notificar novedades en su compra y\/o para manifestar la intenci\u00f3n de cambio a Juana G\u00f3mez; el producto no debe presentar signos de uso aparente y debe conservar su embalaje original, el cliente deber\u00e1 correr con los gastos de env\u00edo. |en| Shipping: 4-7 working days<\/p>\n<p><strong>\u2022Washing instructions:<\/strong> Hand Wash, Delicate Garment, Store Folded, do not hang.<\/p>\n<p>\u2022<strong>Composition:<\/strong> 25% Pima Cotton &#8211; 75% Acrylic<\/p>\n<p>\u2022<strong>Wearing:<\/strong> The model is 1.80 m wearing size S<\/p>\n<p>Also styled with: <a href=\"https:\/\/juanagomezofficial.com\/en\/product\/top-querube-taupe\/\" target=\"_blank\" rel=\"noopener\">QUERUBE TOP &#8211; TAUPE<\/a> ,\u00a0<a href=\"https:\/\/juanagomezofficial.com\/en\/product\/top-querube-marfil\/\" target=\"_blank\" rel=\"noopener\">QUERUBE TOP &#8211; IVORY<\/a><\/p>\n<p>\u2022Made by Colombian artisans.<\/p>\n<p>\u2022<strong>Warranty:<\/strong> 30 days for manufacturing defects.<\/p>\n<p>\u2022<strong>Returns:<\/strong> The customer has 2 business days after receiving the product to express the intention of exchange to Juana Gomez; the product must not show signs of apparent use and must retain its original packaging, the customer must bear the shipping costs.<\/p>","protected":false},"excerpt":{"rendered":"<p>\u2022ENV\u00cdO: 2 a 3 D\u00cdAS H\u00c1BILES \u00abTus ojos hacen magia\u00bb Nuestra Falda Magia midi tejida en t\u00e9cnica manual con puntada de corazones encontrados y transparencia en parte inferior, cuenta con cintura el\u00e1stica para brindarte m\u00e1s ajuste y comodidad. Comb\u00ednala con TOP QUERUBE TAUPE ,\u00a0TOP QUERUBE MARFIL \u2022Composici\u00f3n: 25% Algod\u00f3n Pima [&hellip;]<\/p>\n","protected":false},"featured_media":7881,"template":"","meta":[],"product_brand":[],"product_cat":[111,174,75],"product_tag":[],"class_list":{"0":"post-8029","1":"product","2":"type-product","3":"status-publish","4":"has-post-thumbnail","6":"product_cat-colecciones","7":"product_cat-color-sol","8":"product_cat-faldas","10":"first","11":"instock","12":"taxable","13":"shipping-taxable","14":"purchasable","15":"product-type-variable"},"_links":{"self":[{"href":"https:\/\/juanagomezofficial.com\/en\/wp-json\/wp\/v2\/product\/8029","targetHints":{"allow":["GET"]}}],"collection":[{"href":"https:\/\/juanagomezofficial.com\/en\/wp-json\/wp\/v2\/product"}],"about":[{"href":"https:\/\/juanagomezofficial.com\/en\/wp-json\/wp\/v2\/types\/product"}],"wp:featuredmedia":[{"embeddable":true,"href":"https:\/\/juanagomezofficial.com\/en\/wp-json\/wp\/v2\/media\/7881"}],"wp:attachment":[{"href":"https:\/\/juanagomezofficial.com\/en\/wp-json\/wp\/v2\/media?parent=8029"}],"wp:term":[{"taxonomy":"product_brand","embeddable":true,"href":"https:\/\/juanagomezofficial.com\/en\/wp-json\/wp\/v2\/product_brand?post=8029"},{"taxonomy":"product_cat","embeddable":true,"href":"https:\/\/juanagomezofficial.com\/en\/wp-json\/wp\/v2\/product_cat?post=8029"},{"taxonomy":"product_tag","embeddable":true,"href":"https:\/\/juanagomezofficial.com\/en\/wp-json\/wp\/v2\/product_tag?post=8029"}],"curies":[{"name":"wp","href":"https:\/\/api.w.org\/{rel}","templated":true}]}}