{"id":8024,"date":"2023-10-28T18:47:02","date_gmt":"2023-10-28T23:47:02","guid":{"rendered":"https:\/\/juanagomezofficial.com\/?post_type=product&#038;p=8024"},"modified":"2026-03-10T12:41:04","modified_gmt":"2026-03-10T17:41:04","slug":"top-querube-negro","status":"publish","type":"product","link":"https:\/\/juanagomezofficial.com\/en\/product\/top-querube-negro\/","title":{"rendered":"Top Querube Negro"},"content":{"rendered":"<p><strong>\u2022ENV\u00cdO: 2 a 3 D\u00cdAS H\u00c1BILES<\/strong><\/p>\n<p><em>\u00abNaranja dulce, siembra de querubes\u00bb<\/em><\/p>\n<p>Nuestro Top Querube realizado 100% a mano en t\u00e9cnica de crochet por artesanas colombianas, es una pieza fresca y c\u00f3moda que puedes acompa\u00f1arlo de la\u00a0<a href=\"https:\/\/juanagomezofficial.com\/en\/product\/falda-magia-negro\/\" target=\"_blank\" rel=\"noopener\">FALDA MAGIA NEGRO<\/a> ,\u00a0<a href=\"https:\/\/juanagomezofficial.com\/en\/product\/falda-magia-marfil\/\" target=\"_blank\" rel=\"noopener\">FALDA MAGIA MARFIL<\/a> ,\u00a0<a href=\"https:\/\/juanagomezofficial.com\/en\/product\/falda-querube-negro\/\">FALDA QUERUBE NEGRO<\/a> ,\u00a0<a href=\"https:\/\/juanagomezofficial.com\/en\/product\/pantalon-riverso-negro\/\" target=\"_blank\" rel=\"noopener\">PANTAL\u00d3N RIVERSO NEGRO<\/a><\/p>\n<p>Ll\u00e9valo con el Top de Fondo dise\u00f1ado especialmente para esta prenda. <a href=\"https:\/\/juanagomezofficial.com\/en\/product\/fondo-top\/\" target=\"_blank\" rel=\"noopener\">VER FONDO TOP<\/a><\/p>\n<p>\u2022<strong>Composici\u00f3n:<\/strong> 25% Algod\u00f3n Pima \u2013 75% Acr\u00edlico<\/p>\n<p><strong>\u2022Instrucciones de lavado:<\/strong> Lavar a mano, Prenda delicada, Almacenar doblado, no colgar.<\/p>\n<p><strong>\u2022Uso:<\/strong> Sary nuestra modelo mide 1,80 mt. y esta usando la talla S<\/p>\n<p><strong>\u2022Garant\u00eda:<\/strong> 30 d\u00edas por defectos de fabricaci\u00f3n.<\/p>\n<p>\u2022El cliente tiene 2 d\u00edas h\u00e1biles despu\u00e9s de recibir el producto para notificar novedades en su compra y\/o para manifestar la intenci\u00f3n de cambio a Juana G\u00f3mez; el producto no debe presentar signos de uso aparente y debe conservar su embalaje original, el cliente deber\u00e1 correr con los gastos de env\u00edo. |en|<\/p>\n<p><strong>Shipping: 4-7 working days<\/strong><\/p>\n<p>Querube Top, completely handmade in crochet by Colombian artisans. It&#8217;s fresh and comfortable, featuring a square-cut neckline and back. Pair it with the Bottom Tank Top, specially designed for this garment.<\/p>\n<p><strong>Highlights:<\/strong><\/p>\n<ul>\n<li>Square-cut neckline and back<\/li>\n<li>Body-hugging fit<\/li>\n<li>Cropped hem.<\/li>\n<\/ul>\n<p><strong>\u2022Washing instructions:<\/strong> Hand Wash, Delicate Garment, Store Folded, do not hang.<\/p>\n<p><strong>\u2022Composition:<\/strong> 25% Pima Cotton &#8211; 75% Acrylic<\/p>\n<p><strong>\u2022Wearing:<\/strong> The model is 1.80 m wearing size S<\/p>\n<p>Also styled with: <a href=\"https:\/\/juanagomezofficial.com\/en\/product\/falda-magia-negro\/\" target=\"_blank\" rel=\"noopener\">MAGIA SKIRT &#8211; BLACK<\/a> ,\u00a0<a href=\"https:\/\/juanagomezofficial.com\/en\/product\/falda-magia-marfil\/\" target=\"_blank\" rel=\"noopener\">MAGIA SKIRT &#8211; IVORY<\/a> ,\u00a0<a href=\"https:\/\/juanagomezofficial.com\/en\/product\/falda-querube-negro\/\">QUERUBE SKIRT &#8211; BLACK<\/a> , <a href=\"https:\/\/juanagomezofficial.com\/en\/product\/pantalon-riverso-negro\/\" target=\"_blank\" rel=\"noopener\">RIVERSO PANTS &#8211; BLACK<\/a><\/p>\n<p>\u2022Made by Colombian artisans.<\/p>\n<p><strong>\u2022Warranty:<\/strong> 30 days for manufacturing defects.<\/p>\n<p>\u2022<strong>Returns:<\/strong> The customer has 2 business days after receiving the product to express the intention of exchange to Juana Gomez; the product must not show signs of apparent use and must retain its original packaging, the customer must bear the shipping costs.<\/p>","protected":false},"excerpt":{"rendered":"<p>\u2022ENV\u00cdO: 2 a 3 D\u00cdAS H\u00c1BILES \u00abNaranja dulce, siembra de querubes\u00bb Nuestro Top Querube realizado 100% a mano en t\u00e9cnica de crochet por artesanas colombianas, es una pieza fresca y c\u00f3moda que puedes acompa\u00f1arlo de la\u00a0FALDA MAGIA NEGRO ,\u00a0FALDA MAGIA MARFIL ,\u00a0FALDA QUERUBE NEGRO ,\u00a0PANTAL\u00d3N RIVERSO NEGRO Ll\u00e9valo con el [&hellip;]<\/p>","protected":false},"featured_media":8384,"template":"","meta":[],"product_brand":[],"product_cat":[174,120,111],"product_tag":[],"class_list":{"0":"post-8024","1":"product","2":"type-product","3":"status-publish","4":"has-post-thumbnail","6":"product_cat-color-sol","7":"product_cat-tops","8":"product_cat-colecciones","10":"first","11":"instock","12":"taxable","13":"shipping-taxable","14":"purchasable","15":"product-type-variable"},"_links":{"self":[{"href":"https:\/\/juanagomezofficial.com\/en\/wp-json\/wp\/v2\/product\/8024","targetHints":{"allow":["GET"]}}],"collection":[{"href":"https:\/\/juanagomezofficial.com\/en\/wp-json\/wp\/v2\/product"}],"about":[{"href":"https:\/\/juanagomezofficial.com\/en\/wp-json\/wp\/v2\/types\/product"}],"wp:featuredmedia":[{"embeddable":true,"href":"https:\/\/juanagomezofficial.com\/en\/wp-json\/wp\/v2\/media\/8384"}],"wp:attachment":[{"href":"https:\/\/juanagomezofficial.com\/en\/wp-json\/wp\/v2\/media?parent=8024"}],"wp:term":[{"taxonomy":"product_brand","embeddable":true,"href":"https:\/\/juanagomezofficial.com\/en\/wp-json\/wp\/v2\/product_brand?post=8024"},{"taxonomy":"product_cat","embeddable":true,"href":"https:\/\/juanagomezofficial.com\/en\/wp-json\/wp\/v2\/product_cat?post=8024"},{"taxonomy":"product_tag","embeddable":true,"href":"https:\/\/juanagomezofficial.com\/en\/wp-json\/wp\/v2\/product_tag?post=8024"}],"curies":[{"name":"wp","href":"https:\/\/api.w.org\/{rel}","templated":true}]}}