{"id":8006,"date":"2023-10-28T18:46:57","date_gmt":"2023-10-28T23:46:57","guid":{"rendered":"https:\/\/juanagomezofficial.com\/product\/saco-verso-oliva-corto\/"},"modified":"2026-03-12T12:31:19","modified_gmt":"2026-03-12T17:31:19","slug":"saco-verso-oliva-corto","status":"publish","type":"product","link":"https:\/\/juanagomezofficial.com\/en\/product\/saco-verso-oliva-corto\/","title":{"rendered":"Saco Verso Oliva &#8211; Corto"},"content":{"rendered":"<p><strong>\u2022ENV\u00cdO: 2 a 3 D\u00cdAS H\u00c1BILES<\/strong><\/p>\n<p><em>\u00abEres un Verso es riversa un Riverso\u00bb<\/em><\/p>\n<p>Nuestro Saco Verso tejido en t\u00e9cnica manual con puntada de corazones encontrados. Su cuello es subido y cuenta con cordones en laterales para modificar altura y ajuste. \u00dasalo con <a href=\"https:\/\/juanagomezofficial.com\/en\/product\/pantalon-riverso-oliva\/\" target=\"_blank\" rel=\"noopener\">PANTALON RIVERSO OLIVA<\/a>, conoce la verso <a href=\"https:\/\/juanagomezofficial.com\/en\/product\/saco-verso-oliva-largo\/\" target=\"_blank\" rel=\"noopener\">SACO VERSO LARGO<\/a><\/p>\n<p><strong>\u2022Instrucciones de lavado:<\/strong> Lavar a mano, Prenda delicada, Almacenar doblado, no colgar.<\/p>\n<p><strong>\u2022Uso:<\/strong> Sary nuestra modelo mide 1,80 mt.<\/p>\n<p><strong>\u2022Garant\u00eda:<\/strong> 30 d\u00edas por defectos de fabricaci\u00f3n.<\/p>\n<p>\u2022El cliente tiene 2 d\u00edas h\u00e1biles despu\u00e9s de recibir el producto para notificar novedades en su compra y\/o para manifestar la intenci\u00f3n de cambio a Juana G\u00f3mez; el producto no debe presentar signos de uso aparente y debe conservar su embalaje original, el cliente deber\u00e1 correr con los gastos de env\u00edo. |en|<\/p>\n<p><strong>Shipping: 4-7 working days<\/strong><\/p>\n<p>Verso knit sweater with a heart-shaped stitches and a mock-neck silhouette and perfect fit that shows elegance. Adjustable side drawstrings to modify the height and fit.<br \/>\nPerfect for wearing with <a href=\"https:\/\/juanagomezofficial.com\/en\/product\/pantalon-riverso-oliva\/\" target=\"_blank\" rel=\"noopener\">RIVERSO PANTS- OLIVE<\/a><\/p>\n<p>\u2022<strong>Washing instructions:<\/strong> Hand Wash, Delicate Garment, Store Folded, do not hang.<\/p>\n<p>\u2022<strong>Composition:<\/strong> 25% Pima Cotton &#8211; 75% Acrylic<\/p>\n<p>\u2022<strong>Wearing:<\/strong> The model is 1.80 m<\/p>\n<p>\u2022Made by Colombian artisans.<\/p>\n<p>\u2022<strong>Warranty:<\/strong> 30 days for manufacturing defects.<\/p>\n<p>\u2022<strong>Returns:<\/strong> The customer has 2 business days after receiving the product to express the intention of exchange to Juana Gomez; the product must not show signs of apparent use and must retain its original packaging, the customer must bear the shipping costs.<\/p>\n<p>&nbsp;<\/p>","protected":false},"excerpt":{"rendered":"<p>\u2022ENV\u00cdO: 2 a 3 D\u00cdAS H\u00c1BILES \u00abEres un Verso es riversa un Riverso\u00bb Nuestro Saco Verso tejido en t\u00e9cnica manual con puntada de corazones encontrados. Su cuello es subido y cuenta con cordones en laterales para modificar altura y ajuste. \u00dasalo con PANTALON RIVERSO OLIVA, conoce la verso SACO VERSO [&hellip;]<\/p>","protected":false},"featured_media":8404,"template":"","meta":[],"product_brand":[],"product_cat":[174,111,76],"product_tag":[],"class_list":{"0":"post-8006","1":"product","2":"type-product","3":"status-publish","4":"has-post-thumbnail","6":"product_cat-color-sol","7":"product_cat-colecciones","8":"product_cat-sacos","10":"first","11":"outofstock","12":"taxable","13":"shipping-taxable","14":"purchasable","15":"product-type-simple"},"_links":{"self":[{"href":"https:\/\/juanagomezofficial.com\/en\/wp-json\/wp\/v2\/product\/8006","targetHints":{"allow":["GET"]}}],"collection":[{"href":"https:\/\/juanagomezofficial.com\/en\/wp-json\/wp\/v2\/product"}],"about":[{"href":"https:\/\/juanagomezofficial.com\/en\/wp-json\/wp\/v2\/types\/product"}],"wp:featuredmedia":[{"embeddable":true,"href":"https:\/\/juanagomezofficial.com\/en\/wp-json\/wp\/v2\/media\/8404"}],"wp:attachment":[{"href":"https:\/\/juanagomezofficial.com\/en\/wp-json\/wp\/v2\/media?parent=8006"}],"wp:term":[{"taxonomy":"product_brand","embeddable":true,"href":"https:\/\/juanagomezofficial.com\/en\/wp-json\/wp\/v2\/product_brand?post=8006"},{"taxonomy":"product_cat","embeddable":true,"href":"https:\/\/juanagomezofficial.com\/en\/wp-json\/wp\/v2\/product_cat?post=8006"},{"taxonomy":"product_tag","embeddable":true,"href":"https:\/\/juanagomezofficial.com\/en\/wp-json\/wp\/v2\/product_tag?post=8006"}],"curies":[{"name":"wp","href":"https:\/\/api.w.org\/{rel}","templated":true}]}}