{"id":7984,"date":"2023-10-28T18:46:53","date_gmt":"2023-10-28T23:46:53","guid":{"rendered":"https:\/\/juanagomezofficial.com\/product\/poncho-verso-taupe\/"},"modified":"2024-12-12T09:26:23","modified_gmt":"2024-12-12T14:26:23","slug":"poncho-verso-taupe","status":"publish","type":"product","link":"https:\/\/juanagomezofficial.com\/en\/product\/poncho-verso-taupe\/","title":{"rendered":"Poncho Verso Taupe"},"content":{"rendered":"<p>\u2022<strong>ENV\u00cdO: 2 a 3 D\u00cdAS H\u00c1BILES<\/strong><\/p>\n<p><em>\u00abEres un Verso en riversa un Riverso\u00bb<\/em><\/p>\n<p>Nuestro Poncho Verso tejido en t\u00e9cnica manual con puntada de corazones encontrados puede ser usado por ambos lados, cuenta con borlas de hilo en sus esquinas y detalle en espalda realizado a mano en t\u00e9cnica de crochet por artesanas colombianas. Comb\u00ednalo con <a href=\"https:\/\/juanagomezofficial.com\/en\/product\/top-querube-taupe\/\" target=\"_blank\" rel=\"noopener\">TOP QUERUBE TAUPE<\/a> ,\u00a0<a href=\"https:\/\/juanagomezofficial.com\/en\/product\/saco-verso-taupe-corto\/\" target=\"_blank\" rel=\"noopener\">SACO VERSO TAUPE<\/a> ,\u00a0<a href=\"https:\/\/juanagomezofficial.com\/en\/product\/pantalon-riverso-taupe\/\" target=\"_blank\" rel=\"noopener\">PANTALON RIVERSO TAUPE<\/a><\/p>\n<p>\u2022<strong>Composici\u00f3n:<\/strong> 25% Algod\u00f3n Pima \u2013 75% Acr\u00edlico<\/p>\n<p><strong>\u2022Instrucciones de lavado:<\/strong> Lavar a mano, Prenda delicada, Almacenar doblado, no colgar.<\/p>\n<p>\u2022<strong>Uso:<\/strong> Sary nuestra modelo mide 1,80 mt.<\/p>\n<p>\u2022<strong>Garant\u00eda:<\/strong> 30 d\u00edas por defectos de fabricaci\u00f3n.<\/p>\n<p>\u2022El cliente tiene 2 d\u00edas h\u00e1biles despu\u00e9s de recibir el producto para notificar novedades en su compra y\/o para manifestar la intenci\u00f3n de cambio a Juana G\u00f3mez; el producto no debe presentar signos de uso aparente y debe conservar su embalaje original, el cliente deber\u00e1 correr con los gastos de env\u00edo. |en| Shipping: 4-7 working days.<\/p>\n<p>Our Reversible Verso Poncho, woven using a manual technique with randomly placed heart-shaped stitches, can be worn on both sides. It features thread tassels on its corners and a crochet detail on the back, handmade by Colombian artisans.<\/p>\n<p><strong>\u2022Washing instructions:<\/strong> Hand Wash, Delicate Garment, Store Folded, do not hang.<\/p>\n<p><strong>\u2022Composition:<\/strong> 25% Pima Cotton &#8211; 75% Acrylic<\/p>\n<p>\u2022<strong>Wearing:<\/strong> The model is 1.80 m<\/p>\n<p>The model is also styled with: <a href=\"https:\/\/juanagomezofficial.com\/en\/product\/top-querube-taupe\/\" target=\"_blank\" rel=\"noopener\">QUERUBE TOP &#8211; TAUPE<\/a> ,\u00a0<a href=\"https:\/\/juanagomezofficial.com\/en\/product\/saco-verso-taupe-corto\/\" target=\"_blank\" rel=\"noopener\">VERSO SWEATER &#8211; TAUPE<\/a> ,\u00a0<a href=\"https:\/\/juanagomezofficial.com\/en\/product\/pantalon-riverso-taupe\/\" target=\"_blank\" rel=\"noopener\">RIVERSO PANTS &#8211; TAUPE<\/a><\/p>\n<p>\u2022Made by Colombian artisans.<\/p>\n<p><strong>\u2022Warranty:<\/strong> 30 days for manufacturing defects.<\/p>\n<p><strong>\u2022Returns:<\/strong> The customer has 2 business days after receiving the product to express the intention of exchange to Juana Gomez; the product must not show signs of apparent use and must retain its original packaging, the customer must bear the shipping costs.<\/p>","protected":false},"excerpt":{"rendered":"<p>\u2022ENV\u00cdO: 2 a 3 D\u00cdAS H\u00c1BILES \u00abEres un Verso en riversa un Riverso\u00bb Nuestro Poncho Verso tejido en t\u00e9cnica manual con puntada de corazones encontrados puede ser usado por ambos lados, cuenta con borlas de hilo en sus esquinas y detalle en espalda realizado a mano en t\u00e9cnica de crochet [&hellip;]<\/p>","protected":false},"featured_media":8422,"template":"","meta":[],"product_brand":[],"product_cat":[174,111,74],"product_tag":[],"class_list":{"0":"post-7984","1":"product","2":"type-product","3":"status-publish","4":"has-post-thumbnail","6":"product_cat-color-sol","7":"product_cat-colecciones","8":"product_cat-ponchos","10":"first","11":"outofstock","12":"taxable","13":"shipping-taxable","14":"purchasable","15":"product-type-simple"},"_links":{"self":[{"href":"https:\/\/juanagomezofficial.com\/en\/wp-json\/wp\/v2\/product\/7984","targetHints":{"allow":["GET"]}}],"collection":[{"href":"https:\/\/juanagomezofficial.com\/en\/wp-json\/wp\/v2\/product"}],"about":[{"href":"https:\/\/juanagomezofficial.com\/en\/wp-json\/wp\/v2\/types\/product"}],"wp:featuredmedia":[{"embeddable":true,"href":"https:\/\/juanagomezofficial.com\/en\/wp-json\/wp\/v2\/media\/8422"}],"wp:attachment":[{"href":"https:\/\/juanagomezofficial.com\/en\/wp-json\/wp\/v2\/media?parent=7984"}],"wp:term":[{"taxonomy":"product_brand","embeddable":true,"href":"https:\/\/juanagomezofficial.com\/en\/wp-json\/wp\/v2\/product_brand?post=7984"},{"taxonomy":"product_cat","embeddable":true,"href":"https:\/\/juanagomezofficial.com\/en\/wp-json\/wp\/v2\/product_cat?post=7984"},{"taxonomy":"product_tag","embeddable":true,"href":"https:\/\/juanagomezofficial.com\/en\/wp-json\/wp\/v2\/product_tag?post=7984"}],"curies":[{"name":"wp","href":"https:\/\/api.w.org\/{rel}","templated":true}]}}