{"id":7974,"date":"2023-10-28T18:46:52","date_gmt":"2023-10-28T23:46:52","guid":{"rendered":"https:\/\/juanagomezofficial.com\/product\/maxiscarf-querube-marfil\/"},"modified":"2026-03-10T14:39:31","modified_gmt":"2026-03-10T19:39:31","slug":"maxiscarf-querube-marfil","status":"publish","type":"product","link":"https:\/\/juanagomezofficial.com\/en\/product\/maxiscarf-querube-marfil\/","title":{"rendered":"Maxiscarf Querube Marfil"},"content":{"rendered":"<p><strong>\u2022ENV\u00cdO: 2 a 3 D\u00cdAS H\u00c1BILES<\/strong><\/p>\n<p><em>\u00abNaranja dulce, siembra de querubes\u00bb<\/em><\/p>\n<p>Nuestro Maxiscarf Querube con dise\u00f1o de l\u00edneas cambiantes es una prenda doble faz con 4 diferentes formas de uso.<\/p>\n<p>\u2022Hecho por artesanas colombianas.<\/p>\n<p><strong>\u2022Composicion:<\/strong> 100% Viscosa<\/p>\n<p><strong>\u2022Instrucciones de lavado:<\/strong> Lavar a mano, Prenda delicada, Almacenar doblado, no colgar.<\/p>\n<p><strong>\u2022Uso:<\/strong> Sary nuestra modelo mide 1,80 mt.<\/p>\n<p><strong>\u2022Garant\u00eda:<\/strong> 30 d\u00edas por defectos de fabricaci\u00f3n.<\/p>\n<p>\u2022El cliente tiene 2 d\u00edas h\u00e1biles despu\u00e9s de recibir el producto para notificar novedades en su compra y\/o para manifestar la intenci\u00f3n de cambio a Juana G\u00f3mez; el producto no debe presentar signos de uso aparente y debe conservar su embalaje original, el cliente deber\u00e1 correr con los gastos de env\u00edo. |en| Shipping: 4-7 working days.<\/p>\n<p>Our Maxiscarf Querube with changing line design is a reversible garment with 7 different ways to wear.<\/p>\n<p><strong>\u2022Composition:<\/strong> 100% Viscose<\/p>\n<p><strong>\u2022Washing instructions:<\/strong> Hand Wash, Delicate Garment, Store Folded, do not hang.<\/p>\n<p><strong>\u2022Wearing:<\/strong> The model is 1.80 m<\/p>\n<p>\u2022Made by Colombian artisans.<\/p>\n<p><strong>\u2022Warranty:<\/strong> 30 days for manufacturing defects.<\/p>\n<p><strong>\u2022Returns:<\/strong> The customer has 2 business days after receiving the product to express the intention of exchange to Juana Gomez; the product must not show signs of apparent use and must retain its original packaging, the customer must bear the shipping costs.<\/p>","protected":false},"excerpt":{"rendered":"<p>\u2022ENV\u00cdO: 2 a 3 D\u00cdAS H\u00c1BILES \u00abNaranja dulce, siembra de querubes\u00bb Nuestro Maxiscarf Querube con dise\u00f1o de l\u00edneas cambiantes es una prenda doble faz con 4 diferentes formas de uso. \u2022Hecho por artesanas colombianas. \u2022Composicion: 100% Viscosa \u2022Instrucciones de lavado: Lavar a mano, Prenda delicada, Almacenar doblado, no colgar. \u2022Uso: [&hellip;]<\/p>\n","protected":false},"featured_media":7888,"template":"","meta":[],"product_brand":[],"product_cat":[111,174,77],"product_tag":[],"class_list":{"0":"post-7974","1":"product","2":"type-product","3":"status-publish","4":"has-post-thumbnail","6":"product_cat-colecciones","7":"product_cat-color-sol","8":"product_cat-maxiscarfs","10":"first","11":"instock","12":"taxable","13":"shipping-taxable","14":"purchasable","15":"product-type-simple"},"_links":{"self":[{"href":"https:\/\/juanagomezofficial.com\/en\/wp-json\/wp\/v2\/product\/7974","targetHints":{"allow":["GET"]}}],"collection":[{"href":"https:\/\/juanagomezofficial.com\/en\/wp-json\/wp\/v2\/product"}],"about":[{"href":"https:\/\/juanagomezofficial.com\/en\/wp-json\/wp\/v2\/types\/product"}],"wp:featuredmedia":[{"embeddable":true,"href":"https:\/\/juanagomezofficial.com\/en\/wp-json\/wp\/v2\/media\/7888"}],"wp:attachment":[{"href":"https:\/\/juanagomezofficial.com\/en\/wp-json\/wp\/v2\/media?parent=7974"}],"wp:term":[{"taxonomy":"product_brand","embeddable":true,"href":"https:\/\/juanagomezofficial.com\/en\/wp-json\/wp\/v2\/product_brand?post=7974"},{"taxonomy":"product_cat","embeddable":true,"href":"https:\/\/juanagomezofficial.com\/en\/wp-json\/wp\/v2\/product_cat?post=7974"},{"taxonomy":"product_tag","embeddable":true,"href":"https:\/\/juanagomezofficial.com\/en\/wp-json\/wp\/v2\/product_tag?post=7974"}],"curies":[{"name":"wp","href":"https:\/\/api.w.org\/{rel}","templated":true}]}}