{"id":7973,"date":"2023-10-28T18:46:52","date_gmt":"2023-10-28T23:46:52","guid":{"rendered":"https:\/\/juanagomezofficial.com\/product\/fondo-vestido-luna\/"},"modified":"2026-03-10T14:05:47","modified_gmt":"2026-03-10T19:05:47","slug":"fondo-vestido-luna","status":"publish","type":"product","link":"https:\/\/juanagomezofficial.com\/en\/product\/fondo-vestido-luna\/","title":{"rendered":"Fondo Vestido Luna"},"content":{"rendered":"<p><strong>\u2022ENV\u00cdO: 2 a 3 D\u00cdAS H\u00c1BILES<\/strong><\/p>\n<p>Nuestro Fondo est\u00e1 dise\u00f1ado especialmente para el Vestido Luna, en donde no tendr\u00e1s problema por la transparencia del pecho ni en hombros. Su Fit es al cuerpo y ayudar\u00e1 a que tu Vestido tenga mejor entalle.<\/p>\n<p>\u2022<strong>Instrucciones de lavado:<\/strong> Lavar a mano, No secadora.<\/p>\n<p>\u2022<strong>Uso:<\/strong> Sary nuestra modelo mide 1,80 mt.<\/p>\n<p>\u2022<strong>Garant\u00eda:<\/strong> 30 d\u00edas por defectos de fabricaci\u00f3n.<\/p>\n<p>\u2022El cliente tiene 2 d\u00edas h\u00e1biles despu\u00e9s de recibir el producto para notificar novedades en su compra y\/o para manifestar la intenci\u00f3n de cambio a Juana G\u00f3mez; el producto no debe presentar signos de uso aparente y debe conservar su embalaje original, el cliente deber\u00e1 correr con los gastos de env\u00edo. |en|<\/p>\n<p><strong>Shipping: 4-7 working days<\/strong><\/p>\n<p>Base stretch slip dress, specially designed to wear under the Luna dress, focused on providing comfort and confidence. Ideal for reducing texture visibility on the chest or shoulders. With a body-hugging fit, it&#8217;s a curve-defining style.<\/p>\n<p><strong>Highlights:<\/strong><\/p>\n<ul>\n<li>Perfect for wearing under low-cut or see-through dresses.<\/li>\n<\/ul>\n<p>\u2022<strong>Washing instructions:<\/strong> Hand Wash, Delicate Garment, Store Folded, do not hang.<\/p>\n<p>\u2022<strong>Wearing:<\/strong> The model is 1.80 m<\/p>\n<p>\u2022Made by Colombian artisans.<\/p>\n<p>\u2022<strong>Warranty:<\/strong> 30 days for manufacturing defects.<\/p>\n<p>\u2022<strong>Returns:<\/strong> The customer has 2 business days after receiving the product to express the intention of exchange to Juana Gomez; the product must not show signs of apparent use and must retain its original packaging, the customer must bear the shipping costs.<\/p>","protected":false},"excerpt":{"rendered":"<p>\u2022ENV\u00cdO: 2 a 3 D\u00cdAS H\u00c1BILES Nuestro Fondo est\u00e1 dise\u00f1ado especialmente para el Vestido Luna, en donde no tendr\u00e1s problema por la transparencia del pecho ni en hombros. Su Fit es al cuerpo y ayudar\u00e1 a que tu Vestido tenga mejor entalle. \u2022Instrucciones de lavado: Lavar a mano, No secadora. [&hellip;]<\/p>\n","protected":false},"featured_media":9004,"template":"","meta":[],"product_brand":[],"product_cat":[111,174,121],"product_tag":[],"class_list":{"0":"post-7973","1":"product","2":"type-product","3":"status-publish","4":"has-post-thumbnail","6":"product_cat-colecciones","7":"product_cat-color-sol","8":"product_cat-vestidos","10":"first","11":"instock","12":"taxable","13":"shipping-taxable","14":"purchasable","15":"product-type-simple"},"_links":{"self":[{"href":"https:\/\/juanagomezofficial.com\/en\/wp-json\/wp\/v2\/product\/7973","targetHints":{"allow":["GET"]}}],"collection":[{"href":"https:\/\/juanagomezofficial.com\/en\/wp-json\/wp\/v2\/product"}],"about":[{"href":"https:\/\/juanagomezofficial.com\/en\/wp-json\/wp\/v2\/types\/product"}],"wp:featuredmedia":[{"embeddable":true,"href":"https:\/\/juanagomezofficial.com\/en\/wp-json\/wp\/v2\/media\/9004"}],"wp:attachment":[{"href":"https:\/\/juanagomezofficial.com\/en\/wp-json\/wp\/v2\/media?parent=7973"}],"wp:term":[{"taxonomy":"product_brand","embeddable":true,"href":"https:\/\/juanagomezofficial.com\/en\/wp-json\/wp\/v2\/product_brand?post=7973"},{"taxonomy":"product_cat","embeddable":true,"href":"https:\/\/juanagomezofficial.com\/en\/wp-json\/wp\/v2\/product_cat?post=7973"},{"taxonomy":"product_tag","embeddable":true,"href":"https:\/\/juanagomezofficial.com\/en\/wp-json\/wp\/v2\/product_tag?post=7973"}],"curies":[{"name":"wp","href":"https:\/\/api.w.org\/{rel}","templated":true}]}}