{"id":7972,"date":"2023-10-28T18:46:52","date_gmt":"2023-10-28T23:46:52","guid":{"rendered":"https:\/\/juanagomezofficial.com\/product\/fondo-top\/"},"modified":"2026-03-10T14:21:53","modified_gmt":"2026-03-10T19:21:53","slug":"fondo-top","status":"publish","type":"product","link":"https:\/\/juanagomezofficial.com\/en\/product\/fondo-top\/","title":{"rendered":"Fondo Top"},"content":{"rendered":"<p>\u2022<strong>ENV\u00cdO: 2 a 3 D\u00cdAS H\u00c1BILES<\/strong><\/p>\n<p>Nuestro Fondo est\u00e1 dise\u00f1ado especialmente para el Top Constelaci\u00f3n y el Top Querube, te ayudar\u00e1 a sentirte m\u00e1s c\u00f3moda si no eres de transparencias..<\/p>\n<p>\u2022<strong>Instrucciones de lavado:<\/strong> Lavar a mano, No secadora.<\/p>\n<p>\u2022<strong>Uso:<\/strong> Sary nuestra modelo mide 1,80 mt.<\/p>\n<p>\u2022<strong>Garant\u00eda:<\/strong> 30 d\u00edas por defectos de fabricaci\u00f3n.<\/p>\n<p>\u2022El cliente tiene 2 d\u00edas h\u00e1biles despu\u00e9s de recibir el producto para notificar novedades en su compra y\/o para manifestar la intenci\u00f3n de cambio a Juana G\u00f3mez; el producto no debe presentar signos de uso aparente y debe conservar su embalaje original, el cliente deber\u00e1 correr con los gastos de env\u00edo. |en|<\/p>\n<p><strong>Shipping: 4-7 working days<\/strong><\/p>\n<p>Base tank top, specially designed for wearing under the Constelaci\u00f3n Top, focused on providing comfort and confidence. It reduces texture visibility on the chest or shoulders with its body-hugging fit and curve-defining style.<\/p>\n<p><strong>Highlights:<\/strong><\/p>\n<ul>\n<li>Perfect for wearing under low-cut or see-through garments.<\/li>\n<\/ul>\n<p>\u2022<strong>Washing instructions:<\/strong> Hand Wash, Delicate Garment, Store Folded, do not hang.<\/p>\n<p>\u2022<strong>Wearing:<\/strong> The model is 1.80 m<\/p>\n<p>\u2022Made by Colombian artisans.<\/p>\n<p>\u2022<strong>Warranty:<\/strong> 30 days for manufacturing defects.<\/p>\n<p>\u2022<strong>Returns:<\/strong> The customer has 2 business days after receiving the product to express the intention of exchange to Juana Gomez; the product must not show signs of apparent use and must retain its original packaging, the customer must bear the shipping costs.<\/p>","protected":false},"excerpt":{"rendered":"<p>\u2022ENV\u00cdO: 2 a 3 D\u00cdAS H\u00c1BILES Nuestro Fondo est\u00e1 dise\u00f1ado especialmente para el Top Constelaci\u00f3n y el Top Querube, te ayudar\u00e1 a sentirte m\u00e1s c\u00f3moda si no eres de transparencias.. \u2022Instrucciones de lavado: Lavar a mano, No secadora. \u2022Uso: Sary nuestra modelo mide 1,80 mt. \u2022Garant\u00eda: 30 d\u00edas por defectos [&hellip;]<\/p>\n","protected":false},"featured_media":8387,"template":"","meta":[],"product_brand":[],"product_cat":[111,174,120],"product_tag":[],"class_list":{"0":"post-7972","1":"product","2":"type-product","3":"status-publish","4":"has-post-thumbnail","6":"product_cat-colecciones","7":"product_cat-color-sol","8":"product_cat-tops","10":"first","11":"instock","12":"taxable","13":"shipping-taxable","14":"purchasable","15":"product-type-simple"},"_links":{"self":[{"href":"https:\/\/juanagomezofficial.com\/en\/wp-json\/wp\/v2\/product\/7972","targetHints":{"allow":["GET"]}}],"collection":[{"href":"https:\/\/juanagomezofficial.com\/en\/wp-json\/wp\/v2\/product"}],"about":[{"href":"https:\/\/juanagomezofficial.com\/en\/wp-json\/wp\/v2\/types\/product"}],"wp:featuredmedia":[{"embeddable":true,"href":"https:\/\/juanagomezofficial.com\/en\/wp-json\/wp\/v2\/media\/8387"}],"wp:attachment":[{"href":"https:\/\/juanagomezofficial.com\/en\/wp-json\/wp\/v2\/media?parent=7972"}],"wp:term":[{"taxonomy":"product_brand","embeddable":true,"href":"https:\/\/juanagomezofficial.com\/en\/wp-json\/wp\/v2\/product_brand?post=7972"},{"taxonomy":"product_cat","embeddable":true,"href":"https:\/\/juanagomezofficial.com\/en\/wp-json\/wp\/v2\/product_cat?post=7972"},{"taxonomy":"product_tag","embeddable":true,"href":"https:\/\/juanagomezofficial.com\/en\/wp-json\/wp\/v2\/product_tag?post=7972"}],"curies":[{"name":"wp","href":"https:\/\/api.w.org\/{rel}","templated":true}]}}