{"id":7964,"date":"2023-10-28T18:46:50","date_gmt":"2023-10-28T23:46:50","guid":{"rendered":"https:\/\/juanagomezofficial.com\/?post_type=product&#038;p=7964"},"modified":"2026-03-10T12:22:21","modified_gmt":"2026-03-10T17:22:21","slug":"pantalon-riverso-negro","status":"publish","type":"product","link":"https:\/\/juanagomezofficial.com\/en\/product\/pantalon-riverso-negro\/","title":{"rendered":"Pantal\u00f3n Riverso Negro"},"content":{"rendered":"<p><strong>\u2022ENV\u00cdO: 2 a 3 D\u00cdAS H\u00c1BILES<\/strong><\/p>\n<p><em>\u00abEres un Verso en riversa un Riverso\u00bb<\/em><\/p>\n<p>Nuestro Pantal\u00f3n Riverso tejido en t\u00e9cnica manual con puntada de corazones encontrados, su Fit es al cuerpo de tiro alto y bota acampanada con abertura en laterales y detalle realizado a mano en t\u00e9cnica de crochet, su cintura es el\u00e1stica para brindarte mayor ajuste y comodidad. \u00dasalo con el\u00a0 <a href=\"https:\/\/juanagomezofficial.com\/en\/product\/saco-verso-negro-corto\/\" target=\"_blank\" rel=\"noopener\">SACO VERSO NEGRO<\/a><\/p>\n<p><strong>\u2022Composici\u00f3n:<\/strong> 25% Algod\u00f3n Pima \u2013 75% Acr\u00edlico<\/p>\n<p><strong>\u2022Instrucciones de lavado:<\/strong> Lavar a mano, Prenda delicada, Almacenar doblado, no colgar.<\/p>\n<p><strong>\u2022Uso:<\/strong> Sary nuestra modelo mide 1,80 mt. y esta usando la talla S<\/p>\n<p><strong>\u2022Garant\u00eda:<\/strong> 30 d\u00edas por defectos de fabricaci\u00f3n.<\/p>\n<p>\u2022El cliente tiene 2 d\u00edas h\u00e1biles despu\u00e9s de recibir el producto para notificar novedades en su compra y\/o para manifestar la intenci\u00f3n de cambio a Juana G\u00f3mez; el producto no debe presentar signos de uso aparente y debe conservar su embalaje original, el cliente deber\u00e1 correr con los gastos de env\u00edo. |en| Shipping: 4-7 working days.<\/p>\n<p>Our Riverso Pants are woven using a manual technique with heart-shaped stitching. They have a high-waisted, flared fit with side slits and handmade crochet details. The elastic waist provides extra adjustment and comfort. Pair them with the <a href=\"https:\/\/juanagomezofficial.com\/en\/product\/saco-verso-negro-corto\/\" target=\"_blank\" rel=\"noopener\">Black Verso Sweater<\/a><\/p>\n<p><strong>\u2022Washing instructions:<\/strong> Hand Wash, Delicate Garment, Store Folded, do not hang.<\/p>\n<p><strong>\u2022Composition:<\/strong> 25% Pima Cotton &#8211; 75% Acrylic<\/p>\n<p><strong>\u2022Wearing:<\/strong> The model is 1.80 m wearing size S<\/p>\n<p>\u2022Made by Colombian artisans.<\/p>\n<p>The model is also styled with:\u00a0<a href=\"https:\/\/juanagomezofficial.com\/en\/product\/saco-verso-negro-corto\/\" target=\"_blank\" rel=\"noopener\">VERSO SWEATER &#8211; BLACK<\/a><\/p>\n<p>\u2022<strong>Warranty:<\/strong> 30 days for manufacturing defects.<\/p>\n<p><strong>\u2022Returns:<\/strong> The customer has 2 business days after receiving the product to express the intention of exchange to Juana Gomez; the product must not show signs of apparent use and must retain its original packaging, the customer must bear the shipping costs.<\/p>","protected":false},"excerpt":{"rendered":"<p>\u2022ENV\u00cdO: 2 a 3 D\u00cdAS H\u00c1BILES \u00abEres un Verso en riversa un Riverso\u00bb Nuestro Pantal\u00f3n Riverso tejido en t\u00e9cnica manual con puntada de corazones encontrados, su Fit es al cuerpo de tiro alto y bota acampanada con abertura en laterales y detalle realizado a mano en t\u00e9cnica de crochet, su [&hellip;]<\/p>","protected":false},"featured_media":8410,"template":"","meta":[],"product_brand":[],"product_cat":[174,117,111],"product_tag":[],"class_list":{"0":"post-7964","1":"product","2":"type-product","3":"status-publish","4":"has-post-thumbnail","6":"product_cat-color-sol","7":"product_cat-pantalones","8":"product_cat-colecciones","10":"first","11":"instock","12":"taxable","13":"shipping-taxable","14":"purchasable","15":"product-type-variable"},"_links":{"self":[{"href":"https:\/\/juanagomezofficial.com\/en\/wp-json\/wp\/v2\/product\/7964","targetHints":{"allow":["GET"]}}],"collection":[{"href":"https:\/\/juanagomezofficial.com\/en\/wp-json\/wp\/v2\/product"}],"about":[{"href":"https:\/\/juanagomezofficial.com\/en\/wp-json\/wp\/v2\/types\/product"}],"wp:featuredmedia":[{"embeddable":true,"href":"https:\/\/juanagomezofficial.com\/en\/wp-json\/wp\/v2\/media\/8410"}],"wp:attachment":[{"href":"https:\/\/juanagomezofficial.com\/en\/wp-json\/wp\/v2\/media?parent=7964"}],"wp:term":[{"taxonomy":"product_brand","embeddable":true,"href":"https:\/\/juanagomezofficial.com\/en\/wp-json\/wp\/v2\/product_brand?post=7964"},{"taxonomy":"product_cat","embeddable":true,"href":"https:\/\/juanagomezofficial.com\/en\/wp-json\/wp\/v2\/product_cat?post=7964"},{"taxonomy":"product_tag","embeddable":true,"href":"https:\/\/juanagomezofficial.com\/en\/wp-json\/wp\/v2\/product_tag?post=7964"}],"curies":[{"name":"wp","href":"https:\/\/api.w.org\/{rel}","templated":true}]}}