{"id":7781,"date":"2023-10-19T13:08:12","date_gmt":"2023-10-19T18:08:12","guid":{"rendered":"https:\/\/juanagomezofficial.com\/?post_type=product&#038;p=7781"},"modified":"2026-03-12T11:45:03","modified_gmt":"2026-03-12T16:45:03","slug":"mini-corazon-de-azucar-marfil","status":"publish","type":"product","link":"https:\/\/juanagomezofficial.com\/en\/product\/mini-corazon-de-azucar-marfil\/","title":{"rendered":"Mini Corazon de Az\u00facar Marfil &#8211; PRE ORDER"},"content":{"rendered":"<p><strong>\u2022ENV\u00cdO: 2 a 3 D\u00cdAS H\u00c1BILES (TALLA 2)<br \/>\n\u2022ENV\u00cdO: 8 D\u00cdAS H\u00c1BILES (TALLA 4, TALLA 6, TALLA 8)<br \/>\n<\/strong><\/p>\n<p>Eli nuestra modelo mide 81cm y est\u00e1 usando la Talla 2.<\/p>\n<p>Nuestro Mini Saco Coraz\u00f3n de Az\u00facar es tejido en m\u00e1quina manual, cada coraz\u00f3n, acabados en mangas y pretina son hechos por artesanas colombianas a mano y sus botones son de coco.<br \/>\nEs una pieza tejida en un material m\u00e1s fresco y suave para tu mini tu.<\/p>\n<p>\u00bfQue esperas para crear los m\u00e1s divertidos recuerdos?<\/p>\n<p>Todas nuestras prendas incluyen un pin de coraz\u00f3n<\/p>\n<p>\u2022Hecho por artesanas colombianas<\/p>\n<p>\u2022Composici\u00f3n: 25% Algod\u00f3n y 75% Acr\u00edlico<\/p>\n<p>\u2022Cuidados:<\/p>\n<p>\u2022No lavado en seco<\/p>\n<p>\u2022NO SECADORA<\/p>\n<p>\u2022No blanqueador<\/p>\n<p>\u2022Secar extendido a la sombra en superficie plana<\/p>\n<p>\u2022Almacenar doblado, no colgar<\/p>\n<p>\u2022Planchar a temperatura baja-media (no mayor a 100\u00b0C) \u2022Devoluciones: El cliente tiene 2 d\u00edas h\u00e1biles despu\u00e9s de recibir el producto para notificar novedades en su compra y\/o manifestar la intenci\u00f3n de cambio a Juana G\u00f3mez; el producto no debe presentar se\u00f1ales de uso aparente y debe conservar su pin y empaque original. El cliente asume los costos de env\u00edo.|en| Shipping: 4-7 working days<\/p>\n<p>Create an amazing match with your child, that&#8217;s why we present you our&#8230;SWEATER MINI!<\/p>\n<p>Our Mini Coraz\u00f3n de Az\u00facar Sweater is woven on a manual machine, each heart, cuffs and waistband finishes are made by hand by Colombian artisans and its fiber is fresh and warm and its buttons are made of coconut.<\/p>\n<p>What are you waiting for to create the funniest memories?<\/p>\n<p>All our garments include a heart pin<\/p>\n<p>\u2022Material: 25% Pima Cotton 75% Acrylic Wool<\/p>\n<p>\u2022Country of Manufacture: Colombia<\/p>\n<p>\u2022Care:<\/p>\n<p>\u2022Not dry clean<\/p>\n<p>\u2022NO TUMBLE DRYER<\/p>\n<p>\u2022No bleach<\/p>\n<p>\u2022Dry spread in the shade on a flat surface<\/p>\n<p>\u2022Store folded, do not hang<\/p>\n<p>\u2022Iron at low-medium temperature (no higher than 100 \u00b0C)<\/p>","protected":false},"excerpt":{"rendered":"<p>\u2022ENV\u00cdO: 2 a 3 D\u00cdAS H\u00c1BILES (TALLA 2) \u2022ENV\u00cdO: 8 D\u00cdAS H\u00c1BILES (TALLA 4, TALLA 6, TALLA 8) Eli nuestra modelo mide 81cm y est\u00e1 usando la Talla 2. Nuestro Mini Saco Coraz\u00f3n de Az\u00facar es tejido en m\u00e1quina manual, cada coraz\u00f3n, acabados en mangas y pretina son hechos por [&hellip;]<\/p>","protected":false},"featured_media":7746,"template":"","meta":[],"product_brand":[],"product_cat":[173,172,125,134,111],"product_tag":[],"class_list":{"0":"post-7781","1":"product","2":"type-product","3":"status-publish","4":"has-post-thumbnail","6":"product_cat-corazon-de-azucar","7":"product_cat-ver-todo-kids","8":"product_cat-kids","9":"product_cat-mini-sacos","10":"product_cat-colecciones","12":"first","13":"outofstock","14":"taxable","15":"shipping-taxable","16":"purchasable","17":"product-type-variable"},"_links":{"self":[{"href":"https:\/\/juanagomezofficial.com\/en\/wp-json\/wp\/v2\/product\/7781","targetHints":{"allow":["GET"]}}],"collection":[{"href":"https:\/\/juanagomezofficial.com\/en\/wp-json\/wp\/v2\/product"}],"about":[{"href":"https:\/\/juanagomezofficial.com\/en\/wp-json\/wp\/v2\/types\/product"}],"wp:featuredmedia":[{"embeddable":true,"href":"https:\/\/juanagomezofficial.com\/en\/wp-json\/wp\/v2\/media\/7746"}],"wp:attachment":[{"href":"https:\/\/juanagomezofficial.com\/en\/wp-json\/wp\/v2\/media?parent=7781"}],"wp:term":[{"taxonomy":"product_brand","embeddable":true,"href":"https:\/\/juanagomezofficial.com\/en\/wp-json\/wp\/v2\/product_brand?post=7781"},{"taxonomy":"product_cat","embeddable":true,"href":"https:\/\/juanagomezofficial.com\/en\/wp-json\/wp\/v2\/product_cat?post=7781"},{"taxonomy":"product_tag","embeddable":true,"href":"https:\/\/juanagomezofficial.com\/en\/wp-json\/wp\/v2\/product_tag?post=7781"}],"curies":[{"name":"wp","href":"https:\/\/api.w.org\/{rel}","templated":true}]}}