{"id":7518,"date":"2023-07-10T18:37:20","date_gmt":"2023-07-10T23:37:20","guid":{"rendered":"https:\/\/juanagomezofficial.com\/product\/poncho-cuore-menta\/"},"modified":"2025-01-22T21:40:24","modified_gmt":"2025-01-23T02:40:24","slug":"poncho-cuore-menta","status":"publish","type":"product","link":"https:\/\/juanagomezofficial.com\/en\/product\/poncho-cuore-menta\/","title":{"rendered":"Poncho Cuore Menta"},"content":{"rendered":"<p><strong>\u2022ENV\u00cdO: 2 a 3 D\u00cdAS H\u00c1BILES<\/strong><\/p>\n<p>Amar\u00e1s a tu Poncho Cuore, tanto como nosotros! Ahora en nuevas combinaciones<\/p>\n<p>Prenda en tejido de punto con nuestro dise\u00f1o ic\u00f3nico de corazones pixelados, cuenta con una modificaci\u00f3n que simula mangas para mayor comodidad en el uso diario.<\/p>\n<p>\u2022Material:\u00a0100% Lana Acr\u00edlica<\/p>\n<p>\u2022Pa\u00eds de fabricaci\u00f3n:\u00a0Colombia<\/p>\n<p>\u2022Cuidados:<\/p>\n<p>\u2022No lavado en seco<\/p>\n<p>\u2022No secadora<\/p>\n<p>\u2022No blanqueador<\/p>\n<p>\u2022Secar extendido a la sombra en superficie plana<\/p>\n<p>\u2022Almacenar doblado, no colgar<\/p>\n<p>\u2022Planchar a temperatura baja-media (no mayor a 100\u00b0C) |en| You will love your Cuore Poncho, as much as we do!<\/p>\n<p>\u2022Knit garment with our iconic pixelated heart design, featuring a sleeve-simulating modification for everyday comfort.<\/p>\n<p>\u2022Material: 100% Acrylic Wool<\/p>\n<p>\u2022Country of Manufacture: Colombia<\/p>\n<p>\u2022Care:<\/p>\n<p>\u2022Not dry clean<\/p>\n<p>\u2022No tumble dryer<\/p>\n<p>\u2022No bleach<\/p>\n<p>\u2022Dry spread in the shade on a flat surface<\/p>\n<p>\u2022Store folded, do not hang<\/p>\n<p>\u2022Iron at low-medium temperature (no higher than 100 \u00b0C)<\/p>","protected":false},"excerpt":{"rendered":"<p>\u2022ENV\u00cdO: 2 a 3 D\u00cdAS H\u00c1BILES Amar\u00e1s a tu Poncho Cuore, tanto como nosotros! Ahora en nuevas combinaciones Prenda en tejido de punto con nuestro dise\u00f1o ic\u00f3nico de corazones pixelados, cuenta con una modificaci\u00f3n que simula mangas para mayor comodidad en el uso diario. \u2022Material:\u00a0100% Lana Acr\u00edlica \u2022Pa\u00eds de fabricaci\u00f3n:\u00a0Colombia [&hellip;]<\/p>","protected":false},"featured_media":7545,"template":"","meta":[],"product_brand":[],"product_cat":[111,112,74],"product_tag":[],"class_list":{"0":"post-7518","1":"product","2":"type-product","3":"status-publish","4":"has-post-thumbnail","6":"product_cat-colecciones","7":"product_cat-cuore-amore","8":"product_cat-ponchos","10":"first","11":"instock","12":"taxable","13":"shipping-taxable","14":"purchasable","15":"product-type-simple"},"_links":{"self":[{"href":"https:\/\/juanagomezofficial.com\/en\/wp-json\/wp\/v2\/product\/7518","targetHints":{"allow":["GET"]}}],"collection":[{"href":"https:\/\/juanagomezofficial.com\/en\/wp-json\/wp\/v2\/product"}],"about":[{"href":"https:\/\/juanagomezofficial.com\/en\/wp-json\/wp\/v2\/types\/product"}],"wp:featuredmedia":[{"embeddable":true,"href":"https:\/\/juanagomezofficial.com\/en\/wp-json\/wp\/v2\/media\/7545"}],"wp:attachment":[{"href":"https:\/\/juanagomezofficial.com\/en\/wp-json\/wp\/v2\/media?parent=7518"}],"wp:term":[{"taxonomy":"product_brand","embeddable":true,"href":"https:\/\/juanagomezofficial.com\/en\/wp-json\/wp\/v2\/product_brand?post=7518"},{"taxonomy":"product_cat","embeddable":true,"href":"https:\/\/juanagomezofficial.com\/en\/wp-json\/wp\/v2\/product_cat?post=7518"},{"taxonomy":"product_tag","embeddable":true,"href":"https:\/\/juanagomezofficial.com\/en\/wp-json\/wp\/v2\/product_tag?post=7518"}],"curies":[{"name":"wp","href":"https:\/\/api.w.org\/{rel}","templated":true}]}}