{"id":7511,"date":"2023-07-10T18:37:19","date_gmt":"2023-07-10T23:37:19","guid":{"rendered":"https:\/\/juanagomezofficial.com\/?post_type=product&#038;p=7511"},"modified":"2026-03-10T10:30:28","modified_gmt":"2026-03-10T15:30:28","slug":"falda-cuore-fucsia","status":"publish","type":"product","link":"https:\/\/juanagomezofficial.com\/en\/product\/falda-cuore-fucsia\/","title":{"rendered":"Falda Cuore Fucsia"},"content":{"rendered":"<p><strong>ENVIO: 2 a 3 D\u00cdAS H\u00c1BILES<\/strong><\/p>\n<p>Nuestra Falda Cuore en tejido de punto con nuestro dise\u00f1o ic\u00f3nico de corazones pixelados.<\/p>\n<p>\u2022Estilo tubo, tiro alto, largo a media pierna (Largo aprox. 85cm) , aberturas laterales y caucho en cintura para mayor ajuste y comodidad!&#8230; cr\u00e9enos es realmente c\u00f3moda.<\/p>\n<p>\u2022Material: 100% Lana Acr\u00edlica<\/p>\n<p>\u2022Pa\u00eds de fabricaci\u00f3n: Colombia<\/p>\n<p>\u2022Cuidados:<\/p>\n<p>\u2022No lavado en seco<\/p>\n<p>\u2022No secadora<\/p>\n<p>\u2022No blanqueador<\/p>\n<p>\u2022Secar extendido a la sombra en superficie plana<\/p>\n<p>\u2022Almacenar doblado, no colgar<\/p>\n<p>\u2022Planchar a temperatura baja-media (no mayor a 100\u00b0C)<\/p>\n<p>*La ubicaci\u00f3n de los corazones puede variar en cada pieza. |en| Our Cuore Skirt in knit fabric with our iconic pixel heart design.<\/p>\n<p>\u2022Tube style, high rise, mid-length (Length approx. 85cm), side slits and rubber at the waist for a better fit and comfort! &#8230; trust us, it&#8217;s really comfortable.<\/p>\n<p>\u2022Material: 100% Acrylic Wool<\/p>\n<p>\u2022Country of Manufacture: Colombia<\/p>\n<p>\u2022Care:<\/p>\n<p>\u2022Not dry clean<\/p>\n<p>\u2022No tumble dryer<\/p>\n<p>\u2022No bleach<\/p>\n<p>\u2022Dry spread in the shade on a flat surface<\/p>\n<p>\u2022Store folded, do not hang<\/p>\n<p>\u2022Iron at low-medium temperature (no higher than 100 \u00b0C)<\/p>\n<p>* The location of the hearts may vary in each piece.<\/p>","protected":false},"excerpt":{"rendered":"<p>ENVIO: 2 a 3 D\u00cdAS H\u00c1BILES Nuestra Falda Cuore en tejido de punto con nuestro dise\u00f1o ic\u00f3nico de corazones pixelados. \u2022Estilo tubo, tiro alto, largo a media pierna (Largo aprox. 85cm) , aberturas laterales y caucho en cintura para mayor ajuste y comodidad!&#8230; cr\u00e9enos es realmente c\u00f3moda. \u2022Material: 100% Lana [&hellip;]<\/p>","protected":false},"featured_media":7491,"template":"","meta":[],"product_brand":[],"product_cat":[111,112,75],"product_tag":[],"class_list":{"0":"post-7511","1":"product","2":"type-product","3":"status-publish","4":"has-post-thumbnail","6":"product_cat-colecciones","7":"product_cat-cuore-amore","8":"product_cat-faldas","10":"first","11":"instock","12":"taxable","13":"shipping-taxable","14":"purchasable","15":"product-type-variable"},"_links":{"self":[{"href":"https:\/\/juanagomezofficial.com\/en\/wp-json\/wp\/v2\/product\/7511","targetHints":{"allow":["GET"]}}],"collection":[{"href":"https:\/\/juanagomezofficial.com\/en\/wp-json\/wp\/v2\/product"}],"about":[{"href":"https:\/\/juanagomezofficial.com\/en\/wp-json\/wp\/v2\/types\/product"}],"wp:featuredmedia":[{"embeddable":true,"href":"https:\/\/juanagomezofficial.com\/en\/wp-json\/wp\/v2\/media\/7491"}],"wp:attachment":[{"href":"https:\/\/juanagomezofficial.com\/en\/wp-json\/wp\/v2\/media?parent=7511"}],"wp:term":[{"taxonomy":"product_brand","embeddable":true,"href":"https:\/\/juanagomezofficial.com\/en\/wp-json\/wp\/v2\/product_brand?post=7511"},{"taxonomy":"product_cat","embeddable":true,"href":"https:\/\/juanagomezofficial.com\/en\/wp-json\/wp\/v2\/product_cat?post=7511"},{"taxonomy":"product_tag","embeddable":true,"href":"https:\/\/juanagomezofficial.com\/en\/wp-json\/wp\/v2\/product_tag?post=7511"}],"curies":[{"name":"wp","href":"https:\/\/api.w.org\/{rel}","templated":true}]}}