{"id":7108,"date":"2022-12-21T23:16:55","date_gmt":"2022-12-22T04:16:55","guid":{"rendered":"https:\/\/juanagomezofficial.com\/product\/poncho-cuorebeat-negro\/"},"modified":"2025-01-22T22:15:19","modified_gmt":"2025-01-23T03:15:19","slug":"poncho-cuorebeat-negro","status":"publish","type":"product","link":"https:\/\/juanagomezofficial.com\/en\/product\/poncho-cuorebeat-negro\/","title":{"rendered":"Poncho CuoreBeat Negro"},"content":{"rendered":"<p><strong>Env\u00edo: 2 a 3 d\u00edas h\u00e1biles<\/strong><\/p>\n<p>Amar\u00e1s a tu Poncho CuoreBeat, tanto como nosotros!<br \/>\nPrenda en tejido de punto inspirada en nuestro coraz\u00f3n ic\u00f3nico pixelado + animal print.<\/p>\n<p>La prenda cuenta con una modificaci\u00f3n que simula mangas para mayor comodidad en el uso diario.<\/p>\n<p>\u2022Pa\u00eds de fabricaci\u00f3n: Colombia<\/p>\n<p>\u2022Cuidados:<\/p>\n<p>\u2022No lavado en seco<\/p>\n<p>\u2022No secadora<\/p>\n<p>\u2022No blanqueador<\/p>\n<p>\u2022Secar extendido a la sombra en superficie plana<\/p>\n<p>\u2022Almacenar doblado, no colgar<\/p>\n<p>\u2022Planchar a temperatura baja-media (no mayor a 100\u00b0C) |en|<\/p>\n<p>You will love your Poncho CuoreBeat, as much as we do! \\n\\n\u00ac Knit garment with our iconic pixelated heart design + animal print,Featuring a sleeve-simulating modification for everyday comfort.<\/p>\n<p>\u2022Material: 100% Acrylic Wool<\/p>\n<p>\u2022Country of Manufacture: Colombia<\/p>\n<p>\u2022Care:<\/p>\n<p>\u2022Not dry clean<\/p>\n<p>\u2022No tumble dryer<\/p>\n<p>\u2022No bleach<\/p>\n<p>\u2022Dry spread in the shade on a flat surface<\/p>\n<p>\u2022Store folded, do not hang<\/p>\n<p>\u2022Iron at low-medium temperature (no higher than 100 \u00b0C)<\/p>","protected":false},"excerpt":{"rendered":"<p>Env\u00edo: 2 a 3 d\u00edas h\u00e1biles Amar\u00e1s a tu Poncho CuoreBeat, tanto como nosotros! Prenda en tejido de punto inspirada en nuestro coraz\u00f3n ic\u00f3nico pixelado + animal print. La prenda cuenta con una modificaci\u00f3n que simula mangas para mayor comodidad en el uso diario. \u2022Pa\u00eds de fabricaci\u00f3n: Colombia \u2022Cuidados: \u2022No [&hellip;]<\/p>\n","protected":false},"featured_media":7094,"template":"","meta":[],"product_brand":[],"product_cat":[111,167,74],"product_tag":[],"class_list":{"0":"post-7108","1":"product","2":"type-product","3":"status-publish","4":"has-post-thumbnail","6":"product_cat-colecciones","7":"product_cat-cuore-beat","8":"product_cat-ponchos","10":"first","11":"instock","12":"taxable","13":"shipping-taxable","14":"purchasable","15":"product-type-simple"},"_links":{"self":[{"href":"https:\/\/juanagomezofficial.com\/en\/wp-json\/wp\/v2\/product\/7108","targetHints":{"allow":["GET"]}}],"collection":[{"href":"https:\/\/juanagomezofficial.com\/en\/wp-json\/wp\/v2\/product"}],"about":[{"href":"https:\/\/juanagomezofficial.com\/en\/wp-json\/wp\/v2\/types\/product"}],"wp:featuredmedia":[{"embeddable":true,"href":"https:\/\/juanagomezofficial.com\/en\/wp-json\/wp\/v2\/media\/7094"}],"wp:attachment":[{"href":"https:\/\/juanagomezofficial.com\/en\/wp-json\/wp\/v2\/media?parent=7108"}],"wp:term":[{"taxonomy":"product_brand","embeddable":true,"href":"https:\/\/juanagomezofficial.com\/en\/wp-json\/wp\/v2\/product_brand?post=7108"},{"taxonomy":"product_cat","embeddable":true,"href":"https:\/\/juanagomezofficial.com\/en\/wp-json\/wp\/v2\/product_cat?post=7108"},{"taxonomy":"product_tag","embeddable":true,"href":"https:\/\/juanagomezofficial.com\/en\/wp-json\/wp\/v2\/product_tag?post=7108"}],"curies":[{"name":"wp","href":"https:\/\/api.w.org\/{rel}","templated":true}]}}