{"id":6947,"date":"2022-11-26T17:37:35","date_gmt":"2022-11-26T22:37:35","guid":{"rendered":"https:\/\/juanagomezofficial.com\/?post_type=product&#038;p=6947"},"modified":"2026-03-13T11:10:27","modified_gmt":"2026-03-13T16:10:27","slug":"strap","status":"publish","type":"product","link":"https:\/\/juanagomezofficial.com\/en\/product\/strap\/","title":{"rendered":"Strap"},"content":{"rendered":"<p><span style=\"color: #ff0000;\"><strong>PRODUCTO EN PERFECTO ESTADO<\/strong><\/span><\/p>\n<p><span style=\"color: #ff0000;\"><strong>*PRODUCTOS EN SALE, NO TIENEN CAMBIO NI DEVOLUCI\u00d3N.<\/strong><\/span><\/p>\n<p><strong>\u2022ENV\u00cdO: 2 A 3 D\u00cdAS H\u00c1BILES<\/strong><\/p>\n<p>Correa tejida ajustable para tu Cuore Bag con terminaciones en cuero y puntas met\u00e1licas doradas.<\/p>\n<p>\u2022Material: 50% Lana Acrilica, 50% Poli\u00e9ster.<\/p>\n<p>\u2022Hecho en Colombia, pieza realizada 100% por manos artesanas.<\/p>\n<p>\u2022Medidas:<\/p>\n<p>\u2022Ancho: 5cm<\/p>\n<p>\u2022Largo total:130cm<\/p>\n<p>\u2022Cuidados:<\/p>\n<p>\u2022Producto delicado, para limpiarlo recomendamos hacerlo con pa\u00f1o suave h\u00famedo.<\/p>\n<p>\u2022Devoluciones: El cliente tiene 2 d\u00edas h\u00e1biles despu\u00e9s de recibir el producto para manifestar la intenci\u00f3n de cambio a Juana G\u00f3mez; el producto no debe presentar se\u00f1ales de uso aparente y debe conservar su pin y empaque original. El cliente asume los costos de env\u00edo.<\/p>\n<p>|en|<\/p>\n<p>\u2022Shipping:5 to 8 business days.<\/p>\n<p>Adjustable knit strap for your Cuore Bag with leather trim and gold metal tips.<\/p>\n<p>\u2022Material: 50% Acrylic Wool \u2013 50% Polyester<br \/>\n\u2022Handcrafted in Colombia<\/p>\n<p>\u2022Measurements:<\/p>\n<p>\u2022Width: 5cm \/ 1.9 in<\/p>\n<p>\u2022Total length: 130cm \/ 51.1 in<\/p>\n<p>\u2022Care: .<\/p>\n<p>\u2022You can clean it with a gently damp soft cloth and dry it quickly with a soft dry cloth.<\/p>\n<p>\u2022Warranty: 30 days for manufacturing defects.<\/p>\n<p>\u2022Returns: The customer has 2 business days after receiving the product to express the intention of exchange to Juana Gomez; the product must not show signs of apparent use and must retain it\u2019s original packaging, the customer must bear the shipping costs.<\/p>","protected":false},"excerpt":{"rendered":"<p>PRODUCTO EN PERFECTO ESTADO *PRODUCTOS EN SALE, NO TIENEN CAMBIO NI DEVOLUCI\u00d3N. \u2022ENV\u00cdO: 2 A 3 D\u00cdAS H\u00c1BILES Correa tejida ajustable para tu Cuore Bag con terminaciones en cuero y puntas met\u00e1licas doradas. \u2022Material: 50% Lana Acrilica, 50% Poli\u00e9ster. \u2022Hecho en Colombia, pieza realizada 100% por manos artesanas. \u2022Medidas: \u2022Ancho: [&hellip;]<\/p>\n","protected":false},"featured_media":6936,"template":"","meta":[],"product_brand":[],"product_cat":[78,168,180],"product_tag":[],"class_list":{"0":"post-6947","1":"product","2":"type-product","3":"status-publish","4":"has-post-thumbnail","6":"product_cat-accesorios","7":"product_cat-sale","8":"product_cat-ver-todo-accesorios","10":"first","11":"instock","12":"sale","13":"taxable","14":"shipping-taxable","15":"purchasable","16":"product-type-variable"},"_links":{"self":[{"href":"https:\/\/juanagomezofficial.com\/en\/wp-json\/wp\/v2\/product\/6947","targetHints":{"allow":["GET"]}}],"collection":[{"href":"https:\/\/juanagomezofficial.com\/en\/wp-json\/wp\/v2\/product"}],"about":[{"href":"https:\/\/juanagomezofficial.com\/en\/wp-json\/wp\/v2\/types\/product"}],"wp:featuredmedia":[{"embeddable":true,"href":"https:\/\/juanagomezofficial.com\/en\/wp-json\/wp\/v2\/media\/6936"}],"wp:attachment":[{"href":"https:\/\/juanagomezofficial.com\/en\/wp-json\/wp\/v2\/media?parent=6947"}],"wp:term":[{"taxonomy":"product_brand","embeddable":true,"href":"https:\/\/juanagomezofficial.com\/en\/wp-json\/wp\/v2\/product_brand?post=6947"},{"taxonomy":"product_cat","embeddable":true,"href":"https:\/\/juanagomezofficial.com\/en\/wp-json\/wp\/v2\/product_cat?post=6947"},{"taxonomy":"product_tag","embeddable":true,"href":"https:\/\/juanagomezofficial.com\/en\/wp-json\/wp\/v2\/product_tag?post=6947"}],"curies":[{"name":"wp","href":"https:\/\/api.w.org\/{rel}","templated":true}]}}