{"id":6900,"date":"2022-11-21T23:07:41","date_gmt":"2022-11-22T04:07:41","guid":{"rendered":"https:\/\/juanagomezofficial.com\/product\/cuore-notebook\/"},"modified":"2023-10-30T11:41:34","modified_gmt":"2023-10-30T16:41:34","slug":"cuore-notebook","status":"publish","type":"product","link":"https:\/\/juanagomezofficial.com\/en\/product\/cuore-notebook\/","title":{"rendered":"Cuore Notebook"},"content":{"rendered":"<p><strong>Env\u00edo: 2 a 3 d\u00edas h\u00e1biles<\/strong><\/p>\n<p>Hoja por hoja cosida a mano es el valor m\u00e1s grande de nuestra Cuore Notebook, ya que manos artesanas le dieron vida para acompa\u00f1arte en tu d\u00eda a d\u00eda.<\/p>\n<p>Su exterior forrado en cuero con corazones met\u00e1licos y hojas lisas.<\/p>\n<p>\u2022Medidas: 13cm X 18cm<\/p>\n<p>\u2022Material: Exterior:100% Cuero Vacuno<\/p>\n<p>\u2022Interior: Papel Ecol\u00f3gico Liso<\/p>\n<p>\u202270 Hojas<\/p>\n<p>\u2022Hecho a Mano en Colombia |en|<br \/>\n<strong>Shipping: 7-10 working days<\/strong><\/p>\n<p>Hand-stitched leaf by leaf is the most valuable of our Cuore Notebook.<\/p>\n<p>\u2022Material: 100% Cowhide Leather<\/p>\n<p>\u2022Measurements: 13cm X 18cm<\/p>\n<p>\u2022Handmade in Colombia<\/p>","protected":false},"excerpt":{"rendered":"<p>Env\u00edo: 2 a 3 d\u00edas h\u00e1biles Hoja por hoja cosida a mano es el valor m\u00e1s grande de nuestra Cuore Notebook, ya que manos artesanas le dieron vida para acompa\u00f1arte en tu d\u00eda a d\u00eda. Su exterior forrado en cuero con corazones met\u00e1licos y hojas lisas. \u2022Medidas: 13cm X 18cm [&hellip;]<\/p>","protected":false},"featured_media":6898,"template":"","meta":[],"product_brand":[],"product_cat":[180,78],"product_tag":[],"class_list":{"0":"post-6900","1":"product","2":"type-product","3":"status-publish","4":"has-post-thumbnail","6":"product_cat-ver-todo-accesorios","7":"product_cat-accesorios","9":"first","10":"outofstock","11":"taxable","12":"shipping-taxable","13":"purchasable","14":"product-type-simple"},"_links":{"self":[{"href":"https:\/\/juanagomezofficial.com\/en\/wp-json\/wp\/v2\/product\/6900","targetHints":{"allow":["GET"]}}],"collection":[{"href":"https:\/\/juanagomezofficial.com\/en\/wp-json\/wp\/v2\/product"}],"about":[{"href":"https:\/\/juanagomezofficial.com\/en\/wp-json\/wp\/v2\/types\/product"}],"wp:featuredmedia":[{"embeddable":true,"href":"https:\/\/juanagomezofficial.com\/en\/wp-json\/wp\/v2\/media\/6898"}],"wp:attachment":[{"href":"https:\/\/juanagomezofficial.com\/en\/wp-json\/wp\/v2\/media?parent=6900"}],"wp:term":[{"taxonomy":"product_brand","embeddable":true,"href":"https:\/\/juanagomezofficial.com\/en\/wp-json\/wp\/v2\/product_brand?post=6900"},{"taxonomy":"product_cat","embeddable":true,"href":"https:\/\/juanagomezofficial.com\/en\/wp-json\/wp\/v2\/product_cat?post=6900"},{"taxonomy":"product_tag","embeddable":true,"href":"https:\/\/juanagomezofficial.com\/en\/wp-json\/wp\/v2\/product_tag?post=6900"}],"curies":[{"name":"wp","href":"https:\/\/api.w.org\/{rel}","templated":true}]}}