{"id":6873,"date":"2022-11-14T22:54:03","date_gmt":"2022-11-15T03:54:03","guid":{"rendered":"https:\/\/juanagomezofficial.com\/?post_type=product&#038;p=6873"},"modified":"2026-03-10T11:46:40","modified_gmt":"2026-03-10T16:46:40","slug":"mono-medium","status":"publish","type":"product","link":"https:\/\/juanagomezofficial.com\/en\/product\/mono-medium\/","title":{"rendered":"Mo\u00f1o Medium"},"content":{"rendered":"<p><span style=\"color: #ff0000;\"><strong>*ACCESORIOS EN SALE, NO TIENEN CAMBIO NI DEVOLUCI\u00d3N.<\/strong><\/span><\/p>\n<p>Opci\u00f3n 1 &#8211; Manchas Fucsia<\/p>\n<p>Opci\u00f3n 2- Manchas Negro<\/p>\n<p>Opci\u00f3n 3- Rayas<\/p>\n<p><strong>\u2022ENV\u00cdO: 2 A 3 D\u00cdAS H\u00c1BILES<\/strong><\/p>\n<p>Mo\u00f1o mediano en tejido de punto con hebilla autom\u00e1tica met\u00e1lica, realmente pr\u00e1ctico y con mucho estilo. \u00bfCu\u00e1l color es tu favorito?<\/p>\n<p>*El print puede variar en cada pieza.<\/p>\n<p>\u2022Material: 50% Lana Acrilica, 50% Poli\u00e9ster.<\/p>\n<p>\u2022Hecho en Colombia, pieza realizada 100% por manos artesanas.<\/p>\n<p>\u2022Devoluciones: El cliente tiene 2 d\u00edas h\u00e1biles despu\u00e9s de recibir el producto para manifestar la intenci\u00f3n de cambio a Juana G\u00f3mez; el producto no debe presentar se\u00f1ales de uso aparente y debe conservar su empaque original. El cliente asume los costos de env\u00edo.<\/p>\n<p>|en|<\/p>\n<p>\u2022Shipping:5 to 8 business days.<\/p>\n<p>Medium Bow in knit fabric.<\/p>\n<p>*The print may vary in each piece.<\/p>\n<p>\u2022Material: 50% Acrylic Wool \u2013 50% Polyester<\/p>\n<p>\u2022Handcrafted in Colombia<\/p>\n<p>\u2022Returns: The customer has 2 business days after receiving the product to express the intention of exchange to Juana Gomez; the product must not show signs of apparent use and must retain it\u2019s original packaging, the customer must bear the shipping costs.<\/p>","protected":false},"excerpt":{"rendered":"<p>*ACCESORIOS EN SALE, NO TIENEN CAMBIO NI DEVOLUCI\u00d3N. Opci\u00f3n 1 &#8211; Manchas Fucsia Opci\u00f3n 2- Manchas Negro Opci\u00f3n 3- Rayas \u2022ENV\u00cdO: 2 A 3 D\u00cdAS H\u00c1BILES Mo\u00f1o mediano en tejido de punto con hebilla autom\u00e1tica met\u00e1lica, realmente pr\u00e1ctico y con mucho estilo. \u00bfCu\u00e1l color es tu favorito? *El print puede [&hellip;]<\/p>","protected":false},"featured_media":6851,"template":"","meta":[],"product_brand":[],"product_cat":[178,168,180,78],"product_tag":[],"class_list":{"0":"post-6873","1":"product","2":"type-product","3":"status-publish","4":"has-post-thumbnail","6":"product_cat-monos","7":"product_cat-sale","8":"product_cat-ver-todo-accesorios","9":"product_cat-accesorios","11":"first","12":"instock","13":"sale","14":"taxable","15":"shipping-taxable","16":"purchasable","17":"product-type-variable"},"_links":{"self":[{"href":"https:\/\/juanagomezofficial.com\/en\/wp-json\/wp\/v2\/product\/6873","targetHints":{"allow":["GET"]}}],"collection":[{"href":"https:\/\/juanagomezofficial.com\/en\/wp-json\/wp\/v2\/product"}],"about":[{"href":"https:\/\/juanagomezofficial.com\/en\/wp-json\/wp\/v2\/types\/product"}],"wp:featuredmedia":[{"embeddable":true,"href":"https:\/\/juanagomezofficial.com\/en\/wp-json\/wp\/v2\/media\/6851"}],"wp:attachment":[{"href":"https:\/\/juanagomezofficial.com\/en\/wp-json\/wp\/v2\/media?parent=6873"}],"wp:term":[{"taxonomy":"product_brand","embeddable":true,"href":"https:\/\/juanagomezofficial.com\/en\/wp-json\/wp\/v2\/product_brand?post=6873"},{"taxonomy":"product_cat","embeddable":true,"href":"https:\/\/juanagomezofficial.com\/en\/wp-json\/wp\/v2\/product_cat?post=6873"},{"taxonomy":"product_tag","embeddable":true,"href":"https:\/\/juanagomezofficial.com\/en\/wp-json\/wp\/v2\/product_tag?post=6873"}],"curies":[{"name":"wp","href":"https:\/\/api.w.org\/{rel}","templated":true}]}}