{"id":6872,"date":"2022-11-14T22:54:03","date_gmt":"2022-11-15T03:54:03","guid":{"rendered":"https:\/\/juanagomezofficial.com\/?post_type=product&#038;p=6872"},"modified":"2026-03-10T11:45:15","modified_gmt":"2026-03-10T16:45:15","slug":"set-mini-monos","status":"publish","type":"product","link":"https:\/\/juanagomezofficial.com\/en\/product\/set-mini-monos\/","title":{"rendered":"Set Mini Mo\u00f1os X4"},"content":{"rendered":"<p><span style=\"color: #ff0000;\"><strong>PIEZAS EN PERFECTO ESTADO<\/strong><\/span><\/p>\n<p><span style=\"color: #ff0000;\"><strong>IMPORTANTE: PIEZAS EN DESCUENTO NO TIENEN CAMBIO NI DEVOLUCI\u00d3N<\/strong><\/span><\/p>\n<p><strong>\u2022ENV\u00cdO: 2 A 3 D\u00cdAS H\u00c1BILES<\/strong><\/p>\n<p>Set de cuatro (4) Mini Mo\u00f1os en tejido. Tipo Corbat\u00edn viene con pinza y Mo\u00f1o Pomp\u00f3n con hebilla, tambi\u00e9n son perfectos para las princesitas del hogar. \u00bfCu\u00e1l color es tu favorito?<\/p>\n<p>*El print puede variar en cada pieza.<\/p>\n<p>\u2022Material: 50% Lana Acrilica, 50% Poli\u00e9ster.<\/p>\n<p>\u2022Hecho en Colombia, pieza realizada 100% por manos artesanas.<\/p>\n<p>\u2022Devoluciones: El cliente tiene 2 d\u00edas h\u00e1biles despu\u00e9s de recibir el producto para manifestar la intenci\u00f3n de cambio a Juana G\u00f3mez; el producto no debe presentar se\u00f1ales de uso aparente y empaque original. El cliente asume los costos de env\u00edo.<\/p>\n<p>|en|<\/p>\n<p>\u2022Shipping:5 to 8 business days.<\/p>\n<p>Set of four (4) Mini Bows in knit fabric.<\/p>\n<p>*The print may vary in each piece.<\/p>\n<p>\u2022Material: 50% Acrylic Wool \u2013 50% Polyester<\/p>\n<p>\u2022Handcrafted in Colombia<\/p>\n<p>\u2022Returns: The customer has 2 business days after receiving the product to express the intention of exchange to Juana Gomez; the product must not show signs of apparent use and must retain it\u2019s original packaging, the customer must bear the shipping costs.<\/p>","protected":false},"excerpt":{"rendered":"<p>PIEZAS EN PERFECTO ESTADO IMPORTANTE: PIEZAS EN DESCUENTO NO TIENEN CAMBIO NI DEVOLUCI\u00d3N \u2022ENV\u00cdO: 2 A 3 D\u00cdAS H\u00c1BILES Set de cuatro (4) Mini Mo\u00f1os en tejido. Tipo Corbat\u00edn viene con pinza y Mo\u00f1o Pomp\u00f3n con hebilla, tambi\u00e9n son perfectos para las princesitas del hogar. \u00bfCu\u00e1l color es tu favorito? [&hellip;]<\/p>\n","protected":false},"featured_media":6826,"template":"","meta":[],"product_brand":[],"product_cat":[78,125,178,168,180],"product_tag":[],"class_list":{"0":"post-6872","1":"product","2":"type-product","3":"status-publish","4":"has-post-thumbnail","6":"product_cat-accesorios","7":"product_cat-kids","8":"product_cat-monos","9":"product_cat-sale","10":"product_cat-ver-todo-accesorios","12":"first","13":"instock","14":"sale","15":"taxable","16":"shipping-taxable","17":"purchasable","18":"product-type-variable"},"_links":{"self":[{"href":"https:\/\/juanagomezofficial.com\/en\/wp-json\/wp\/v2\/product\/6872","targetHints":{"allow":["GET"]}}],"collection":[{"href":"https:\/\/juanagomezofficial.com\/en\/wp-json\/wp\/v2\/product"}],"about":[{"href":"https:\/\/juanagomezofficial.com\/en\/wp-json\/wp\/v2\/types\/product"}],"wp:featuredmedia":[{"embeddable":true,"href":"https:\/\/juanagomezofficial.com\/en\/wp-json\/wp\/v2\/media\/6826"}],"wp:attachment":[{"href":"https:\/\/juanagomezofficial.com\/en\/wp-json\/wp\/v2\/media?parent=6872"}],"wp:term":[{"taxonomy":"product_brand","embeddable":true,"href":"https:\/\/juanagomezofficial.com\/en\/wp-json\/wp\/v2\/product_brand?post=6872"},{"taxonomy":"product_cat","embeddable":true,"href":"https:\/\/juanagomezofficial.com\/en\/wp-json\/wp\/v2\/product_cat?post=6872"},{"taxonomy":"product_tag","embeddable":true,"href":"https:\/\/juanagomezofficial.com\/en\/wp-json\/wp\/v2\/product_tag?post=6872"}],"curies":[{"name":"wp","href":"https:\/\/api.w.org\/{rel}","templated":true}]}}