{"id":6685,"date":"2022-10-21T00:09:38","date_gmt":"2022-10-21T05:09:38","guid":{"rendered":"https:\/\/juanagomezofficial.com\/?post_type=product&#038;p=6685"},"modified":"2026-04-15T08:12:55","modified_gmt":"2026-04-15T13:12:55","slug":"mini-poncho-alegria-mostaza","status":"publish","type":"product","link":"https:\/\/juanagomezofficial.com\/en\/product\/mini-poncho-alegria-mostaza\/","title":{"rendered":"Mini Poncho Alegr\u00eda Mostaza"},"content":{"rendered":"<p><strong>PRENDA EN PERFECTO ESTADO<\/strong><\/p>\n<p><strong>*PRENDAS EN SALE, NO TIENEN CAMBIO NI DEVOLUCI\u00d3N.<\/strong><\/p>\n<p><strong>Env\u00edo: 2 a 3 d\u00edas h\u00e1biles<\/strong><\/p>\n<p>Un mini t\u00fa espera tambi\u00e9n su poncho para hacer un incre\u00edble Match, por eso te presentamos a nuestro&#8230;<br \/>\nMINI PONCHO!<\/p>\n<p>Sabemos que tu peque es lo m\u00e1s importante, por eso queremos cuidarlo junto a ti con una prenda con capota, mangas, sistema de cierre con cintas (y pompones!!!). Los Mini Ponchos Talla 2 y Talla 4 son ponchos con el frente cerrado para mayor comodidad para los m\u00e1s peques, las dem\u00e1s tallas son ponchos abiertos.<\/p>\n<p>\u00bfQu\u00e9 esperas para crear los m\u00e1s divertidos recuerdos?<\/p>\n<p>Todas nuestras prendas incluyen un pin de coraz\u00f3n<\/p>\n<p>\u2022Pa\u00eds de fabricaci\u00f3n: Colombia<\/p>\n<p>\u2022Cuidados:<\/p>\n<p>\u2022No lavado en seco<\/p>\n<p>\u2022NO SECADORA<\/p>\n<p>\u2022No blanqueador<\/p>\n<p>\u2022Secar extendido a la sombra en superficie plana<\/p>\n<p>\u2022Almacenar doblado, no colgar<\/p>\n<p>\u2022Planchar a temperatura baja-media (no mayor a 100\u00b0C) |en|<\/p>\n<p><strong>Shipping: 7-10 working days<\/strong><\/p>\n<p>Create an amazing match with your child, that&#8217;s why we present you our&#8230;PONCHO MINI!<\/p>\n<p>We know your kid is what matters most so we want to take care of it with you with a clothing with a hood, sleeves, a closure system with ribbons (and pom-poms!!). 2 size and 4 size are Ponchos with a closed front for more comfort, the other sizes are open ponchos.<\/p>\n<p>What are you waiting for to create the funniest memories?<\/p>\n<p>All our garments include a heart pin<\/p>\n<p>\u2022Material: 100% Acrylic Wool<\/p>\n<p>\u2022Country of Manufacture: Colombia<\/p>\n<p>\u2022Care:<\/p>\n<p>\u2022Not dry clean<\/p>\n<p>\u2022NO TUMBLE DRYER<\/p>\n<p>\u2022No bleach<\/p>\n<p>\u2022Dry spread in the shade on a flat surface<\/p>\n<p>\u2022Store folded, do not hang<\/p>\n<p>\u2022Iron at low-medium temperature (no higher than 100 \u00b0C)<\/p>","protected":false},"excerpt":{"rendered":"<p>PRENDA EN PERFECTO ESTADO *PRENDAS EN SALE, NO TIENEN CAMBIO NI DEVOLUCI\u00d3N. Env\u00edo: 2 a 3 d\u00edas h\u00e1biles Un mini t\u00fa espera tambi\u00e9n su poncho para hacer un incre\u00edble Match, por eso te presentamos a nuestro&#8230; MINI PONCHO! Sabemos que tu peque es lo m\u00e1s importante, por eso queremos cuidarlo [&hellip;]<\/p>","protected":false},"featured_media":7772,"template":"","meta":[],"product_brand":[],"product_cat":[168,172,125,126],"product_tag":[],"class_list":{"0":"post-6685","1":"product","2":"type-product","3":"status-publish","4":"has-post-thumbnail","6":"product_cat-sale","7":"product_cat-ver-todo-kids","8":"product_cat-kids","9":"product_cat-mini-ponchos","11":"first","12":"instock","13":"taxable","14":"shipping-taxable","15":"purchasable","16":"product-type-variable"},"_links":{"self":[{"href":"https:\/\/juanagomezofficial.com\/en\/wp-json\/wp\/v2\/product\/6685","targetHints":{"allow":["GET"]}}],"collection":[{"href":"https:\/\/juanagomezofficial.com\/en\/wp-json\/wp\/v2\/product"}],"about":[{"href":"https:\/\/juanagomezofficial.com\/en\/wp-json\/wp\/v2\/types\/product"}],"wp:featuredmedia":[{"embeddable":true,"href":"https:\/\/juanagomezofficial.com\/en\/wp-json\/wp\/v2\/media\/7772"}],"wp:attachment":[{"href":"https:\/\/juanagomezofficial.com\/en\/wp-json\/wp\/v2\/media?parent=6685"}],"wp:term":[{"taxonomy":"product_brand","embeddable":true,"href":"https:\/\/juanagomezofficial.com\/en\/wp-json\/wp\/v2\/product_brand?post=6685"},{"taxonomy":"product_cat","embeddable":true,"href":"https:\/\/juanagomezofficial.com\/en\/wp-json\/wp\/v2\/product_cat?post=6685"},{"taxonomy":"product_tag","embeddable":true,"href":"https:\/\/juanagomezofficial.com\/en\/wp-json\/wp\/v2\/product_tag?post=6685"}],"curies":[{"name":"wp","href":"https:\/\/api.w.org\/{rel}","templated":true}]}}