{"id":6216,"date":"2022-08-31T17:57:21","date_gmt":"2022-08-31T22:57:21","guid":{"rendered":"https:\/\/juanagomezofficial.com\/?post_type=product&#038;p=6216"},"modified":"2025-07-19T13:33:56","modified_gmt":"2025-07-19T18:33:56","slug":"saco-alegre-rosa","status":"publish","type":"product","link":"https:\/\/juanagomezofficial.com\/en\/product\/saco-alegre-rosa\/","title":{"rendered":"Saco Alegre Rosa"},"content":{"rendered":"<p><strong><span style=\"color: #ff0000;\">PRENDA EN PERFECTO ESTADO<\/span><\/strong><\/p>\n<p><span style=\"color: #ff0000;\"><strong>*PRENDAS EN SALE, NO TIENEN CAMBIO NI DEVOLUCI\u00d3N.<\/strong><\/span><\/p>\n<p><strong>ENV\u00cdO: 2 a 3 D\u00cdAS H\u00c1BILES<\/strong><\/p>\n<p>En sus letras encontrar\u00e1s la \u201cFelicit\u00e0\u201d !<\/p>\n<p>Saco en tejido ligero con mangas bombachas, aberturas laterales con corte de escote delantero y espalda en V.<\/p>\n<p>Nuestro coraz\u00f3n siempre feliz de acompa\u00f1arte en un dije met\u00e1lico dorado en espalda.<\/p>\n<p>Vanessa, nuestra modelo esta usando la Talla S.<\/p>\n<p>(Las medidas de Vanessa son: Altura 174cm, Busto 80cm, Cintura 65cm, Cadera 90cm)<\/p>\n<p>\u2022Material: 50% Lana Acr\u00edlica \u2013 50% Hilo Poli\u00e9ster<\/p>\n<p>\u2022Pa\u00eds de fabricaci\u00f3n: Colombia, esta prenda es realizada en tejido industrial con acabados a mano.<\/p>\n<p>\u2022Cuidados:<\/p>\n<p>\u2022PRENDA DELICADA<\/p>\n<p>\u2022ALMACENAR DOBLADO, NO COLGAR<\/p>\n<p>\u2022No lavado en seco<\/p>\n<p>\u2022No secadora<\/p>\n<p>\u2022No blanqueador<\/p>\n<p>\u2022No dejar en Remojo<\/p>\n<p>\u2022Secar extendido a la sombra en superficie plana<\/p>\n<p>\u2022Planchar a temperatura baja-media (no mayor a 100\u00b0C)<\/p>\n<p>\u2022Devoluciones: El cliente tiene 2 d\u00edas h\u00e1biles despu\u00e9s de recibir el producto para manifestar la intenci\u00f3n de cambio a Juana G\u00f3mez; el producto no debe presentar se\u00f1ales de uso aparente y debe conservar su pin y empaque original. El cliente asume los costos de env\u00edo.<\/p>\n<p>|en| \u2022Shipping:5 to 8 business days.<\/p>\n<p>The model is wearing small size.<\/p>\n<p>The model&#8217;s height is 174 cm \/ bust 80 cm &#8211; 31.5 in \/ waist 65 cm &#8211; 25.5 in \/ hips 90 cm \u2013 35.4 in<\/p>\n<p>\u2022Material: 50% Acrylic Wool \u2013 50% Polyester<\/p>\n<p>\u2022Country of Manufacture: Colombia<\/p>\n<p>\u2022Care:<\/p>\n<p>\u2022DELICATE GARMENT<\/p>\n<p>\u2022STORE FOLDED, DO NOT HANG<\/p>\n<p>\u2022Not dry clean<\/p>\n<p>\u2022No tumble dryer<\/p>\n<p>\u2022No bleach<\/p>\n<p>\u2022No soak<\/p>\n<p>\u2022Dry spread in the shade on a flat surface<\/p>\n<p>\u2022Iron at low-medium temperature (no higher than 100 \u00b0C )<\/p>","protected":false},"excerpt":{"rendered":"<p>PRENDA EN PERFECTO ESTADO *PRENDAS EN SALE, NO TIENEN CAMBIO NI DEVOLUCI\u00d3N. ENV\u00cdO: 2 a 3 D\u00cdAS H\u00c1BILES En sus letras encontrar\u00e1s la \u201cFelicit\u00e0\u201d ! Saco en tejido ligero con mangas bombachas, aberturas laterales con corte de escote delantero y espalda en V. Nuestro coraz\u00f3n siempre feliz de acompa\u00f1arte en [&hellip;]<\/p>","protected":false},"featured_media":5883,"template":"","meta":[],"product_brand":[],"product_cat":[168,111,123,76],"product_tag":[],"class_list":{"0":"post-6216","1":"product","2":"type-product","3":"status-publish","4":"has-post-thumbnail","6":"product_cat-sale","7":"product_cat-colecciones","8":"product_cat-ventura","9":"product_cat-sacos","11":"first","12":"outofstock","13":"taxable","14":"shipping-taxable","15":"product-type-variable"},"_links":{"self":[{"href":"https:\/\/juanagomezofficial.com\/en\/wp-json\/wp\/v2\/product\/6216","targetHints":{"allow":["GET"]}}],"collection":[{"href":"https:\/\/juanagomezofficial.com\/en\/wp-json\/wp\/v2\/product"}],"about":[{"href":"https:\/\/juanagomezofficial.com\/en\/wp-json\/wp\/v2\/types\/product"}],"wp:featuredmedia":[{"embeddable":true,"href":"https:\/\/juanagomezofficial.com\/en\/wp-json\/wp\/v2\/media\/5883"}],"wp:attachment":[{"href":"https:\/\/juanagomezofficial.com\/en\/wp-json\/wp\/v2\/media?parent=6216"}],"wp:term":[{"taxonomy":"product_brand","embeddable":true,"href":"https:\/\/juanagomezofficial.com\/en\/wp-json\/wp\/v2\/product_brand?post=6216"},{"taxonomy":"product_cat","embeddable":true,"href":"https:\/\/juanagomezofficial.com\/en\/wp-json\/wp\/v2\/product_cat?post=6216"},{"taxonomy":"product_tag","embeddable":true,"href":"https:\/\/juanagomezofficial.com\/en\/wp-json\/wp\/v2\/product_tag?post=6216"}],"curies":[{"name":"wp","href":"https:\/\/api.w.org\/{rel}","templated":true}]}}