{"id":5733,"date":"2022-06-15T20:59:49","date_gmt":"2022-06-16T01:59:49","guid":{"rendered":"https:\/\/juanagomezofficial.com\/product\/poncho-paramo-fucsia\/"},"modified":"2026-03-07T17:04:31","modified_gmt":"2026-03-07T22:04:31","slug":"poncho-paramo-fucsia","status":"publish","type":"product","link":"https:\/\/juanagomezofficial.com\/en\/product\/poncho-paramo-fucsia\/","title":{"rendered":"Poncho P\u00e1ramo Marfil."},"content":{"rendered":"<p><strong>ENV\u00cdO: 2 A 3 D\u00cdAS H\u00c1BILES<\/strong><\/p>\n<p>Prenda colorida inspirada en uno de los ecosistemas m\u00e1s ricos de Colombia, vital para nuestra existencia y para la de muchas especies m\u00e1s.<br \/>\nTe invitamos a que exploremos y conozcamos juntos m\u00e1s de nuestro pa\u00eds en NATURA DROP<\/p>\n<p>La prenda cuenta con una modificaci\u00f3n que simula mangas para mayor comodidad en el uso diario.<\/p>\n<p>\u2022Pa\u00eds de fabricaci\u00f3n: Colombia<\/p>\n<p>\u2022Cuidados:<\/p>\n<p>\u2022No lavado en seco<\/p>\n<p>\u2022No secadora<\/p>\n<p>\u2022No blanqueador<\/p>\n<p>\u2022Secar extendido a la sombra en superficie plana<\/p>\n<p>\u2022Almacenar doblado, no colgar<\/p>\n<p>\u2022Planchar a temperatura baja-media (no mayor a 100\u00b0C) |en| Garment inspired by one of Colombia&#8217;s richest ecosystems, which is critical to our survival and the survival of many other species.<\/p>\n<p>We invite you to explore and learn more about our country together in NATURA DROP.<\/p>\n<p>Featuring a sleeve-simulating modification for everyday comfort.<\/p>\n<p>\u2022Material: 100% Acrylic Wool<\/p>\n<p>\u2022Country of Manufacture: Colombia<\/p>\n<p>\u2022Care:<\/p>\n<p>\u2022Not dry clean<\/p>\n<p>\u2022No tumble dryer<\/p>\n<p>\u2022No bleach<\/p>\n<p>\u2022Dry spread in the shade on a flat surface<\/p>\n<p>\u2022Store folded, do not hang<\/p>\n<p>\u2022Iron at low-medium temperature (no higher than 100 \u00b0C)<\/p>","protected":false},"excerpt":{"rendered":"<p>ENV\u00cdO: 2 A 3 D\u00cdAS H\u00c1BILES Prenda colorida inspirada en uno de los ecosistemas m\u00e1s ricos de Colombia, vital para nuestra existencia y para la de muchas especies m\u00e1s. Te invitamos a que exploremos y conozcamos juntos m\u00e1s de nuestro pa\u00eds en NATURA DROP La prenda cuenta con una modificaci\u00f3n [&hellip;]<\/p>\n","protected":false},"featured_media":6426,"template":"","meta":[],"product_brand":[],"product_cat":[114,74],"product_tag":[],"class_list":{"0":"post-5733","1":"product","2":"type-product","3":"status-publish","4":"has-post-thumbnail","6":"product_cat-natura-drop","7":"product_cat-ponchos","9":"first","10":"instock","11":"taxable","12":"shipping-taxable","13":"purchasable","14":"product-type-simple"},"_links":{"self":[{"href":"https:\/\/juanagomezofficial.com\/en\/wp-json\/wp\/v2\/product\/5733","targetHints":{"allow":["GET"]}}],"collection":[{"href":"https:\/\/juanagomezofficial.com\/en\/wp-json\/wp\/v2\/product"}],"about":[{"href":"https:\/\/juanagomezofficial.com\/en\/wp-json\/wp\/v2\/types\/product"}],"wp:featuredmedia":[{"embeddable":true,"href":"https:\/\/juanagomezofficial.com\/en\/wp-json\/wp\/v2\/media\/6426"}],"wp:attachment":[{"href":"https:\/\/juanagomezofficial.com\/en\/wp-json\/wp\/v2\/media?parent=5733"}],"wp:term":[{"taxonomy":"product_brand","embeddable":true,"href":"https:\/\/juanagomezofficial.com\/en\/wp-json\/wp\/v2\/product_brand?post=5733"},{"taxonomy":"product_cat","embeddable":true,"href":"https:\/\/juanagomezofficial.com\/en\/wp-json\/wp\/v2\/product_cat?post=5733"},{"taxonomy":"product_tag","embeddable":true,"href":"https:\/\/juanagomezofficial.com\/en\/wp-json\/wp\/v2\/product_tag?post=5733"}],"curies":[{"name":"wp","href":"https:\/\/api.w.org\/{rel}","templated":true}]}}