{"id":5633,"date":"2022-03-20T17:13:07","date_gmt":"2022-03-20T22:13:07","guid":{"rendered":"https:\/\/juanagomezofficial.com\/product\/maxiscarf-cuore-negro\/"},"modified":"2026-03-10T10:55:05","modified_gmt":"2026-03-10T15:55:05","slug":"maxiscarf-cuore-negro","status":"publish","type":"product","link":"https:\/\/juanagomezofficial.com\/en\/product\/maxiscarf-cuore-negro\/","title":{"rendered":"Maxiscarf Cuore Negro"},"content":{"rendered":"<p><strong>Env\u00edo: 2 a 3 d\u00edas h\u00e1biles<\/strong><\/p>\n<p>Es la prenda doble faz m\u00e1s vers\u00e1til que conocer\u00e1s!!!<br \/>\n\u2022Prenda en tejido de punto con nuestro dise\u00f1o ic\u00f3nico de corazones pixelados<\/p>\n<p>\u2022Material: 100% Lana Acr\u00edlica<\/p>\n<p>\u2022Pa\u00eds de fabricaci\u00f3n: Colombia<\/p>\n<p>\u2022Cuidados:<\/p>\n<p>\u2022No lavado en seco<\/p>\n<p>\u2022No secadora<\/p>\n<p>\u2022No blanqueador<\/p>\n<p>\u2022Secar extendido a la sombra en superficie plana<\/p>\n<p>\u2022Almacenar doblado, no colgar<\/p>\n<p>\u2022Planchar a temperatura baja-media (no mayor a 100\u00b0C) |en| Shipping: 7-10 working days<\/p>\n<p>It is the most versatile reversible unisex garment you will know!!!<\/p>\n<p>\u2022Material: 100% Acrylic Wool<\/p>\n<p>\u2022Country of Manufacture: Colombia<\/p>\n<p>\u2022Care:<\/p>\n<p>\u2022Not dry clean<\/p>\n<p>\u2022No tumble dryer<\/p>\n<p>\u2022No bleach<\/p>\n<p>\u2022Dry spread in the shade on a flat surface<\/p>\n<p>\u2022Store folded, do not hang<\/p>\n<p>\u2022Iron at low-medium temperature (no higher than 100 \u00b0C)<\/p>","protected":false},"excerpt":{"rendered":"<p>Env\u00edo: 2 a 3 d\u00edas h\u00e1biles Es la prenda doble faz m\u00e1s vers\u00e1til que conocer\u00e1s!!! \u2022Prenda en tejido de punto con nuestro dise\u00f1o ic\u00f3nico de corazones pixelados \u2022Material: 100% Lana Acr\u00edlica \u2022Pa\u00eds de fabricaci\u00f3n: Colombia \u2022Cuidados: \u2022No lavado en seco \u2022No secadora \u2022No blanqueador \u2022Secar extendido a la sombra en [&hellip;]<\/p>","protected":false},"featured_media":6373,"template":"","meta":[],"product_brand":[],"product_cat":[112,77],"product_tag":[],"class_list":{"0":"post-5633","1":"product","2":"type-product","3":"status-publish","4":"has-post-thumbnail","6":"product_cat-cuore-amore","7":"product_cat-maxiscarfs","9":"first","10":"instock","11":"taxable","12":"shipping-taxable","13":"purchasable","14":"product-type-simple"},"_links":{"self":[{"href":"https:\/\/juanagomezofficial.com\/en\/wp-json\/wp\/v2\/product\/5633","targetHints":{"allow":["GET"]}}],"collection":[{"href":"https:\/\/juanagomezofficial.com\/en\/wp-json\/wp\/v2\/product"}],"about":[{"href":"https:\/\/juanagomezofficial.com\/en\/wp-json\/wp\/v2\/types\/product"}],"wp:featuredmedia":[{"embeddable":true,"href":"https:\/\/juanagomezofficial.com\/en\/wp-json\/wp\/v2\/media\/6373"}],"wp:attachment":[{"href":"https:\/\/juanagomezofficial.com\/en\/wp-json\/wp\/v2\/media?parent=5633"}],"wp:term":[{"taxonomy":"product_brand","embeddable":true,"href":"https:\/\/juanagomezofficial.com\/en\/wp-json\/wp\/v2\/product_brand?post=5633"},{"taxonomy":"product_cat","embeddable":true,"href":"https:\/\/juanagomezofficial.com\/en\/wp-json\/wp\/v2\/product_cat?post=5633"},{"taxonomy":"product_tag","embeddable":true,"href":"https:\/\/juanagomezofficial.com\/en\/wp-json\/wp\/v2\/product_tag?post=5633"}],"curies":[{"name":"wp","href":"https:\/\/api.w.org\/{rel}","templated":true}]}}