{"id":5424,"date":"2022-01-19T20:20:06","date_gmt":"2022-01-20T01:20:06","guid":{"rendered":"https:\/\/juanagomezofficial.com\/product\/poncho-pop\/"},"modified":"2026-03-07T16:57:54","modified_gmt":"2026-03-07T21:57:54","slug":"poncho-pop","status":"publish","type":"product","link":"https:\/\/juanagomezofficial.com\/en\/product\/poncho-pop\/","title":{"rendered":"Poncho Pop"},"content":{"rendered":"<p><strong>Env\u00edo: 2 a 3 d\u00edas h\u00e1biles.<\/strong><\/p>\n<p>Pieza de nuestra colecci\u00f3n Felicidad, se apodera con todo color para acompa\u00f1arte.<\/p>\n<p>La prenda cuenta con una modificaci\u00f3n que simula mangas para mayor comodidad en el uso diario.<\/p>\n<p>\u2022Pa\u00eds de fabricaci\u00f3n: Colombia<\/p>\n<p>\u2022Cuidados:<\/p>\n<p>\u2022No lavado en seco<\/p>\n<p>\u2022No secadora<\/p>\n<p>\u2022No blanqueador<\/p>\n<p>\u2022Secar extendido a la sombra en superficie plana<\/p>\n<p>\u2022Almacenar doblado, no colgar<\/p>\n<p>\u2022Planchar a temperatura baja-media (no mayor a 100\u00b0C) |en| Our happiest ponchos!!!<\/p>\n<p>Featuring a sleeve-simulating modification for everyday comfort.<\/p>\n<p>\u2022Material: 100% Acrylic Wool<\/p>\n<p>\u2022Country of Manufacture: Colombia<\/p>\n<p>\u2022Care:<\/p>\n<p>\u2022Not dry clean<\/p>\n<p>\u2022No tumble dryer<\/p>\n<p>\u2022No bleach<\/p>\n<p>\u2022Dry spread in the shade on a flat surface<\/p>\n<p>\u2022Store folded, do not hang<\/p>\n<p>\u2022Iron at low-medium temperature (no higher than 100 \u00b0C)<\/p>","protected":false},"excerpt":{"rendered":"<p>Env\u00edo: 2 a 3 d\u00edas h\u00e1biles. Pieza de nuestra colecci\u00f3n Felicidad, se apodera con todo color para acompa\u00f1arte. La prenda cuenta con una modificaci\u00f3n que simula mangas para mayor comodidad en el uso diario. \u2022Pa\u00eds de fabricaci\u00f3n: Colombia \u2022Cuidados: \u2022No lavado en seco \u2022No secadora \u2022No blanqueador \u2022Secar extendido a [&hellip;]<\/p>\n","protected":false},"featured_media":6427,"template":"","meta":[],"product_brand":[],"product_cat":[111,118,74],"product_tag":[],"class_list":{"0":"post-5424","1":"product","2":"type-product","3":"status-publish","4":"has-post-thumbnail","6":"product_cat-colecciones","7":"product_cat-felicidad","8":"product_cat-ponchos","10":"first","11":"instock","12":"taxable","13":"shipping-taxable","14":"purchasable","15":"product-type-simple"},"_links":{"self":[{"href":"https:\/\/juanagomezofficial.com\/en\/wp-json\/wp\/v2\/product\/5424","targetHints":{"allow":["GET"]}}],"collection":[{"href":"https:\/\/juanagomezofficial.com\/en\/wp-json\/wp\/v2\/product"}],"about":[{"href":"https:\/\/juanagomezofficial.com\/en\/wp-json\/wp\/v2\/types\/product"}],"wp:featuredmedia":[{"embeddable":true,"href":"https:\/\/juanagomezofficial.com\/en\/wp-json\/wp\/v2\/media\/6427"}],"wp:attachment":[{"href":"https:\/\/juanagomezofficial.com\/en\/wp-json\/wp\/v2\/media?parent=5424"}],"wp:term":[{"taxonomy":"product_brand","embeddable":true,"href":"https:\/\/juanagomezofficial.com\/en\/wp-json\/wp\/v2\/product_brand?post=5424"},{"taxonomy":"product_cat","embeddable":true,"href":"https:\/\/juanagomezofficial.com\/en\/wp-json\/wp\/v2\/product_cat?post=5424"},{"taxonomy":"product_tag","embeddable":true,"href":"https:\/\/juanagomezofficial.com\/en\/wp-json\/wp\/v2\/product_tag?post=5424"}],"curies":[{"name":"wp","href":"https:\/\/api.w.org\/{rel}","templated":true}]}}