{"id":5386,"date":"2022-01-01T16:47:33","date_gmt":"2022-01-01T21:47:33","guid":{"rendered":"https:\/\/juanagomezofficial.com\/?post_type=product&#038;p=5386"},"modified":"2026-03-10T11:41:23","modified_gmt":"2026-03-10T16:41:23","slug":"cuore-sweater-negro","status":"publish","type":"product","link":"https:\/\/juanagomezofficial.com\/en\/product\/cuore-sweater-negro\/","title":{"rendered":"Saco Cuore Negro"},"content":{"rendered":"<p><strong>Env\u00edo: 2 a 3 d\u00edas h\u00e1biles.<\/strong><\/p>\n<p>Saco abierto tejido con nuestro dise\u00f1o ic\u00f3nico de corazones en material ahora m\u00e1s fresco y c\u00f3modo.<\/p>\n<p>\u2022Material: 25% Algod\u00f3n Pima &#8211; 75% Acrilico<\/p>\n<p>\u2022Pa\u00eds de fabricaci\u00f3n: Colombia<\/p>\n<p>\u2022Cuidados:<\/p>\n<p>\u2022No lavado en seco<\/p>\n<p>\u2022No secadora<\/p>\n<p>\u2022No blanqueador<\/p>\n<p>\u2022No dejar en Remojo<\/p>\n<p>\u2022Secar extendido a la sombra en superficie plana<\/p>\n<p>\u2022Almacenar doblado, no colgar<\/p>\n<p>\u2022Planchar a temperatura baja-media (no mayor a 100\u00b0C)<\/p>\n<p>|en|<\/p>\n<p>\u2022Material: 25% Pima Cotton &#8211; 75% Acrylic<\/p>\n<p>\u2022Country of Manufacture: Colombia<\/p>\n<p>\u2022Care:<\/p>\n<p>\u2022Not dry clean<\/p>\n<p>\u2022No tumble dryer<\/p>\n<p>\u2022No bleach<\/p>\n<p>\u2022No soak<\/p>\n<p>\u2022Dry spread in the shade on a flat surface<\/p>\n<p>\u2022Store folded, do not hang<\/p>\n<p>\u2022Iron at low-medium temperature (no higher than 100 \u00b0C)<\/p>","protected":false},"excerpt":{"rendered":"<p>Env\u00edo: 2 a 3 d\u00edas h\u00e1biles. Saco abierto tejido con nuestro dise\u00f1o ic\u00f3nico de corazones en material ahora m\u00e1s fresco y c\u00f3modo. \u2022Material: 25% Algod\u00f3n Pima &#8211; 75% Acrilico \u2022Pa\u00eds de fabricaci\u00f3n: Colombia \u2022Cuidados: \u2022No lavado en seco \u2022No secadora \u2022No blanqueador \u2022No dejar en Remojo \u2022Secar extendido a la [&hellip;]<\/p>\n","protected":false},"featured_media":7565,"template":"","meta":[],"product_brand":[],"product_cat":[111,112,76],"product_tag":[],"class_list":{"0":"post-5386","1":"product","2":"type-product","3":"status-publish","4":"has-post-thumbnail","6":"product_cat-colecciones","7":"product_cat-cuore-amore","8":"product_cat-sacos","10":"first","11":"instock","12":"taxable","13":"shipping-taxable","14":"purchasable","15":"product-type-variable"},"_links":{"self":[{"href":"https:\/\/juanagomezofficial.com\/en\/wp-json\/wp\/v2\/product\/5386","targetHints":{"allow":["GET"]}}],"collection":[{"href":"https:\/\/juanagomezofficial.com\/en\/wp-json\/wp\/v2\/product"}],"about":[{"href":"https:\/\/juanagomezofficial.com\/en\/wp-json\/wp\/v2\/types\/product"}],"wp:featuredmedia":[{"embeddable":true,"href":"https:\/\/juanagomezofficial.com\/en\/wp-json\/wp\/v2\/media\/7565"}],"wp:attachment":[{"href":"https:\/\/juanagomezofficial.com\/en\/wp-json\/wp\/v2\/media?parent=5386"}],"wp:term":[{"taxonomy":"product_brand","embeddable":true,"href":"https:\/\/juanagomezofficial.com\/en\/wp-json\/wp\/v2\/product_brand?post=5386"},{"taxonomy":"product_cat","embeddable":true,"href":"https:\/\/juanagomezofficial.com\/en\/wp-json\/wp\/v2\/product_cat?post=5386"},{"taxonomy":"product_tag","embeddable":true,"href":"https:\/\/juanagomezofficial.com\/en\/wp-json\/wp\/v2\/product_tag?post=5386"}],"curies":[{"name":"wp","href":"https:\/\/api.w.org\/{rel}","templated":true}]}}