{"id":5240,"date":"2021-12-12T00:02:58","date_gmt":"2021-12-12T05:02:58","guid":{"rendered":"https:\/\/juanagomezofficial.com\/product\/gift-card-300-000\/"},"modified":"2021-12-12T00:07:37","modified_gmt":"2021-12-12T05:07:37","slug":"gift-card-300-000","status":"publish","type":"product","link":"https:\/\/juanagomezofficial.com\/en\/product\/gift-card-300-000\/","title":{"rendered":"Gift Card $300.000"},"content":{"rendered":"<p>\u00a1Sabemos que todo es precioso y elegir toma su tiempo! Regala corazones a todo su gusto.<\/p>\n<p>Redimible en cualquier producto de nuestra tienda web.<\/p>\n<p>Enviaremos al correo registrado en tu compra copia de tu GIFT CARD y podr\u00e1s enviarnos el correo o n\u00famero de contacto de la persona a quien va dirigido y le enviaremos tu regalo (Cup\u00f3n \u00danico).<\/p>\n<p>Recuerda que podr\u00e1 ser redimido \u00fanicamente con el Cup\u00f3n + Correo indicado (este debe coincidir con el correo brindado de la persona a quien va dirigido el regalo).<\/p>\n<p>Cup\u00f3n v\u00e1lido por un (1) a\u00f1o.<\/p>","protected":false},"excerpt":{"rendered":"<p>\u00a1Sabemos que todo es precioso y elegir toma su tiempo! Regala corazones a todo su gusto. Redimible en cualquier producto de nuestra tienda web. Enviaremos al correo registrado en tu compra copia de tu GIFT CARD y podr\u00e1s enviarnos el correo o n\u00famero de contacto de la persona a quien [&hellip;]<\/p>","protected":false},"featured_media":5229,"template":"","meta":[],"product_brand":[],"product_cat":[115],"product_tag":[],"class_list":{"0":"post-5240","1":"product","2":"type-product","3":"status-publish","4":"has-post-thumbnail","6":"product_cat-gift-cards","8":"first","9":"instock","10":"virtual","11":"taxable","12":"purchasable","13":"product-type-simple"},"_links":{"self":[{"href":"https:\/\/juanagomezofficial.com\/en\/wp-json\/wp\/v2\/product\/5240","targetHints":{"allow":["GET"]}}],"collection":[{"href":"https:\/\/juanagomezofficial.com\/en\/wp-json\/wp\/v2\/product"}],"about":[{"href":"https:\/\/juanagomezofficial.com\/en\/wp-json\/wp\/v2\/types\/product"}],"wp:featuredmedia":[{"embeddable":true,"href":"https:\/\/juanagomezofficial.com\/en\/wp-json\/wp\/v2\/media\/5229"}],"wp:attachment":[{"href":"https:\/\/juanagomezofficial.com\/en\/wp-json\/wp\/v2\/media?parent=5240"}],"wp:term":[{"taxonomy":"product_brand","embeddable":true,"href":"https:\/\/juanagomezofficial.com\/en\/wp-json\/wp\/v2\/product_brand?post=5240"},{"taxonomy":"product_cat","embeddable":true,"href":"https:\/\/juanagomezofficial.com\/en\/wp-json\/wp\/v2\/product_cat?post=5240"},{"taxonomy":"product_tag","embeddable":true,"href":"https:\/\/juanagomezofficial.com\/en\/wp-json\/wp\/v2\/product_tag?post=5240"}],"curies":[{"name":"wp","href":"https:\/\/api.w.org\/{rel}","templated":true}]}}