{"id":5163,"date":"2021-11-24T20:03:04","date_gmt":"2021-11-25T01:03:04","guid":{"rendered":"https:\/\/juanagomezofficial.com\/?post_type=product&#038;p=5163"},"modified":"2026-03-11T14:46:01","modified_gmt":"2026-03-11T19:46:01","slug":"cuore-sweater-pre-orden","status":"publish","type":"product","link":"https:\/\/juanagomezofficial.com\/en\/product\/cuore-sweater-pre-orden\/","title":{"rendered":"Saco Cuore Rojo ."},"content":{"rendered":"<p><strong>Env\u00edo: 2 a 3 d\u00edas h\u00e1biles<\/strong><\/p>\n<p>Nuestra edici\u00f3n especial del 1\u00b0 Aniversario esperando por ti!!!<\/p>\n<p>Saco abierto tejido con nuestro dise\u00f1o ic\u00f3nico de corazones, botones met\u00e1licos y lo mejor extra c\u00f3modo.<\/p>\n<ul>\n<li>Material: 65% Lana Acr\u00edlica \u2013\u00a0 35% Algod\u00f3n<\/li>\n<li>Pa\u00eds de fabricaci\u00f3n: Colombia<\/li>\n<li>Cuidados:<\/li>\n<li>No lavado en seco<\/li>\n<li>No secadora<\/li>\n<li>No blanqueador<\/li>\n<li>No dejar en Remojo<\/li>\n<li>Secar extendido a la sombra en superficie plana<\/li>\n<li>Almacenar doblado, no colgar<\/li>\n<li>Planchar a temperatura baja-media (no mayor a 100\u00b0C)<\/li>\n<\/ul>\n<p>|en| Our special edition of the 1st Anniversary it&#8217;s ready for you !!!<\/p>\n<ul>\n<li>Material: 65% Acrylic Wool 35% Cotton<\/li>\n<li>Country of Manufacture: Colombia<\/li>\n<li>Care:<\/li>\n<li>Not dry clean<\/li>\n<li>No tumble dryer<\/li>\n<li>No bleach<\/li>\n<li>No soak<\/li>\n<li>Dry<\/li>\n<\/ul>","protected":false},"excerpt":{"rendered":"<p>Env\u00edo: 2 a 3 d\u00edas h\u00e1biles Nuestra edici\u00f3n especial del 1\u00b0 Aniversario esperando por ti!!! Saco abierto tejido con nuestro dise\u00f1o ic\u00f3nico de corazones, botones met\u00e1licos y lo mejor extra c\u00f3modo. Material: 65% Lana Acr\u00edlica \u2013\u00a0 35% Algod\u00f3n Pa\u00eds de fabricaci\u00f3n: Colombia Cuidados: No lavado en seco No secadora No [&hellip;]<\/p>\n","protected":false},"featured_media":6437,"template":"","meta":[],"product_brand":[],"product_cat":[111,112,76],"product_tag":[],"class_list":{"0":"post-5163","1":"product","2":"type-product","3":"status-publish","4":"has-post-thumbnail","6":"product_cat-colecciones","7":"product_cat-cuore-amore","8":"product_cat-sacos","10":"first","11":"instock","12":"sale","13":"taxable","14":"shipping-taxable","15":"purchasable","16":"product-type-simple"},"_links":{"self":[{"href":"https:\/\/juanagomezofficial.com\/en\/wp-json\/wp\/v2\/product\/5163","targetHints":{"allow":["GET"]}}],"collection":[{"href":"https:\/\/juanagomezofficial.com\/en\/wp-json\/wp\/v2\/product"}],"about":[{"href":"https:\/\/juanagomezofficial.com\/en\/wp-json\/wp\/v2\/types\/product"}],"wp:featuredmedia":[{"embeddable":true,"href":"https:\/\/juanagomezofficial.com\/en\/wp-json\/wp\/v2\/media\/6437"}],"wp:attachment":[{"href":"https:\/\/juanagomezofficial.com\/en\/wp-json\/wp\/v2\/media?parent=5163"}],"wp:term":[{"taxonomy":"product_brand","embeddable":true,"href":"https:\/\/juanagomezofficial.com\/en\/wp-json\/wp\/v2\/product_brand?post=5163"},{"taxonomy":"product_cat","embeddable":true,"href":"https:\/\/juanagomezofficial.com\/en\/wp-json\/wp\/v2\/product_cat?post=5163"},{"taxonomy":"product_tag","embeddable":true,"href":"https:\/\/juanagomezofficial.com\/en\/wp-json\/wp\/v2\/product_tag?post=5163"}],"curies":[{"name":"wp","href":"https:\/\/api.w.org\/{rel}","templated":true}]}}